{"id":77900,"date":"2025-05-27T19:34:48","date_gmt":"2025-05-27T17:34:48","guid":{"rendered":"https:\/\/fysiolab.dk\/skreddersydde-knestoetter\/"},"modified":"2025-10-13T12:31:00","modified_gmt":"2025-10-13T10:31:00","slug":"skreddersydde-knestoetter","status":"publish","type":"page","link":"https:\/\/fysiolab.dk\/no\/skreddersydde-knestoetter\/","title":{"rendered":"Skreddersydde knest\u00f8tter"},"content":{"rendered":"\t\t<div data-elementor-type=\"wp-page\" data-elementor-id=\"77900\" class=\"elementor elementor-77900 elementor-53307\" data-elementor-post-type=\"page\">\n\t\t\t\t<div class=\"elementor-element elementor-element-4879235b e-flex e-con-boxed e-con e-parent\" data-id=\"4879235b\" data-element_type=\"container\" data-e-type=\"container\">\n\t\t\t\t\t<div class=\"e-con-inner\">\n\t\t\t\t<div class=\"elementor-element elementor-element-27bae18f elementor-widget elementor-widget-text-editor\" data-id=\"27bae18f\" data-element_type=\"widget\" data-e-type=\"widget\" data-widget_type=\"text-editor.default\">\n\t\t\t\t<div class=\"elementor-widget-container\">\n\t\t\t\t\t\t\t\t\t<h1>Skreddersydde knest\u00f8tter<\/h1><p><strong>DonJoy<\/strong> gir oss muligheten til \u00e5 produsere en spesialtilpasset kneskinne, en kneskinne som garantert passer optimalt til ditt kne.<\/p><p>Fysioterapeuten vil vurdere hvilken kneskinne som er optimal for dine behov. Dette tar hensyn til skadens omfang, daglige og sportslige aktiviteter, og hvilken aktivitet du skal tilbake til. Dette kan v\u00e6re alt fra arbeid, fritidsaktiviteter og idrett p\u00e5 alle niv\u00e5er. N\u00e5r vi har kartlagt behovene dine, m\u00e5ler vi kneet ditt og sender m\u00e5lene til DonJoys ortopeder. De lager din personlige l\u00f8sning, og en uke senere har vi den ferdige skinnen p\u00e5 klinikken.    <\/p><p>Deretter s\u00f8rger vi for at du f\u00e5r god instruksjon i p\u00e5f\u00f8ring og bruk av skinnen. Den fysiske konsultasjonen koster 495,-. <\/p>\t\t\t\t\t\t\t\t<\/div>\n\t\t\t\t<\/div>\n\t\t\t\t<div class=\"elementor-element elementor-element-bf33baa elementor-arrows-position-outside elementor-widget elementor-widget-image-carousel\" data-id=\"bf33baa\" data-element_type=\"widget\" data-e-type=\"widget\" data-settings=\"{&quot;slides_to_show&quot;:&quot;4&quot;,&quot;navigation&quot;:&quot;arrows&quot;,&quot;autoplay_speed&quot;:2000,&quot;autoplay&quot;:&quot;yes&quot;,&quot;pause_on_hover&quot;:&quot;yes&quot;,&quot;pause_on_interaction&quot;:&quot;yes&quot;,&quot;infinite&quot;:&quot;yes&quot;,&quot;speed&quot;:500}\" data-widget_type=\"image-carousel.default\">\n\t\t\t\t<div class=\"elementor-widget-container\">\n\t\t\t\t\t\t\t<div class=\"elementor-image-carousel-wrapper swiper\" role=\"region\" aria-roledescription=\"carousel\" aria-label=\"Billedkarussel\" dir=\"ltr\">\n\t\t\t<div class=\"elementor-image-carousel swiper-wrapper\" aria-live=\"off\">\n\t\t\t\t\t\t\t\t<div class=\"swiper-slide\" role=\"group\" aria-roledescription=\"slide\" aria-label=\"1 av 6\"><figure class=\"swiper-slide-inner\"><img decoding=\"async\" class=\"swiper-slide-image\" src=\"https:\/\/fysiolab.dk\/wp-content\/uploads\/2025\/05\/OA-Roam-1200x865-1-1-300x216.webp\" alt=\"OA-Roam-1200x865-1\" title=\"\"><\/figure><\/div><div class=\"swiper-slide\" role=\"group\" aria-roledescription=\"slide\" aria-label=\"2 av 6\"><figure class=\"swiper-slide-inner\"><img decoding=\"async\" class=\"swiper-slide-image\" src=\"https:\/\/fysiolab.dk\/wp-content\/uploads\/2025\/05\/images-15.jpeg\" alt=\"bilder-15\" title=\"\"><\/figure><\/div><div class=\"swiper-slide\" role=\"group\" aria-roledescription=\"slide\" aria-label=\"3 av 6\"><figure class=\"swiper-slide-inner\"><img decoding=\"async\" class=\"swiper-slide-image\" src=\"https:\/\/fysiolab.dk\/wp-content\/uploads\/2025\/05\/Roam_OA__18511-300x300.jpg\" alt=\"Roam_OA__18511\" title=\"\"><\/figure><\/div><div class=\"swiper-slide\" role=\"group\" aria-roledescription=\"slide\" aria-label=\"4 av 6\"><figure class=\"swiper-slide-inner\"><img decoding=\"async\" class=\"swiper-slide-image\" src=\"https:\/\/fysiolab.dk\/wp-content\/uploads\/2025\/05\/ROAM-OA-6541.jpg-1-200x300.webp\" alt=\"ROAM-OA-6541.jpg\" title=\"\"><\/figure><\/div><div class=\"swiper-slide\" role=\"group\" aria-roledescription=\"slide\" aria-label=\"5 av 6\"><figure class=\"swiper-slide-inner\"><img decoding=\"async\" class=\"swiper-slide-image\" src=\"https:\/\/fysiolab.dk\/wp-content\/uploads\/2025\/05\/ROAM-OA-06991.jpg-1-300x284.webp\" alt=\"ROAM-OA-06991.jpg\" title=\"\"><\/figure><\/div><div class=\"swiper-slide\" role=\"group\" aria-roledescription=\"slide\" aria-label=\"6 av 6\"><figure class=\"swiper-slide-inner\"><img decoding=\"async\" class=\"swiper-slide-image\" src=\"https:\/\/fysiolab.dk\/wp-content\/uploads\/2025\/05\/Roam-OA-HERO_1imblrh-1-300x300.png\" alt=\"Roam-OA-HERO_1imblrh\" title=\"\"><\/figure><\/div>\t\t\t<\/div>\n\t\t\t\t\t\t\t\t\t\t\t\t<div class=\"elementor-swiper-button elementor-swiper-button-prev\" role=\"button\" tabindex=\"0\">\n\t\t\t\t\t\t<svg aria-hidden=\"true\" class=\"e-font-icon-svg e-eicon-chevron-left\" viewBox=\"0 0 1000 1000\" xmlns=\"http:\/\/www.w3.org\/2000\/svg\"><path d=\"M646 125C629 125 613 133 604 142L308 442C296 454 292 471 292 487 292 504 296 521 308 533L604 854C617 867 629 875 646 875 663 875 679 871 692 858 704 846 713 829 713 812 713 796 708 779 692 767L438 487 692 225C700 217 708 204 708 187 708 171 704 154 692 142 675 129 663 125 646 125Z\"><\/path><\/svg>\t\t\t\t\t<\/div>\n\t\t\t\t\t<div class=\"elementor-swiper-button elementor-swiper-button-next\" role=\"button\" tabindex=\"0\">\n\t\t\t\t\t\t<svg aria-hidden=\"true\" class=\"e-font-icon-svg e-eicon-chevron-right\" viewBox=\"0 0 1000 1000\" xmlns=\"http:\/\/www.w3.org\/2000\/svg\"><path d=\"M696 533C708 521 713 504 713 487 713 471 708 454 696 446L400 146C388 133 375 125 354 125 338 125 325 129 313 142 300 154 292 171 292 187 292 204 296 221 308 233L563 492 304 771C292 783 288 800 288 817 288 833 296 850 308 863 321 871 338 875 354 875 371 875 388 867 400 854L696 533Z\"><\/path><\/svg>\t\t\t\t\t<\/div>\n\t\t\t\t\n\t\t\t\t\t\t\t\t\t<\/div>\n\t\t\t\t\t\t<\/div>\n\t\t\t\t<\/div>\n\t\t\t\t<div class=\"elementor-element elementor-element-bc9e0ae elementor-widget elementor-widget-text-editor\" data-id=\"bc9e0ae\" data-element_type=\"widget\" data-e-type=\"widget\" data-widget_type=\"text-editor.default\">\n\t\t\t\t<div class=\"elementor-widget-container\">\n\t\t\t\t\t\t\t\t\t<h2><strong>Det er derfor vi selger DonJoy:<\/strong><\/h2><p>DonJoy er synonymt med kvalitet og er verdensledende innen skinner og bandasjel\u00f8sninger. Bevegelse er medisin! <\/p><p>DonJoy er h\u00f8yt anerkjent for sin kvalitet og funksjonalitet og er ofte det foretrukne valget p\u00e5 ortopediske avdelinger, hos fysioterapeuter, bandasjister og idrettsut\u00f8vere.<br>Navnet \"DonJoy\" er synonymt med en kneskinne p\u00e5 sykehusene, selv om det er et annet merke enn DonJoy. Dette sier mye om hva DonJoy st\u00e5r for og er kjent for, og hvordan vi som fagpersoner oppfatter produktet. <\/p><p>Vi har pr\u00f8vd andre produkter p\u00e5 klinikken, men vi har vendt tilbake til DonJoy gang p\u00e5 gang. Etter v\u00e5r mening er det de beste skinner og bandasjel\u00f8sninger p\u00e5 markedet. DonJoy er derfor det eneste merket vi konsentrerer oss om, fordi vi vet at vi kan sikre den beste l\u00f8sningen for pasientene v\u00e5re, og en l\u00f8sning vi som fagfolk kan st\u00e5 100 % inne for.  <\/p><p><strong>Kontakt fysioterapeut Erik Risum for r\u00e5d og veiledning p\u00e5 tlf: 9272 4444<\/strong><\/p>\t\t\t\t\t\t\t\t<\/div>\n\t\t\t\t<\/div>\n\t\t\t\t\t<\/div>\n\t\t\t\t<\/div>\n\t\t<div class=\"elementor-element elementor-element-89cc883 e-flex e-con-boxed e-con e-parent\" data-id=\"89cc883\" data-element_type=\"container\" data-e-type=\"container\">\n\t\t\t\t\t<div class=\"e-con-inner\">\n\t\t\t\t<div class=\"elementor-element elementor-element-0877b76 elementor-widget elementor-widget-video\" data-id=\"0877b76\" data-element_type=\"widget\" data-e-type=\"widget\" data-settings=\"{&quot;youtube_url&quot;:&quot;https:\\\/\\\/youtu.be\\\/xFbVX8Hcvuo?si=mxVn12Uo7SCNkvk4&quot;,&quot;video_type&quot;:&quot;youtube&quot;,&quot;controls&quot;:&quot;yes&quot;}\" data-widget_type=\"video.default\">\n\t\t\t\t<div class=\"elementor-widget-container\">\n\t\t\t\t\t\t\t<div class=\"elementor-wrapper elementor-open-inline\">\n\t\t\t<div class=\"elementor-video\"><\/div>\t\t<\/div>\n\t\t\t\t\t\t<\/div>\n\t\t\t\t<\/div>\n\t\t\t\t\t<\/div>\n\t\t\t\t<\/div>\n\t\t\t\t<\/div>\n\t\t","protected":false},"excerpt":{"rendered":"<p>Skreddersydde knest\u00f8tter DonJoy gir oss muligheten til \u00e5 produsere en spesialtilpasset kneskinne, en kneskinne som garantert passer optimalt til ditt kne. Fysioterapeuten vil vurdere hvilken kneskinne som er optimal for dine behov. Dette tar hensyn til skadens omfang, daglige og sportslige aktiviteter, og hvilken aktivitet du skal tilbake til. Dette kan v\u00e6re alt fra arbeid, [&hellip;]<\/p>\n","protected":false},"author":2,"featured_media":0,"parent":0,"menu_order":0,"comment_status":"closed","ping_status":"closed","template":"elementor_header_footer","meta":{"_acf_changed":false,"footnotes":""},"class_list":["post-77900","page","type-page","status-publish","hentry"],"acf":[],"_links":{"self":[{"href":"https:\/\/fysiolab.dk\/no\/wp-json\/wp\/v2\/pages\/77900","targetHints":{"allow":["GET"]}}],"collection":[{"href":"https:\/\/fysiolab.dk\/no\/wp-json\/wp\/v2\/pages"}],"about":[{"href":"https:\/\/fysiolab.dk\/no\/wp-json\/wp\/v2\/types\/page"}],"author":[{"embeddable":true,"href":"https:\/\/fysiolab.dk\/no\/wp-json\/wp\/v2\/users\/2"}],"replies":[{"embeddable":true,"href":"https:\/\/fysiolab.dk\/no\/wp-json\/wp\/v2\/comments?post=77900"}],"version-history":[{"count":5,"href":"https:\/\/fysiolab.dk\/no\/wp-json\/wp\/v2\/pages\/77900\/revisions"}],"predecessor-version":[{"id":98789,"href":"https:\/\/fysiolab.dk\/no\/wp-json\/wp\/v2\/pages\/77900\/revisions\/98789"}],"wp:attachment":[{"href":"https:\/\/fysiolab.dk\/no\/wp-json\/wp\/v2\/media?parent=77900"}],"curies":[{"name":"wp","href":"https:\/\/api.w.org\/{rel}","templated":true}]}}