{"id":77901,"date":"2025-05-27T19:34:48","date_gmt":"2025-05-27T17:34:48","guid":{"rendered":"https:\/\/fysiolab.dk\/kontakt-oss\/"},"modified":"2025-10-13T12:39:21","modified_gmt":"2025-10-13T10:39:21","slug":"kontakt-oss","status":"publish","type":"page","link":"https:\/\/fysiolab.dk\/no\/kontakt-oss\/","title":{"rendered":"Kontakt oss"},"content":{"rendered":"\t\t<div data-elementor-type=\"wp-page\" data-elementor-id=\"77901\" class=\"elementor elementor-77901 elementor-53305\" data-elementor-post-type=\"page\">\n\t\t\t\t<div class=\"elementor-element elementor-element-2a826387 e-flex e-con-boxed e-con e-parent\" data-id=\"2a826387\" data-element_type=\"container\" data-e-type=\"container\">\n\t\t\t\t\t<div class=\"e-con-inner\">\n\t\t\t\t<div class=\"elementor-element elementor-element-30ca981e elementor-widget elementor-widget-text-editor\" data-id=\"30ca981e\" data-element_type=\"widget\" data-e-type=\"widget\" data-widget_type=\"text-editor.default\">\n\t\t\t\t<div class=\"elementor-widget-container\">\n\t\t\t\t\t\t\t\t\t<h1>Kontakt FysioLab<\/h1><h4>Skriv eller ring oss. Du er ogs\u00e5 hjertelig velkommen til \u00e5 komme innom klinikken v\u00e5r.  <style>\/*! elementor - v3.14.0 - 26-06-2023 *\/<br\/>.elementor-column .elementor-spacer-inner{height:var(--spacer-size)}.e-con{--container-widget-width:100%}.e-con-inner&gt;.elementor-widget-spacer,.e-con&gt;.elementor-widget-spacer{width:var(--container-widget-width,var(--spacer-size));--align-self:var(--container-widget-align-self,initial);--flex-shrink:0}.e-con-inner&gt;.elementor-widget-spacer&gt;.elementor-widget-container,.e-con-inner&gt;.elementor-widget-spacer&gt;.elementor-widget-container&gt;.elementor-spacer,.e-con&gt;.elementor-widget-spacer&gt;.elementor-widget-container,.e-con&gt;.elementor-widget-spacer&gt;.elementor-widget-container&gt;.elementor-spacer{height:100%}.e-con-inner&gt;.elementor-widget-spacer&gt;.elementor-widget-container&gt;.elementor-spacer&gt;.elementor-spacer-inner,.e-con&gt;.elementor-widget-spacer&gt;.elementor-widget-container&gt;.elementor-spacer&gt;.elementor-spacer-inner{height:var(--container-widget-height,var(--spacer-size))}<\/style><\/h4>\t\t\t\t\t\t\t\t<\/div>\n\t\t\t\t<\/div>\n\t\t\t\t<div class=\"elementor-element elementor-element-6df52c9 elementor-widget elementor-widget-text-editor\" data-id=\"6df52c9\" data-element_type=\"widget\" data-e-type=\"widget\" data-widget_type=\"text-editor.default\">\n\t\t\t\t<div class=\"elementor-widget-container\">\n\t\t\t\t\t\t\t\t\t<p> <img fetchpriority=\"high\" decoding=\"async\" class=\"alignnone size-medium wp-image-77670\" src=\"https:\/\/fysiolab.dk\/wp-content\/uploads\/2025\/06\/images-1.jpg\" alt=\"\" width=\"212\" height=\"238\" title=\"\"> <\/p><p><strong>Fysioterapeut<\/strong><br>Erik Risum<br><a href=\"tel:92724444\">92724444<\/a><\/p><p><img decoding=\"async\" class=\"alignnone size-medium wp-image-77672\" src=\"https:\/\/fysiolab.dk\/wp-content\/uploads\/2025\/06\/images.jpg\" alt=\"\" width=\"212\" height=\"238\" title=\"\"><\/p><p><strong>Fysioterapeut<\/strong><br>Kristian Simonsen<br><a href=\"tel:92724444\">92724444<\/a><\/p><p><img decoding=\"async\" class=\"alignnone size-full wp-image-77668\" src=\"https:\/\/fysiolab.dk\/wp-content\/uploads\/2025\/06\/images-2.jpg\" alt=\"\" width=\"212\" height=\"238\" title=\"\"><\/p><p>Stefan Risum<\/p><p><a href=\"tel:92724444\">92724444<\/a><\/p><p><style>\/*! elementor - v3.14.0 - 26-06-2023 *\/<br \/>.elementor-column .elementor-spacer-inner{height:var(--spacer-size)}.e-con{--container-widget-width:100%}.e-con-inner>.elementor-widget-spacer,.e-con>.elementor-widget-spacer{width:var(--container-widget-width,var(--spacer-size));--align-self:var(--container-widget-align-self,initial);--flex-shrink:0}.e-con-inner>.elementor-widget-spacer>.elementor-widget-container,.e-con-inner>.elementor-widget-spacer>.elementor-widget-container>.elementor-spacer,.e-con>.elementor-widget-spacer>.elementor-widget-container,.e-con>.elementor-widget-spacer>.elementor-widget-container>.elementor-spacer{height:100%}.e-con-inner>.elementor-widget-spacer>.elementor-widget-container>.elementor-spacer>.elementor-spacer-inner,.e-con>.elementor-widget-spacer>.elementor-widget-container>.elementor-spacer>.elementor-spacer-inner{height:var(--container-widget-height,var(--spacer-size))}<\/style><\/p>\t\t\t\t\t\t\t\t<\/div>\n\t\t\t\t<\/div>\n\t\t\t\t<div class=\"elementor-element elementor-element-b4239c1 elementor-widget elementor-widget-text-editor\" data-id=\"b4239c1\" data-element_type=\"widget\" data-e-type=\"widget\" data-widget_type=\"text-editor.default\">\n\t\t\t\t<div class=\"elementor-widget-container\">\n\t\t\t\t\t\t\t\t\t<p><iframe style=\"border: 0;\" src=\"https:\/\/www.google.com\/maps\/embed?pb=!1m18!1m12!1m3!1d121945.65495998331!2d8.477990362727368!3d56.512364482001516!2m3!1f0!2f0!3f0!3m2!1i1024!2i768!4f13.1!3m3!1m2!1s0x464a2dd872bff025%3A0xe5b362eb2d8a1b1e!2sF%C3%A6lledvej%2017%2C%207600%20Struer!5e0!3m2!1sda!2sdk!4v1689611368419!5m2!1sda!2sdk\" width=\"600\" height=\"450\" allowfullscreen=\"allowfullscreen\"><\/iframe><\/p><p><style>\/*! elementor - v3.14.0 - 26-06-2023 *\/<br\/>.elementor-column .elementor-spacer-inner{height:var(--spacer-size)}.e-con{--container-widget-width:100%}.e-con-inner&gt;.elementor-widget-spacer,.e-con&gt;.elementor-widget-spacer{width:var(--container-widget-width,var(--spacer-size));--align-self:var(--container-widget-align-self,initial);--flex-shrink:0}.e-con-inner&gt;.elementor-widget-spacer&gt;.elementor-widget-container,.e-con-inner&gt;.elementor-widget-spacer&gt;.elementor-widget-container&gt;.elementor-spacer,.e-con&gt;.elementor-widget-spacer&gt;.elementor-widget-container,.e-con&gt;.elementor-widget-spacer&gt;.elementor-widget-container&gt;.elementor-spacer{height:100%}.e-con-inner&gt;.elementor-widget-spacer&gt;.elementor-widget-container&gt;.elementor-spacer&gt;.elementor-spacer-inner,.e-con&gt;.elementor-widget-spacer&gt;.elementor-widget-container&gt;.elementor-spacer&gt;.elementor-spacer-inner{height:var(--container-widget-height,var(--spacer-size))}<\/style><\/p>\t\t\t\t\t\t\t\t<\/div>\n\t\t\t\t<\/div>\n\t\t\t\t\t<\/div>\n\t\t\t\t<\/div>\n\t\t\t\t<\/div>\n\t\t","protected":false},"excerpt":{"rendered":"<p>Kontakt FysioLab Skriv eller ring oss. Du er ogs\u00e5 hjertelig velkommen til \u00e5 komme innom klinikken v\u00e5r. FysioterapeutErik Risum92724444 FysioterapeutKristian Simonsen92724444 Stefan Risum 92724444<\/p>\n","protected":false},"author":2,"featured_media":0,"parent":0,"menu_order":0,"comment_status":"closed","ping_status":"closed","template":"elementor_header_footer","meta":{"_acf_changed":false,"footnotes":""},"class_list":["post-77901","page","type-page","status-publish","hentry"],"acf":[],"_links":{"self":[{"href":"https:\/\/fysiolab.dk\/no\/wp-json\/wp\/v2\/pages\/77901","targetHints":{"allow":["GET"]}}],"collection":[{"href":"https:\/\/fysiolab.dk\/no\/wp-json\/wp\/v2\/pages"}],"about":[{"href":"https:\/\/fysiolab.dk\/no\/wp-json\/wp\/v2\/types\/page"}],"author":[{"embeddable":true,"href":"https:\/\/fysiolab.dk\/no\/wp-json\/wp\/v2\/users\/2"}],"replies":[{"embeddable":true,"href":"https:\/\/fysiolab.dk\/no\/wp-json\/wp\/v2\/comments?post=77901"}],"version-history":[{"count":1,"href":"https:\/\/fysiolab.dk\/no\/wp-json\/wp\/v2\/pages\/77901\/revisions"}],"predecessor-version":[{"id":77903,"href":"https:\/\/fysiolab.dk\/no\/wp-json\/wp\/v2\/pages\/77901\/revisions\/77903"}],"wp:attachment":[{"href":"https:\/\/fysiolab.dk\/no\/wp-json\/wp\/v2\/media?parent=77901"}],"curies":[{"name":"wp","href":"https:\/\/api.w.org\/{rel}","templated":true}]}}