{"id":77904,"date":"2025-05-27T19:34:48","date_gmt":"2025-05-27T17:34:48","guid":{"rendered":"https:\/\/fysiolab.dk\/om-fysiolab\/"},"modified":"2025-10-13T12:39:39","modified_gmt":"2025-10-13T10:39:39","slug":"om-fysiolab","status":"publish","type":"page","link":"https:\/\/fysiolab.dk\/no\/om-fysiolab\/","title":{"rendered":"Om FysioLab"},"content":{"rendered":"\t\t<div data-elementor-type=\"wp-page\" data-elementor-id=\"77904\" class=\"elementor elementor-77904 elementor-53304\" data-elementor-post-type=\"page\">\n\t\t\t\t<div class=\"elementor-element elementor-element-6633615c e-flex e-con-boxed e-con e-parent\" data-id=\"6633615c\" data-element_type=\"container\" data-e-type=\"container\">\n\t\t\t\t\t<div class=\"e-con-inner\">\n\t\t\t\t<div class=\"elementor-element elementor-element-aa76925 elementor-widget elementor-widget-image\" data-id=\"aa76925\" data-element_type=\"widget\" data-e-type=\"widget\" data-widget_type=\"image.default\">\n\t\t\t\t<div class=\"elementor-widget-container\">\n\t\t\t\t\t\t\t\t\t\t\t\t\t\t\t<img fetchpriority=\"high\" decoding=\"async\" width=\"800\" height=\"218\" src=\"https:\/\/fysiolab.dk\/wp-content\/uploads\/2025\/05\/Heading-2-1024x279.png\" class=\"attachment-large size-large wp-image-35144\" alt=\"\" srcset=\"https:\/\/fysiolab.dk\/wp-content\/uploads\/2025\/05\/Heading-2-1024x279.png 1024w, https:\/\/fysiolab.dk\/wp-content\/uploads\/2025\/05\/Heading-2-300x82.png 300w, https:\/\/fysiolab.dk\/wp-content\/uploads\/2025\/05\/Heading-2-768x209.png 768w, https:\/\/fysiolab.dk\/wp-content\/uploads\/2025\/05\/Heading-2-1536x419.png 1536w, https:\/\/fysiolab.dk\/wp-content\/uploads\/2025\/05\/Heading-2-2048x559.png 2048w\" sizes=\"(max-width: 800px) 100vw, 800px\" title=\"\">\t\t\t\t\t\t\t\t\t\t\t\t\t\t\t<\/div>\n\t\t\t\t<\/div>\n\t\t\t\t<div class=\"elementor-element elementor-element-3d5eac58 elementor-widget elementor-widget-text-editor\" data-id=\"3d5eac58\" data-element_type=\"widget\" data-e-type=\"widget\" data-widget_type=\"text-editor.default\">\n\t\t\t\t<div class=\"elementor-widget-container\">\n\t\t\t\t\t\t\t\t\t<h1>Om FysioLab<\/h1><p>FysioLab er et mobilt testsenter som tilbyr testing og analyse av fysikken din. Etter testen gir vi r\u00e5d og veiledning om hva du b\u00f8r gj\u00f8re videre, enten det dreier seg om rehabilitering etter en skade, vektnedgang eller utvikling av den fysiske prestasjonen. Vi har mange \u00e5rs erfaring med tester og analyser i idrettsverdenen, og vi har kunnskapen og ferdighetene som skal til for \u00e5 sikre optimal fremgang i din trening og prestasjon, og vi har et bredt utvalg av kvalitetsprodukter i butikken v\u00e5r som kan v\u00e6re til nytte for akkurat ditt program. Her finner du produkter som skinner og bandasjer som kan forbedre hverdagen din under forebygging og etter skadeproblemer. Vi er sertifiserte distribut\u00f8rer av DonJoys produktsortiment, og vi selger ogs\u00e5 de beste produktene p\u00e5 markedet innen sportsern\u00e6ring, trening og restitusjon. Vi selger kun produkter som vi som fagpersoner kan st\u00e5 inne for.<br>FysioLab er en del av Thyholm Fysioterapi &amp; Fysioklinik Snedsted. Hos Thyholm Fysioterapi &amp; Fysioklinik Snedsted tar vi imot pasienter hver dag for utredning, behandling og rehabilitering.<\/p><p>Vi bist\u00e5r ogs\u00e5 legene ved unders\u00f8kelser og diagnostikk p\u00e5 Thyholm Medisinske Senter. Gjennom v\u00e5rt arbeid med dette har vi kontinuerlig brukt ulike skinner og bandasjer, og vi har sett hvor viktig det er med kunnskapen til helsepersonell som jobber p\u00e5 dette feltet. Veiledning og tilpasning av skinner og bandasjer krever erfaring og oppl\u00e6ring. Hos Thyholm Fysioterapi har vi spesialisert oss p\u00e5 DonJoy-produkter i mange \u00e5r.<\/p><p>Vi er 14 fysioterapeuter p\u00e5 klinikkene.<\/p><p>Kristian Simonsen, Stefan Risum og Erik Risum driver FysioLab ApS<\/p>\t\t\t\t\t\t\t\t<\/div>\n\t\t\t\t<\/div>\n\t\t\t\t<div class=\"elementor-element elementor-element-a461dd8 elementor-widget elementor-widget-image\" data-id=\"a461dd8\" data-element_type=\"widget\" data-e-type=\"widget\" data-widget_type=\"image.default\">\n\t\t\t\t<div class=\"elementor-widget-container\">\n\t\t\t\t\t\t\t\t\t\t\t\t\t\t\t<img decoding=\"async\" width=\"800\" height=\"311\" src=\"https:\/\/fysiolab.dk\/wp-content\/uploads\/2025\/06\/Skaermbillede-2025-06-07-101216.png\" class=\"attachment-large size-large wp-image-77664\" alt=\"\" srcset=\"https:\/\/fysiolab.dk\/wp-content\/uploads\/2025\/06\/Skaermbillede-2025-06-07-101216.png 1002w, https:\/\/fysiolab.dk\/wp-content\/uploads\/2025\/06\/Skaermbillede-2025-06-07-101216-300x116.png 300w, https:\/\/fysiolab.dk\/wp-content\/uploads\/2025\/06\/Skaermbillede-2025-06-07-101216-768x298.png 768w, https:\/\/fysiolab.dk\/wp-content\/uploads\/2025\/06\/Skaermbillede-2025-06-07-101216-600x233.png 600w\" sizes=\"(max-width: 800px) 100vw, 800px\" title=\"\">\t\t\t\t\t\t\t\t\t\t\t\t\t\t\t<\/div>\n\t\t\t\t<\/div>\n\t\t\t\t\t<\/div>\n\t\t\t\t<\/div>\n\t\t\t\t<\/div>\n\t\t","protected":false},"excerpt":{"rendered":"<p>Om FysioLab FysioLab er et mobilt testsenter som tilbyr testing og analyse av fysikken din. Etter testen gir vi r\u00e5d og veiledning om hva du b\u00f8r gj\u00f8re videre, enten det dreier seg om rehabilitering etter en skade, vektnedgang eller utvikling av den fysiske prestasjonen. Vi har mange \u00e5rs erfaring med tester og analyser i idrettsverdenen, [&hellip;]<\/p>\n","protected":false},"author":2,"featured_media":0,"parent":0,"menu_order":0,"comment_status":"closed","ping_status":"closed","template":"elementor_header_footer","meta":{"_acf_changed":false,"footnotes":""},"class_list":["post-77904","page","type-page","status-publish","hentry"],"acf":[],"_links":{"self":[{"href":"https:\/\/fysiolab.dk\/no\/wp-json\/wp\/v2\/pages\/77904","targetHints":{"allow":["GET"]}}],"collection":[{"href":"https:\/\/fysiolab.dk\/no\/wp-json\/wp\/v2\/pages"}],"about":[{"href":"https:\/\/fysiolab.dk\/no\/wp-json\/wp\/v2\/types\/page"}],"author":[{"embeddable":true,"href":"https:\/\/fysiolab.dk\/no\/wp-json\/wp\/v2\/users\/2"}],"replies":[{"embeddable":true,"href":"https:\/\/fysiolab.dk\/no\/wp-json\/wp\/v2\/comments?post=77904"}],"version-history":[{"count":1,"href":"https:\/\/fysiolab.dk\/no\/wp-json\/wp\/v2\/pages\/77904\/revisions"}],"predecessor-version":[{"id":77905,"href":"https:\/\/fysiolab.dk\/no\/wp-json\/wp\/v2\/pages\/77904\/revisions\/77905"}],"wp:attachment":[{"href":"https:\/\/fysiolab.dk\/no\/wp-json\/wp\/v2\/media?parent=77904"}],"curies":[{"name":"wp","href":"https:\/\/api.w.org\/{rel}","templated":true}]}}