{"id":80001,"date":"2025-05-27T19:34:50","date_gmt":"2025-05-27T17:34:50","guid":{"rendered":"https:\/\/fysiolab.dk\/kundene-sier\/"},"modified":"2025-05-27T19:34:50","modified_gmt":"2025-05-27T17:34:50","slug":"kundene-sier","status":"publish","type":"page","link":"https:\/\/fysiolab.dk\/no\/kundene-sier\/","title":{"rendered":"Kundene sier"},"content":{"rendered":"<p>[et_pb_section fb_built=\"1&#8243; theme_builder_area=\"post_content\" _builder_version=\"4.20.4&#8243; _module_preset=\"default\"][et_pb_row _builder_version=\"4.20.4&#8243; _module_preset=\"default\" theme_builder_area=\"post_content\"][et_pb_column _builder_version=\"4.20.4&#8243; _module_preset=\"default\" type=\"4_4&#8243; theme_builder_area=\"post_content\"][et_pb_text _builder_version=\"4.20.4&#8243; _module_preset=\"default\" theme_builder_area=\"post_content\" hover_enabled=\"0&#8243; sticky_enabled=\"0&#8243;]<\/p>\n<h1>Uttalelser fra kunder<\/h1>\n<p>Les anbefalinger fra kunder vi har hjulpet:<\/p>\n<p>[\/et_pb_text][\/et_pb_column][\/et_pb_row][et_pb_row _builder_version=\"4.20.4&#8243; _module_preset=\"default\" column_structure=\"3_5,2_5&#8243; theme_builder_area=\"post_content\"][et_pb_column _builder_version=\"4.20.4&#8243; _module_preset=\"default\" type=\"3_5&#8243; theme_builder_area=\"post_content\"][et_pb_text _builder_version=\"4.20.4&#8243; _module_preset=\"default\" theme_builder_area=\"post_content\" hover_enabled=\"0&#8243; sticky_enabled=\"0&#8243;]<\/p>\n<h2>Rask hjelp og veiledning i forbindelse med skaden<\/h2>\n<p>\"I forbindelse med rehabilitering av en st\u00f8rre kneskade kontaktet jeg Sport112.dk for \u00e5 f\u00e5 hjelp og veiledning. Det profesjonelle teamet ga meg den beste veiledningen om produkter, og kundeservicen var helt i toppklasse. Jeg kan bare gi Sport112.dk mine varmeste anbefalinger.\"<br \/>\/Mads Hvilsom, profesjonell fotballspiller  <\/p>\n<p>[\/et_pb_text][\/et_pb_column][et_pb_column _builder_version=\"4.20.4&#8243; _module_preset=\"default\" type=\"2_5&#8243; theme_builder_area=\"post_content\"][et_pb_image src=\"https:\/\/fysiolab.dk\/wp-content\/uploads\/2023\/04\/sp147344.jpg.webp\" _builder_version=\"4.20.4&#8243; _module_preset=\"default\" theme_builder_area=\"post_content\" title_text=\"sp147344.jpg\" hover_enabled=\"0&#8243; sticky_enabled=\"0&#8243; align=\"center\"][\/et_pb_image][\/et_pb_column][\/et_pb_row][et_pb_row _builder_version=\"4.20.4&#8243; _module_preset=\"default\" column_structure=\"3_5,2_5&#8243; theme_builder_area=\"post_content\"][et_pb_column _builder_version=\"4.20.4&#8243; _module_preset=\"default\" type=\"3_5&#8243; theme_builder_area=\"post_content\"][et_pb_text _builder_version=\"4.20.4&#8243; _module_preset=\"default\" theme_builder_area=\"post_content\" hover_enabled=\"0&#8243; sticky_enabled=\"0&#8243;]<\/p>\n<h2>L\u00f8ping uten smerter etter 10 \u00e5r<\/h2>\n<p>\"Har slitt med leddgikt i kneet i 10 \u00e5r. Etter en korsb\u00e5ndskade hadde jeg lagt l\u00f8pingen p\u00e5 hylla, men ville ikke helt akseptere det. Derfor begynte jeg \u00e5 se meg om etter kneskinner, og det var da jeg kom over sport112. Der kunne man f\u00e5 veiledning av en idrettsfysioterapeut, jeg kom i kontakt med Thomas, hvor jeg beskrev mine sener ved l\u00f8ping og mine \u00f8nsker, Thomas fant en knebandasje som passet, og i dag kan jeg l\u00f8pe uten smerter.   <\/p>\n<p>Kan bare gi sport112. De beste anbefalinger.\"<br \/>\/Kenn Vestermark. <\/p>\n<p>[\/et_pb_text][\/et_pb_column][et_pb_column _builder_version=\"4.20.4&#8243; _module_preset=\"default\" type=\"2_5&#8243; theme_builder_area=\"post_content\"][et_pb_image src=\"https:\/\/fysiolab.dk\/wp-content\/uploads\/2023\/04\/donjoy_oa_reaction__eb_knee_brace__27529.161221470.jpg\" _builder_version=\"4.20.4&#8243; _module_preset=\"default\" theme_builder_area=\"post_content\" title_text=\"donjoy_oa_reaction__eb_knee_brace__27529.161221470&#8243; hover_enabled=\"0&#8243; sticky_enabled=\"0&#8243; align=\"center\"][\/et_pb_image][\/et_pb_column][\/et_pb_row][et_pb_row _builder_version=\"4.20.4&#8243; _module_preset=\"default\" theme_builder_area=\"post_content\"][et_pb_column _builder_version=\"4.20.4&#8243; _module_preset=\"default\" type=\"4_4&#8243; theme_builder_area=\"post_content\"][et_pb_text _builder_version=\"4.20.4&#8243; _module_preset=\"default\" theme_builder_area=\"post_content\" hover_enabled=\"0&#8243; sticky_enabled=\"0&#8243;]<\/p>\n<h2>Anmeld oss p\u00e5 Trustpilot<\/h2>\n<p>Din mening betyr mye for oss.<br \/>Du kan skrive en anmeldelse av oss her p\u00e5 <a href=\"https:\/\/dk.trustpilot.com\/review\/fysiolab.dk\" target=\"_blank\" rel=\"noopener\">Trustpilot<\/a><\/p>\n<p>[\/et_pb_text][\/et_pb_column][\/et_pb_row][\/et_pb_section]<\/p>\n","protected":false},"excerpt":{"rendered":"<p>[et_pb_section fb_built=\"1&#8243; theme_builder_area=\"post_content\" _builder_version=\"4.20.4&#8243; _module_preset=\"default\"][et_pb_row _builder_version=\"4.20.4&#8243; _module_preset=\"default\" theme_builder_area=\"post_content\"][et_pb_column _builder_version=\"4.20.4&#8243; _module_preset=\"default\" type=\"4_4&#8243; theme_builder_area=\"post_content\"][et_pb_text _builder_version=\"4.20.4&#8243; _module_preset=\"default\" theme_builder_area=\"post_content\" hover_enabled=\"0&#8243; sticky_enabled=\"0&#8243;] Uttalelser fra kunder Les anbefalinger fra kunder vi har hjulpet: [\/et_pb_text][\/et_pb_column][\/et_pb_row][et_pb_row _builder_version=\"4.20.4&#8243; _module_preset=\"default\" column_structure=\"3_5,2_5&#8243; theme_builder_area=\"post_content\"][et_pb_column _builder_version=\"4.20.4&#8243; _module_preset=\"default\" type=\"3_5&#8243; theme_builder_area=\"post_content\"][et_pb_text _builder_version=\"4.20.4&#8243; _module_preset=\"default\" theme_builder_area=\"post_content\" hover_enabled=\"0&#8243; sticky_enabled=\"0&#8243;] Rask hjelp og veiledning i forbindelse med skaden \"I forbindelse med rehabilitering av en [&hellip;]<\/p>\n","protected":false},"author":2,"featured_media":0,"parent":0,"menu_order":0,"comment_status":"closed","ping_status":"closed","template":"","meta":{"_acf_changed":false,"footnotes":""},"class_list":["post-80001","page","type-page","status-publish","hentry"],"acf":[],"_links":{"self":[{"href":"https:\/\/fysiolab.dk\/no\/wp-json\/wp\/v2\/pages\/80001","targetHints":{"allow":["GET"]}}],"collection":[{"href":"https:\/\/fysiolab.dk\/no\/wp-json\/wp\/v2\/pages"}],"about":[{"href":"https:\/\/fysiolab.dk\/no\/wp-json\/wp\/v2\/types\/page"}],"author":[{"embeddable":true,"href":"https:\/\/fysiolab.dk\/no\/wp-json\/wp\/v2\/users\/2"}],"replies":[{"embeddable":true,"href":"https:\/\/fysiolab.dk\/no\/wp-json\/wp\/v2\/comments?post=80001"}],"version-history":[{"count":0,"href":"https:\/\/fysiolab.dk\/no\/wp-json\/wp\/v2\/pages\/80001\/revisions"}],"wp:attachment":[{"href":"https:\/\/fysiolab.dk\/no\/wp-json\/wp\/v2\/media?parent=80001"}],"curies":[{"name":"wp","href":"https:\/\/api.w.org\/{rel}","templated":true}]}}