{"id":80004,"date":"2025-05-27T19:34:48","date_gmt":"2025-05-27T17:34:48","guid":{"rendered":"https:\/\/fysiolab.dk\/skadeforebyggende-test\/"},"modified":"2025-05-27T19:34:48","modified_gmt":"2025-05-27T17:34:48","slug":"skadeforebyggende-test","status":"publish","type":"page","link":"https:\/\/fysiolab.dk\/no\/skadeforebyggende-test\/","title":{"rendered":"Skadeforebyggende test"},"content":{"rendered":"<p><strong>Biofeedback-stabilisator<\/strong><\/p>\n<ul>\n<li>Et enkelt apparat utviklet av fysioterapeuter som m\u00e5ler trykkendringer i en luftfylt trykkcelle. Enheten gj\u00f8r det mulig \u00e5 kontrollere kroppsbevegelser under treningen, spesielt bevegelser i ryggraden.<\/li>\n<li>Enheten er en kombinasjon av en trykkm\u00e5ler og en ballong som er koblet til en trykkcelle.<\/li>\n<li>Spesielt for \u00f8velser som beskytter og stabiliserer leddene, noe som er viktig i forebygging og behandling av rygg- og nakkesmerter.<\/li>\n<li>Stabilisatoren brukes til \u00e5 kontrollere kroppens bevegelser under trening og til \u00e5 gi tilbakemelding. Dette sikrer en effektiv \u00f8velse som reduserer rygg- og nakkesmerter. Perfekt hjelpemiddel for stabiliserings\u00f8velser.<\/li>\n<li>Analogt omr\u00e5de fra 0 til 200 mmHg med en trykkn\u00f8yaktighet p\u00e5 +\/- 3 mmHz.<\/li>\n<li>Klem ballongen for \u00e5 \u00f8ke blodtrykket, og vri ventilen \u00e5pen for \u00e5 slippe ut lufttrykket.<\/li>\n<li>Inkluderer instruksjoner.<\/li>\n<li>Garantiperiode: 3 m\u00e5neder.<\/li>\n<\/ul>\n","protected":false},"excerpt":{"rendered":"<p>Biofeedback-stabilisator Et enkelt apparat utviklet av fysioterapeuter som m\u00e5ler trykkendringer i en luftfylt trykkcelle. Enheten gj\u00f8r det mulig \u00e5 kontrollere kroppsbevegelser under treningen, spesielt bevegelser i ryggraden. Enheten er en kombinasjon av en trykkm\u00e5ler og en ballong som er koblet til en trykkcelle. Spesielt for \u00f8velser som beskytter og stabiliserer leddene, noe som er viktig [&hellip;]<\/p>\n","protected":false},"author":2,"featured_media":0,"parent":0,"menu_order":0,"comment_status":"closed","ping_status":"closed","template":"","meta":{"_acf_changed":false,"footnotes":""},"class_list":["post-80004","page","type-page","status-publish","hentry"],"acf":[],"_links":{"self":[{"href":"https:\/\/fysiolab.dk\/no\/wp-json\/wp\/v2\/pages\/80004","targetHints":{"allow":["GET"]}}],"collection":[{"href":"https:\/\/fysiolab.dk\/no\/wp-json\/wp\/v2\/pages"}],"about":[{"href":"https:\/\/fysiolab.dk\/no\/wp-json\/wp\/v2\/types\/page"}],"author":[{"embeddable":true,"href":"https:\/\/fysiolab.dk\/no\/wp-json\/wp\/v2\/users\/2"}],"replies":[{"embeddable":true,"href":"https:\/\/fysiolab.dk\/no\/wp-json\/wp\/v2\/comments?post=80004"}],"version-history":[{"count":0,"href":"https:\/\/fysiolab.dk\/no\/wp-json\/wp\/v2\/pages\/80004\/revisions"}],"wp:attachment":[{"href":"https:\/\/fysiolab.dk\/no\/wp-json\/wp\/v2\/media?parent=80004"}],"curies":[{"name":"wp","href":"https:\/\/api.w.org\/{rel}","templated":true}]}}