{"id":80006,"date":"2025-05-27T19:34:48","date_gmt":"2025-05-27T17:34:48","guid":{"rendered":"https:\/\/fysiolab.dk\/optimalisering-av-ytelsen\/"},"modified":"2025-05-27T19:34:48","modified_gmt":"2025-05-27T17:34:48","slug":"optimalisering-av-ytelsen","status":"publish","type":"page","link":"https:\/\/fysiolab.dk\/no\/optimalisering-av-ytelsen\/","title":{"rendered":"Optimalisering av ytelsen"},"content":{"rendered":"<p>Hos FysioLab kan du f\u00e5 et skreddersydd test- og treningsprogram basert p\u00e5 din fysikk og dine \u00f8nsker om forbedring. Programmet tilpasses kontinuerlig for \u00e5 sikre at du n\u00e5r m\u00e5lene dine. <\/p>\n<p>Du skal kanskje ikke bestige Mount Everest, men hva er ditt fjell<em>? <\/em>Har du lyst til det?<\/p>\n<ul>\n<li>Forbedre l\u00f8pstempoet ditt?<\/li>\n<li>Prestere bedre i fotball, h\u00e5ndball eller badminton?<\/li>\n<li>G\u00e5 ned i vekt?<\/li>\n<li>Kommer du i bedre form?<\/li>\n<li>Blir du sterkere?<\/li>\n<li>Er du klar for den nye sesongen?<\/li>\n<\/ul>\n<p>Uansett hva m\u00e5let ditt er, vil vi i FysioLab v\u00e6re p\u00e5 din side gjennom hele prosessen for \u00e5 hjelpe deg med \u00e5 lykkes. Vi g\u00e5r i utgangspunktet gjennom f\u00f8lgende faser: <\/p>\n<ul>\n<li>Oppstart basert p\u00e5 tester og screening (vi gj\u00f8r dette for \u00e5 kjenne kroppens styrker og svakheter)<\/li>\n<li>Utarbeide et oppl\u00e6ringsprogram<\/li>\n<li>Oppbygging av teknikk, styrke og \u00f8kt belastning. Vi tester og samler inn data kontinuerlig for \u00e5 sikre fremgangen din. <\/li>\n<li>Vi avslutter prosessen slik vi startet med testing og screening. Deretter mottar du en rapport med resultatene dine. <\/li>\n<\/ul>\n<p>Kontakt oss for mer informasjon<\/p>\n<p><a href=\"https:\/\/fysiolab.dk\/wp-content\/uploads\/2020\/07\/performanceopti.jpg\"><img fetchpriority=\"high\" decoding=\"async\" class=\"alignnone size-full wp-image-13191\" src=\"https:\/\/fysiolab.dk\/wp-content\/uploads\/2020\/07\/performanceopti.jpg\" alt=\"\" width=\"613\" height=\"671\" title=\"\"><\/a><\/p>\n","protected":false},"excerpt":{"rendered":"<p>Hos FysioLab kan du f\u00e5 et skreddersydd test- og treningsprogram basert p\u00e5 din fysikk og dine \u00f8nsker om forbedring. Programmet tilpasses kontinuerlig for \u00e5 sikre at du n\u00e5r m\u00e5lene dine. Du skal kanskje ikke bestige Mount Everest, men hva er ditt fjell? Har du lyst til det? Forbedre l\u00f8pstempoet ditt? Prestere bedre i fotball, h\u00e5ndball [&hellip;]<\/p>\n","protected":false},"author":2,"featured_media":0,"parent":0,"menu_order":0,"comment_status":"closed","ping_status":"closed","template":"","meta":{"_acf_changed":false,"footnotes":""},"class_list":["post-80006","page","type-page","status-publish","hentry"],"acf":[],"_links":{"self":[{"href":"https:\/\/fysiolab.dk\/no\/wp-json\/wp\/v2\/pages\/80006","targetHints":{"allow":["GET"]}}],"collection":[{"href":"https:\/\/fysiolab.dk\/no\/wp-json\/wp\/v2\/pages"}],"about":[{"href":"https:\/\/fysiolab.dk\/no\/wp-json\/wp\/v2\/types\/page"}],"author":[{"embeddable":true,"href":"https:\/\/fysiolab.dk\/no\/wp-json\/wp\/v2\/users\/2"}],"replies":[{"embeddable":true,"href":"https:\/\/fysiolab.dk\/no\/wp-json\/wp\/v2\/comments?post=80006"}],"version-history":[{"count":0,"href":"https:\/\/fysiolab.dk\/no\/wp-json\/wp\/v2\/pages\/80006\/revisions"}],"wp:attachment":[{"href":"https:\/\/fysiolab.dk\/no\/wp-json\/wp\/v2\/media?parent=80006"}],"curies":[{"name":"wp","href":"https:\/\/api.w.org\/{rel}","templated":true}]}}