{"id":80009,"date":"2025-05-27T19:34:48","date_gmt":"2025-05-27T17:34:48","guid":{"rendered":"https:\/\/fysiolab.dk\/motocross\/"},"modified":"2025-10-13T12:39:33","modified_gmt":"2025-10-13T10:39:33","slug":"motocross","status":"publish","type":"page","link":"https:\/\/fysiolab.dk\/no\/motocross\/","title":{"rendered":"Motocross"},"content":{"rendered":"\t\t<div data-elementor-type=\"wp-page\" data-elementor-id=\"80009\" class=\"elementor elementor-80009 elementor-53315\" data-elementor-post-type=\"page\">\n\t\t\t\t<div class=\"elementor-element elementor-element-2dd2b085 e-flex e-con-boxed e-con e-parent\" data-id=\"2dd2b085\" data-element_type=\"container\" data-e-type=\"container\">\n\t\t\t\t\t<div class=\"e-con-inner\">\n\t\t\t\t<div class=\"elementor-element elementor-element-7cd9854d elementor-widget elementor-widget-text-editor\" data-id=\"7cd9854d\" data-element_type=\"widget\" data-e-type=\"widget\" data-widget_type=\"text-editor.default\">\n\t\t\t\t<div class=\"elementor-widget-container\">\n\t\t\t\t\t\t\t\t\t<h1>Motocross<\/h1>\t\t\n\t\t\t\t\t\t\t\t\t\t\t\t\t\t\t<img loading=\"lazy\" decoding=\"async\" width=\"1024\" height=\"538\" src=\"https:\/\/fysiolab.dk\/wp-content\/uploads\/2020\/07\/Motocross-1024x538.png\" alt=\"\" loading=\"lazy\" srcset=\"https:\/\/fysiolab.dk\/wp-content\/uploads\/2020\/07\/Motocross-1024x538.png 1024w, https:\/\/fysiolab.dk\/wp-content\/uploads\/2020\/07\/Motocross-800x420.png 800w, https:\/\/fysiolab.dk\/wp-content\/uploads\/2020\/07\/Motocross-300x158.png 300w, https:\/\/fysiolab.dk\/wp-content\/uploads\/2020\/07\/Motocross-768x403.png 768w, https:\/\/fysiolab.dk\/wp-content\/uploads\/2020\/07\/Motocross-610x320.png 610w, https:\/\/fysiolab.dk\/wp-content\/uploads\/2020\/07\/Motocross-1080x567.png 1080w, https:\/\/fysiolab.dk\/wp-content\/uploads\/2020\/07\/Motocross-980x515.png 980w, https:\/\/fysiolab.dk\/wp-content\/uploads\/2020\/07\/Motocross-480x252.png 480w, https:\/\/fysiolab.dk\/wp-content\/uploads\/2020\/07\/Motocross-600x315.png 600w, https:\/\/fysiolab.dk\/wp-content\/uploads\/2020\/07\/Motocross.png 1200w\" sizes=\"auto, (max-width: 1024px) 100vw, 1024px\" title=\"\">\t\t\t\t\t\t\t\t\t\t\t\t\t\t\t\n\t\t<p> <strong>Motocross - en ekstremsport, spesielt for kn\u00e6rne.<\/strong> <strong>MX er en av de t\u00f8ffeste og mest ekstreme sportene i verden. Den krever riktig utstyr og dyktige f\u00f8rere. <\/strong>  I en ekstremsport som motocross oppst\u00e5r mange skader n\u00e5r f\u00f8rere krasjer eller vrir leddene, for eksempel hvis de kommer for n\u00e6r en sving og \"setter seg fast\". Som oftest er det kneet som rammes i form av korsb\u00e5nd- eller leddb\u00e5ndskader. <\/p>\t\t\n \nhttps:\/\/fysiolab.dk\/wp-content\/uploads\/2020\/06\/Trust-DonJoy-Motorsport-2019.mp4<p>Derfor bruker mange motocrosskj\u00f8rere kneskinner b\u00e5de etter skader og operasjoner og som en forholdsregel for \u00e5 unng\u00e5 nye skader. Men mange bruker dem ogs\u00e5 forebyggende for \u00e5 unng\u00e5 kneskader helt og holdent. En DonJoy kneskinne med uovertruffen stabilitet og knebeskyttelse i aluminium eller karbonfiber bidrar til \u00e5 holde kneet p\u00e5 plass og minimere trykk og belastning p\u00e5 kne, korsb\u00e5nd og ligamenter. Basert p\u00e5 mange \u00e5rs erfaring innen ligament- og leddb\u00e5ndbeskyttelse har DonJoy kneskinner oppn\u00e5dd suksess og bevist sin verdi p\u00e5 banen og gjennom kliniske tester og forskning, og gjennom en rekke studier er det bevist at DonJoy kneskinner forhindrer farlige vridninger og rotasjoner i kneet og avlaster blant annet korsb\u00e5nd, leddb\u00e5nd og menisk.   <\/p>\t\t\n\t\t<p>\"Jeg setter meg ikke p\u00e5 motorsykkelen uten Donjoy Defiance-knest\u00f8tten - den gir meg st\u00f8tte p\u00e5 en m\u00e5te som ingen annen st\u00f8tte kan.\"<\/p>\n<p style=\"text-align:right;\">~ Antonio Cairoli verdensmester i MX1 GP<\/p>\t\t\n\t\t<p>DonJoy st\u00e5r bak noen av de mest brukte knest\u00f8ttene blant motocrosskj\u00f8rere, blant annet p\u00e5 grunn av deres patenterte 4-punktssystem. Toppf\u00f8rere som verdensmester Antonio Cairoli, Rui Concalves, Brett Metcalfe og danske Benjamin Strate, blant mange andre, bruker de effektive Donjoy-knest\u00f8ttene n\u00e5r de kj\u00f8rer. <\/p><h2>Donjoys MX-skinner:<\/h2><ul><li><strong>Donjoy Defiance III<\/strong>, en spesialtilpasset lettvekts kneskinne i karbonfiber, uten tvil den sterkeste skinnen p\u00e5 markedet.<\/li><li><strong>Donjoy Armor<\/strong>, supersterk kneskinne i aluminium med FourcePoint-hengsler. Flott korsett med optimal beskyttelse for kn\u00e6rne. <\/li><\/ul><div class=\"woocommerce columns-3 \"><\/div>\t\t\n \n<div style=\"width: 640px;\" class=\"wp-video\"><video class=\"wp-video-shortcode\" id=\"video-80009-1\" width=\"640\" height=\"360\" preload=\"metadata\" controls=\"controls\"><source type=\"video\/mp4\" src=\"https:\/\/fysiolab.dk\/wp-content\/uploads\/2020\/06\/donjoy-defiance-just-for-you.mp4?_=1\" \/><a href=\"https:\/\/fysiolab.dk\/wp-content\/uploads\/2020\/06\/donjoy-defiance-just-for-you.mp4\">https:\/\/fysiolab.dk\/wp-content\/uploads\/2020\/06\/donjoy-defiance-just-for-you.mp4<\/a><\/video><\/div>\t\t\t\t\t\t\t\t<\/div>\n\t\t\t\t<\/div>\n\t\t\t\t\t<\/div>\n\t\t\t\t<\/div>\n\t\t\t\t<\/div>\n\t\t","protected":false},"excerpt":{"rendered":"<p>Motocross Motocross - en ekstremsport, spesielt for kn\u00e6rne. MX er en av de t\u00f8ffeste og mest ekstreme sportene i verden. Den krever riktig utstyr og dyktige f\u00f8rere. I en ekstremsport som motocross oppst\u00e5r mange skader n\u00e5r f\u00f8rere krasjer eller vrir leddene, for eksempel hvis de kommer for n\u00e6r en sving og \"setter seg fast\". Som [&hellip;]<\/p>\n","protected":false},"author":2,"featured_media":0,"parent":0,"menu_order":0,"comment_status":"closed","ping_status":"closed","template":"elementor_header_footer","meta":{"_acf_changed":false,"footnotes":""},"class_list":["post-80009","page","type-page","status-publish","hentry"],"acf":[],"_links":{"self":[{"href":"https:\/\/fysiolab.dk\/no\/wp-json\/wp\/v2\/pages\/80009","targetHints":{"allow":["GET"]}}],"collection":[{"href":"https:\/\/fysiolab.dk\/no\/wp-json\/wp\/v2\/pages"}],"about":[{"href":"https:\/\/fysiolab.dk\/no\/wp-json\/wp\/v2\/types\/page"}],"author":[{"embeddable":true,"href":"https:\/\/fysiolab.dk\/no\/wp-json\/wp\/v2\/users\/2"}],"replies":[{"embeddable":true,"href":"https:\/\/fysiolab.dk\/no\/wp-json\/wp\/v2\/comments?post=80009"}],"version-history":[{"count":1,"href":"https:\/\/fysiolab.dk\/no\/wp-json\/wp\/v2\/pages\/80009\/revisions"}],"predecessor-version":[{"id":80011,"href":"https:\/\/fysiolab.dk\/no\/wp-json\/wp\/v2\/pages\/80009\/revisions\/80011"}],"wp:attachment":[{"href":"https:\/\/fysiolab.dk\/no\/wp-json\/wp\/v2\/media?parent=80009"}],"curies":[{"name":"wp","href":"https:\/\/api.w.org\/{rel}","templated":true}]}}