{"id":80010,"date":"2025-05-27T19:34:48","date_gmt":"2025-05-27T17:34:48","guid":{"rendered":"https:\/\/fysiolab.dk\/leie-av-kneskinne\/"},"modified":"2025-11-17T10:12:40","modified_gmt":"2025-11-17T09:12:40","slug":"leie-av-kneskinne","status":"publish","type":"page","link":"https:\/\/fysiolab.dk\/no\/leie-av-kneskinne\/","title":{"rendered":"Leie av kneskinne"},"content":{"rendered":"\t\t<div data-elementor-type=\"wp-page\" data-elementor-id=\"80010\" class=\"elementor elementor-80010 elementor-53309\" data-elementor-post-type=\"page\">\n\t\t\t\t<div class=\"elementor-element elementor-element-66d0d7c9 e-flex e-con-boxed e-con e-parent\" data-id=\"66d0d7c9\" data-element_type=\"container\" data-e-type=\"container\">\n\t\t\t\t\t<div class=\"e-con-inner\">\n\t\t<div class=\"elementor-element elementor-element-c513433 e-grid e-con-full e-con e-child\" data-id=\"c513433\" data-element_type=\"container\" data-e-type=\"container\">\n\t\t\t\t<div class=\"elementor-element elementor-element-4173254c elementor-widget elementor-widget-text-editor\" data-id=\"4173254c\" data-element_type=\"widget\" data-e-type=\"widget\" data-widget_type=\"text-editor.default\">\n\t\t\t\t<div class=\"elementor-widget-container\">\n\t\t\t\t\t\t\t\t\t<h1>Leie av kneskinne<\/h1><p>Hos FysioLab, Thyholm Fysioterapi og Fysioklinik Snedsted har vi utleie av v\u00e5re <strong><a href=\"https:\/\/fysiolab.dk\/product\/donjoy-armor-knaeskinne\/\">DonJoy Armor kneskinne<\/a><\/strong>.<\/p><p>Pris for \u00e5 leie en <strong><a href=\"https:\/\/fysiolab.dk\/product\/leje-af-donjoy-knaeskinne-armor-fourcepoint-depositum-999-kr-1000-kr\/\">DonJoy Armor skinne<\/a><\/strong> er <strong>DKK 999 for 10 dager + DKK 1000 i depositum<\/strong>. Depositumet returneres n\u00e5r vi mottar skinnen tilbake i uskadet stand. Gratis levering og retur er tilgjengelig p\u00e5 leieskinner. Det ligger en returetikett i esken, bare fest den p\u00e5 esken, s\u00e5 er du i gang. Hvis du \u00f8nsker \u00e5 kj\u00f8pe skinnen etter leieperioden, trekker vi leiebel\u00f8pet fra kj\u00f8psprisen. Bare kontakt kundeservice.  <\/p><p>Hvis du \u00f8nsker \u00e5 kunne st\u00e5 p\u00e5 ski uten \u00e5 bekymre deg for kneet ditt, enten du tidligere har skadet kneet eller er bekymret for \u00e5 skade det, kan vi hjelpe deg med \u00e5 leie en skinne til kneet ditt.<br><br><strong><a href=\"https:\/\/fysiolab.dk\/produkt\/donjoy-armor-fourcepoint\">DonJoy Armor<\/a><\/strong> er den sterkeste prefabrikkerte knebeskyttelsen p\u00e5 markedet og er utviklet for \u00e5 beskytte leddb\u00e5nd og leddb\u00e5nd i ekstremsport. Skinnen forhindrer overstrekking og er utviklet for moderate til alvorlige fremre (ACL) og bakre (PCL) ACL-skader og\/eller lateral ligamentinstabilitet (MCL\/LCL) og for personer med ACL-rekonstruksjon.<\/p>\t\t\t\t\t\t\t\t<\/div>\n\t\t\t\t<\/div>\n\t\t\t\t<div class=\"elementor-element elementor-element-abe32f5 elementor-widget elementor-widget-text-editor\" data-id=\"abe32f5\" data-element_type=\"widget\" data-e-type=\"widget\" data-widget_type=\"text-editor.default\">\n\t\t\t\t<div class=\"elementor-widget-container\">\n\t\t\t\t\t\t\t\t\t<p> <\/p><p><img fetchpriority=\"high\" decoding=\"async\" class=\"alignnone wp-image-56225\" src=\"https:\/\/fysiolab.dk\/wp-content\/uploads\/2025\/05\/Armor-w-Fourcepoint-1-179x300.jpg\" alt=\"\" width=\"264\" height=\"442\" title=\"\"><\/p><h4><a href=\"https:\/\/fysiolab.dk\/product\/leje-af-donjoy-knaeskinne-armor-fourcepoint-depositum-999-kr-1000-kr\/\">Leie av DonJoy kneskinne, Armor Fourcepoint + depositum (DKK 999 + DKK 1000)<\/a><\/h4>\t\t\t\t\t\t\t\t<\/div>\n\t\t\t\t<\/div>\n\t\t\t\t<div class=\"elementor-element elementor-element-752c004 elementor-align-left elementor-mobile-align-center elementor-widget elementor-widget-button\" data-id=\"752c004\" data-element_type=\"widget\" data-e-type=\"widget\" data-widget_type=\"button.default\">\n\t\t\t\t<div class=\"elementor-widget-container\">\n\t\t\t\t\t\t\t\t\t<div class=\"elementor-button-wrapper\">\n\t\t\t\t\t<a class=\"elementor-button elementor-button-link elementor-size-sm\" href=\"https:\/\/fysiolab.dk\/no\/product\/leie-av-donjoy-kneskinne-armor-fourcepoint\/\">\n\t\t\t\t\t\t<span class=\"elementor-button-content-wrapper\">\n\t\t\t\t\t\t<span class=\"elementor-button-icon\">\n\t\t\t\t<svg aria-hidden=\"true\" class=\"e-font-icon-svg e-fas-arrow-alt-circle-right\" viewBox=\"0 0 512 512\" xmlns=\"http:\/\/www.w3.org\/2000\/svg\"><path d=\"M256 8c137 0 248 111 248 248S393 504 256 504 8 393 8 256 119 8 256 8zM140 300h116v70.9c0 10.7 13 16.1 20.5 8.5l114.3-114.9c4.7-4.7 4.7-12.2 0-16.9l-114.3-115c-7.6-7.6-20.5-2.2-20.5 8.5V212H140c-6.6 0-12 5.4-12 12v64c0 6.6 5.4 12 12 12z\"><\/path><\/svg>\t\t\t<\/span>\n\t\t\t\t\t\t\t\t\t<span class=\"elementor-button-text\">Bestill leie av kneskinne her<\/span>\n\t\t\t\t\t<\/span>\n\t\t\t\t\t<\/a>\n\t\t\t\t<\/div>\n\t\t\t\t\t\t\t\t<\/div>\n\t\t\t\t<\/div>\n\t\t\t\t<\/div>\n\t\t\t\t<div class=\"elementor-element elementor-element-0951f32 elementor-widget elementor-widget-text-editor\" data-id=\"0951f32\" data-element_type=\"widget\" data-e-type=\"widget\" data-widget_type=\"text-editor.default\">\n\t\t\t\t<div class=\"elementor-widget-container\">\n\t\t\t\t\t\t\t\t\t<h2>M\u00e5leguide for knest\u00f8tter<\/h2><p><iframe title=\"Opm\u00e5lingsvejledning DonJoy kn\u00e6skinne\" width=\"800\" height=\"450\" src=\"https:\/\/www.youtube.com\/embed\/xFbVX8Hcvuo?feature=oembed\" frameborder=\"0\" allow=\"accelerometer; autoplay; clipboard-write; encrypted-media; gyroscope; picture-in-picture; web-share\" referrerpolicy=\"strict-origin-when-cross-origin\" allowfullscreen><\/iframe><\/p><p><strong>M\u00e5l omkretsen av l\u00e5ret 15 cm over midten av knesk\u00e5len.<br><\/strong><strong>M\u00e5l omkretsen p\u00e5 leggen der den er bredest<\/strong><\/p><p><strong>St\u00f8rrelsesguide:<\/strong><\/p><table border=\"0\" width=\"261\" cellspacing=\"0\" cellpadding=\"0\"><colgroup> <col span=\"3\" width=\"87\"><\/colgroup><tbody><tr><td width=\"87\" height=\"21\">St\u00f8rrelse:<\/td><td width=\"87\">Omkrets l\u00e5r:<\/td><td width=\"87\">Omkrets p\u00e5 leggen:<\/td><\/tr><tr><td height=\"21\">XS<\/td><td>33-39 cm<\/td><td>&lt;34 cm<\/td><\/tr><tr><td height=\"21\">S<\/td><td>39-47cm<\/td><td>35-36 cm<\/td><\/tr><tr><td height=\"21\">M<\/td><td>47-53cm<\/td><td>37-38 cm<\/td><\/tr><tr><td height=\"21\">L<\/td><td>53-60cm<\/td><td>39-41 cm<\/td><\/tr><tr><td height=\"21\">XL<\/td><td>60-67cm<\/td><td>42-44 cm<\/td><\/tr><tr><td height=\"21\">XXL<\/td><td>67-75cm<\/td><td>45-46 cm<\/td><\/tr><tr><td height=\"21\">XXXL<\/td><td>75-81cm<\/td><td>&gt;46 cm<\/td><\/tr><\/tbody><\/table><p><strong>Fysioterapeut Erik Risum demonstrerer hvordan skinnen passer med skiskoene<\/strong><\/p><p><iframe title=\"Demonstration af DonJoy Armor\" width=\"800\" height=\"450\" src=\"https:\/\/www.youtube.com\/embed\/udGOtnwyzkA?feature=oembed\" frameborder=\"0\" allow=\"accelerometer; autoplay; clipboard-write; encrypted-media; gyroscope; picture-in-picture; web-share\" referrerpolicy=\"strict-origin-when-cross-origin\" allowfullscreen><\/iframe><\/p><p><strong>Instruksjoner for montering av DonJoy panserskinne<br><\/strong><\/p><p><iframe title=\"Fysioshoppen.dk - Vejledning i udlejningsskinne\" width=\"800\" height=\"450\" src=\"https:\/\/www.youtube.com\/embed\/PyOj2hUQvJo?feature=oembed\" frameborder=\"0\" allow=\"accelerometer; autoplay; clipboard-write; encrypted-media; gyroscope; picture-in-picture; web-share\" referrerpolicy=\"strict-origin-when-cross-origin\" allowfullscreen><\/iframe><\/p><p><strong>Beskrivelse av DonJoy armor skin-funksjoner<br><\/strong><\/p><p><iframe title=\"Donjoy Armor Fourcepoint x FysioLab\" width=\"800\" height=\"450\" src=\"https:\/\/www.youtube.com\/embed\/mYk6gcQ9uGc?feature=oembed\" frameborder=\"0\" allow=\"accelerometer; autoplay; clipboard-write; encrypted-media; gyroscope; picture-in-picture; web-share\" referrerpolicy=\"strict-origin-when-cross-origin\" allowfullscreen><\/iframe><\/p>\t\t\t\t\t\t\t\t<\/div>\n\t\t\t\t<\/div>\n\t\t\t\t\t<\/div>\n\t\t\t\t<\/div>\n\t\t\t\t<\/div>\n\t\t","protected":false},"excerpt":{"rendered":"<p>Leie av kneskinne Hos FysioLab, Thyholm Fysioterapi og Fysioklinik Snedsted har vi utleie av v\u00e5re DonJoy Armor kneskinne. Pris for \u00e5 leie en DonJoy Armor skinne er DKK 999 for 10 dager + DKK 1000 i depositum. Depositumet returneres n\u00e5r vi mottar skinnen tilbake i uskadet stand. Gratis levering og retur er tilgjengelig p\u00e5 leieskinner. [&hellip;]<\/p>\n","protected":false},"author":2,"featured_media":0,"parent":0,"menu_order":0,"comment_status":"closed","ping_status":"closed","template":"","meta":{"_acf_changed":false,"footnotes":""},"class_list":["post-80010","page","type-page","status-publish","hentry"],"acf":[],"_links":{"self":[{"href":"https:\/\/fysiolab.dk\/no\/wp-json\/wp\/v2\/pages\/80010","targetHints":{"allow":["GET"]}}],"collection":[{"href":"https:\/\/fysiolab.dk\/no\/wp-json\/wp\/v2\/pages"}],"about":[{"href":"https:\/\/fysiolab.dk\/no\/wp-json\/wp\/v2\/types\/page"}],"author":[{"embeddable":true,"href":"https:\/\/fysiolab.dk\/no\/wp-json\/wp\/v2\/users\/2"}],"replies":[{"embeddable":true,"href":"https:\/\/fysiolab.dk\/no\/wp-json\/wp\/v2\/comments?post=80010"}],"version-history":[{"count":4,"href":"https:\/\/fysiolab.dk\/no\/wp-json\/wp\/v2\/pages\/80010\/revisions"}],"predecessor-version":[{"id":100697,"href":"https:\/\/fysiolab.dk\/no\/wp-json\/wp\/v2\/pages\/80010\/revisions\/100697"}],"wp:attachment":[{"href":"https:\/\/fysiolab.dk\/no\/wp-json\/wp\/v2\/media?parent=80010"}],"curies":[{"name":"wp","href":"https:\/\/api.w.org\/{rel}","templated":true}]}}