{"id":101471,"date":"2025-12-01T13:06:26","date_gmt":"2025-12-01T12:06:26","guid":{"rendered":"https:\/\/fysiolab.dk\/product\/compex-elektroder-50x50-mm-med-enkel-stifttilkobling\/"},"modified":"2025-12-18T09:20:03","modified_gmt":"2025-12-18T08:20:03","slug":"compex-elektroder-50x50-mm-med-enkel-stifttilkobling","status":"publish","type":"product","link":"https:\/\/fysiolab.dk\/no\/product\/compex-elektroder-50x50-mm-med-enkel-stifttilkobling\/","title":{"rendered":"Compex-elektroder 50&#215;50 mm med enkel stifttilkobling"},"content":{"rendered":"<h3 data-start=\"54\" data-end=\"129\">Compex Pin Electrodes - 50 \u00d7 50 mm selvklebende elektroder for NEMS\/TENS<\/h3>\n<p data-start=\"131\" data-end=\"481\">Compex Pin Electrodes er et sett med fire selvklebende elektroder som gir presis og effektiv muskelstimulering ved hjelp av EMS. De kompakte elektrodene er ideelle for m\u00e5lrettet behandling av sm\u00e5 eller mellomstore muskelgrupper og egner seg spesielt godt til behandling, rehabilitering eller muskelaktivering der det er behov for h\u00f8y presisjon. <\/p>\n<h3 data-start=\"483\" data-end=\"515\">Fordeler med disse elektrodene<\/h3>\n<ul data-start=\"517\" data-end=\"1284\">\n<li data-start=\"517\" data-end=\"771\">\n<p data-start=\"519\" data-end=\"771\"><strong data-start=\"519\" data-end=\"557\">Kompakt st\u00f8rrelse og h\u00f8y presisjon<\/strong><br data-start=\"557\" data-end=\"560\">De 50 \u00d7 50 mm store elektrodene er perfekte for mindre muskelgrupper som armer, skuldre, legger eller mindre omr\u00e5der p\u00e5 ryggen. Den mindre overflaten gj\u00f8r det lettere \u00e5 plassere elektroden riktig og stimulere presist. <\/p>\n<\/li>\n<li data-start=\"773\" data-end=\"987\">\n<p data-start=\"775\" data-end=\"987\"><strong data-start=\"775\" data-end=\"814\">Komfortabel og effektiv stimulering<\/strong><br data-start=\"814\" data-end=\"817\">Designet for \u00e5 optimalisere den elektriske effekten ved h\u00f8yere intensitet, noe som gj\u00f8r dem egnet for NEMS\/TENS-\u00f8kter for trening, rehabilitering og muskelaktivering.<\/p>\n<\/li>\n<li data-start=\"989\" data-end=\"1143\">\n<p data-start=\"991\" data-end=\"1143\">Kan <strong data-start=\"991\" data-end=\"1026\">brukes om igjen ved riktig bruk<\/strong><br data-start=\"1026\" data-end=\"1029\">Med riktig h\u00e5ndtering og rengj\u00f8ring kan putene brukes flere ganger, avhengig av hudtype og bruksm\u00f8nster.<\/p>\n<\/li>\n<li data-start=\"1145\" data-end=\"1284\">\n<p data-start=\"1147\" data-end=\"1284\"><strong data-start=\"1147\" data-end=\"1179\">Allsidighet og kompatibilitet<\/strong><br data-start=\"1179\" data-end=\"1182\">Elektrodene kan brukes med et bredt spekter av NEMS- og TENS-apparater som bruker stifttilkobling<\/p>\n<\/li>\n<\/ul>\n<h3 data-start=\"1286\" data-end=\"1305\">Spesifikasjoner<\/h3>\n<ul data-start=\"1307\" data-end=\"1553\">\n<li data-start=\"1307\" data-end=\"1352\">\n<p data-start=\"1309\" data-end=\"1352\">Type: Selvklebende pads, 50 \u00d7 50 mm<\/p>\n<\/li>\n<li data-start=\"1353\" data-end=\"1386\">\n<p data-start=\"1355\" data-end=\"1386\">Antall: 4 elektroder per pakke<\/p>\n<\/li>\n<li data-start=\"1387\" data-end=\"1434\">\n<p data-start=\"1389\" data-end=\"1434\">Tilkobling: Pin \/ Snap<\/p>\n<\/li>\n<li data-start=\"1435\" data-end=\"1502\">\n<p data-start=\"1437\" data-end=\"1502\">Bruksomr\u00e5de: Egnet for sm\u00e5 eller mellomstore muskelgrupper<\/p>\n<\/li>\n<\/ul>\n<p data-start=\"1555\" data-end=\"1832\"><strong data-start=\"1555\" data-end=\"1581\">Kundeanbefaling:<\/strong> Rengj\u00f8r og t\u00f8rk huden grundig f\u00f8r bruk for \u00e5 sikre god kontakt. Plasser elektrodene riktig i forhold til muskler og nervebaner for optimal stimulering. De sm\u00e5 elektrodene er spesielt gode for presis behandling og stimulering av mindre muskelomr\u00e5der.  <\/p>\n","protected":false},"excerpt":{"rendered":"<p><strong>Compex Pin Electrodes er et sett med fire selvklebende elektroder som gir presis og effektiv muskelstimulering ved hjelp av EMS. De kompakte elektrodene er ideelle for m\u00e5lrettet behandling av sm\u00e5 eller mellomstore muskelgrupper og egner seg spesielt godt til behandling, rehabilitering eller muskelaktivering der det er behov for h\u00f8y presisjon. <\/strong><\/p>\n","protected":false},"featured_media":101470,"comment_status":"closed","ping_status":"closed","template":"","meta":{"_acf_changed":false},"product_brand":[3115],"product_cat":[1950,2013,1982,2028,1937],"product_tag":[2019],"class_list":{"0":"post-101471","1":"product","2":"type-product","3":"status-publish","4":"has-post-thumbnail","6":"product_brand-compex","7":"product_cat-elektroterapi","8":"product_cat-compex-no-2","9":"product_cat-compex-elektroder-no","10":"product_cat-compex-elektroder-no-2","11":"product_cat-merkevarer","12":"product_tag-compex-no","14":"first","15":"instock","16":"taxable","17":"shipping-taxable","18":"purchasable","19":"product-type-simple"},"acf":[],"_links":{"self":[{"href":"https:\/\/fysiolab.dk\/no\/wp-json\/wp\/v2\/product\/101471","targetHints":{"allow":["GET"]}}],"collection":[{"href":"https:\/\/fysiolab.dk\/no\/wp-json\/wp\/v2\/product"}],"about":[{"href":"https:\/\/fysiolab.dk\/no\/wp-json\/wp\/v2\/types\/product"}],"replies":[{"embeddable":true,"href":"https:\/\/fysiolab.dk\/no\/wp-json\/wp\/v2\/comments?post=101471"}],"wp:featuredmedia":[{"embeddable":true,"href":"https:\/\/fysiolab.dk\/no\/wp-json\/wp\/v2\/media\/101470"}],"wp:attachment":[{"href":"https:\/\/fysiolab.dk\/no\/wp-json\/wp\/v2\/media?parent=101471"}],"wp:term":[{"taxonomy":"product_brand","embeddable":true,"href":"https:\/\/fysiolab.dk\/no\/wp-json\/wp\/v2\/product_brand?post=101471"},{"taxonomy":"product_cat","embeddable":true,"href":"https:\/\/fysiolab.dk\/no\/wp-json\/wp\/v2\/product_cat?post=101471"},{"taxonomy":"product_tag","embeddable":true,"href":"https:\/\/fysiolab.dk\/no\/wp-json\/wp\/v2\/product_tag?post=101471"}],"curies":[{"name":"wp","href":"https:\/\/api.w.org\/{rel}","templated":true}]}}