{"id":102129,"date":"2025-12-16T20:10:00","date_gmt":"2025-12-16T19:10:00","guid":{"rendered":"https:\/\/fysiolab.dk\/product\/sklz-pro-mini-swish-ball-127-cm-diameter\/"},"modified":"2025-12-18T09:20:01","modified_gmt":"2025-12-18T08:20:01","slug":"sklz-pro-mini-swish-ball-127-cm-diameter","status":"publish","type":"product","link":"https:\/\/fysiolab.dk\/no\/product\/sklz-pro-mini-swish-ball-127-cm-diameter\/","title":{"rendered":"SKLZ Pro Mini Swish Ball (12,7 cm. diameter)"},"content":{"rendered":"<h2>Mini skum basketball<\/h2>\n<p>Basketball til bruk p\u00e5 rommet. Denne minibasketballen kan brukes med alle SKLZ Pro Mini Hoop-produkter. Her f\u00e5r du en minibasketball i mykt skum. Ballen m\u00e5ler 12,7 cm i diameter. Leveres i tre farger: original oransje, bl\u00e5\/r\u00f8d og gr\u00e5. Kos deg med et morsomt Pro Mini Hoop-spill med Swish Foam Ball.      <\/p>\n<h3>Spesifikasjoner for Pro Mini Swish Ball<\/h3>\n<ul>\n<li>Mini skumgummibasketball med en diameter p\u00e5 12,7 cm (5\u2033) <\/li>\n<li>Sikker og stilleg\u00e5ende, perfekt for bruk rundt huset<\/li>\n<li>Designet for bruk med SKLZ Pro Mini Hoops produkter<\/li>\n<li>Samme st\u00f8rrelse som vanlig PMH-ball, men laget av skum<\/li>\n<\/ul>\n","protected":false},"excerpt":{"rendered":"<p>Mini skum basketball Basketball til bruk p\u00e5 rommet. Denne minibasketballen kan brukes med alle SKLZ Pro Mini Hoop-produkter. Her f\u00e5r du en minibasketball i mykt skum. Ballen m\u00e5ler 12,7 cm i diameter. Leveres i tre farger: original oransje, bl\u00e5\/r\u00f8d og gr\u00e5. Kos deg med et morsomt Pro Mini Hoop-spill med Swish Foam Ball. Spesifikasjoner for [&hellip;]<\/p>\n","protected":false},"featured_media":102124,"comment_status":"closed","ping_status":"closed","template":"","meta":{"_acf_changed":false},"product_brand":[3132],"product_cat":[1937,2208],"product_tag":[2210],"class_list":{"0":"post-102129","1":"product","2":"type-product","3":"status-publish","4":"has-post-thumbnail","6":"product_brand-sklz","7":"product_cat-merkevarer","8":"product_cat-sklz-no-2","9":"product_tag-sklz-no","11":"first","12":"instock","13":"taxable","14":"shipping-taxable","15":"purchasable","16":"product-type-variable"},"acf":[],"_links":{"self":[{"href":"https:\/\/fysiolab.dk\/no\/wp-json\/wp\/v2\/product\/102129","targetHints":{"allow":["GET"]}}],"collection":[{"href":"https:\/\/fysiolab.dk\/no\/wp-json\/wp\/v2\/product"}],"about":[{"href":"https:\/\/fysiolab.dk\/no\/wp-json\/wp\/v2\/types\/product"}],"replies":[{"embeddable":true,"href":"https:\/\/fysiolab.dk\/no\/wp-json\/wp\/v2\/comments?post=102129"}],"wp:featuredmedia":[{"embeddable":true,"href":"https:\/\/fysiolab.dk\/no\/wp-json\/wp\/v2\/media\/102124"}],"wp:attachment":[{"href":"https:\/\/fysiolab.dk\/no\/wp-json\/wp\/v2\/media?parent=102129"}],"wp:term":[{"taxonomy":"product_brand","embeddable":true,"href":"https:\/\/fysiolab.dk\/no\/wp-json\/wp\/v2\/product_brand?post=102129"},{"taxonomy":"product_cat","embeddable":true,"href":"https:\/\/fysiolab.dk\/no\/wp-json\/wp\/v2\/product_cat?post=102129"},{"taxonomy":"product_tag","embeddable":true,"href":"https:\/\/fysiolab.dk\/no\/wp-json\/wp\/v2\/product_tag?post=102129"}],"curies":[{"name":"wp","href":"https:\/\/api.w.org\/{rel}","templated":true}]}}