{"id":103680,"date":"2026-01-30T16:57:08","date_gmt":"2026-01-30T15:57:08","guid":{"rendered":"https:\/\/fysiolab.dk\/product\/aserve-skumgummi-skum-lateksfri\/"},"modified":"2026-01-31T10:09:16","modified_gmt":"2026-01-31T09:09:16","slug":"aserve-skumgummi-skum-lateksfri","status":"publish","type":"product","link":"https:\/\/fysiolab.dk\/no\/product\/aserve-skumgummi-skum-lateksfri\/","title":{"rendered":"Aserve skumgummibandasje 30 mm uten lateks"},"content":{"rendered":"<h3 data-start=\"104\" data-end=\"144\">Aserve skumbandasje 30 mm x 12,5 cm x 180 cm<\/h3>\n<p data-start=\"146\" data-end=\"457\">Aserve skumbandasje er et mykt og fleksibelt skummateriale som er utviklet for komfortabel avlastning, polstring og beskyttelse under behandling og bandasjering. Med en bredde p\u00e5 30 mm er dette skumplastmaterialet ideelt for bruk der det er behov for ekstra komfort, trykkavlastning eller et mellomlag mellom hud og bandasje. <\/p>\n<p data-start=\"459\" data-end=\"781\">Skumbandasjer kan brukes til \u00e5 st\u00f8tte og beskytte utsatte omr\u00e5der, som underlag for skinner og tape, eller som polstring rundt f\u00f8lsomme omr\u00e5der for \u00e5 unng\u00e5 irritasjon og trykk. Det myke materialet former seg etter kroppens konturer og bidrar til \u00e5 fordele trykket jevnt og sk\u00e5nsomt. <\/p>\n<p data-start=\"783\" data-end=\"1008\">Denne typen skum er lett \u00e5 arbeide med, kan enkelt klippes til og kan kombineres med andre bandasjematerialer. Den egner seg b\u00e5de til klinisk bruk og til hjemmebruk, der komfort og sk\u00e5nsom lindring er avgj\u00f8rende. <\/p>\n<p><strong>0,3 x 12,5 x 180 cm.<\/strong><\/p>\n<p>&nbsp;<\/p>\n","protected":false},"excerpt":{"rendered":"<p><strong>Aserve skumbandasje er et mykt og fleksibelt skummateriale som er utviklet for komfortabel avlastning, polstring og beskyttelse under behandling og bandasjering. Med en bredde p\u00e5 30 mm er dette skumplastmaterialet ideelt for bruk der det er behov for ekstra komfort, trykkavlastning eller et mellomlag mellom hud og bandasje. <\/strong><\/p>\n","protected":false},"featured_media":103696,"comment_status":"closed","ping_status":"closed","template":"","meta":{"_acf_changed":false},"product_brand":[3086],"product_cat":[1937,2391,3185,1942,1941],"product_tag":[3142],"class_list":{"0":"post-103680","1":"product","2":"type-product","3":"status-publish","4":"has-post-thumbnail","6":"product_brand-aserve","7":"product_cat-merkevarer","8":"product_cat-a-serve-no","9":"product_cat-forebygging-av-blemmer","10":"product_cat-foerstehjelp","11":"product_cat-rekonvalesens-og-sportspleie","12":"product_tag-a-serve","14":"first","15":"instock","16":"taxable","17":"shipping-taxable","18":"purchasable","19":"product-type-simple"},"acf":[],"_links":{"self":[{"href":"https:\/\/fysiolab.dk\/no\/wp-json\/wp\/v2\/product\/103680","targetHints":{"allow":["GET"]}}],"collection":[{"href":"https:\/\/fysiolab.dk\/no\/wp-json\/wp\/v2\/product"}],"about":[{"href":"https:\/\/fysiolab.dk\/no\/wp-json\/wp\/v2\/types\/product"}],"replies":[{"embeddable":true,"href":"https:\/\/fysiolab.dk\/no\/wp-json\/wp\/v2\/comments?post=103680"}],"wp:featuredmedia":[{"embeddable":true,"href":"https:\/\/fysiolab.dk\/no\/wp-json\/wp\/v2\/media\/103696"}],"wp:attachment":[{"href":"https:\/\/fysiolab.dk\/no\/wp-json\/wp\/v2\/media?parent=103680"}],"wp:term":[{"taxonomy":"product_brand","embeddable":true,"href":"https:\/\/fysiolab.dk\/no\/wp-json\/wp\/v2\/product_brand?post=103680"},{"taxonomy":"product_cat","embeddable":true,"href":"https:\/\/fysiolab.dk\/no\/wp-json\/wp\/v2\/product_cat?post=103680"},{"taxonomy":"product_tag","embeddable":true,"href":"https:\/\/fysiolab.dk\/no\/wp-json\/wp\/v2\/product_tag?post=103680"}],"curies":[{"name":"wp","href":"https:\/\/api.w.org\/{rel}","templated":true}]}}