{"id":103700,"date":"2026-01-31T10:13:04","date_gmt":"2026-01-31T09:13:04","guid":{"rendered":"https:\/\/fysiolab.dk\/product\/aserve-skumgummibandasje-60-mm-uten-lateks\/"},"modified":"2026-01-31T10:13:04","modified_gmt":"2026-01-31T09:13:04","slug":"aserve-skumgummibandasje-60-mm-uten-lateks","status":"publish","type":"product","link":"https:\/\/fysiolab.dk\/no\/product\/aserve-skumgummibandasje-60-mm-uten-lateks\/","title":{"rendered":"Aserve skumgummibandasje 60 mm uten lateks"},"content":{"rendered":"<h3 data-start=\"104\" data-end=\"144\">Aserve skumbandasje 60 mm x 12,5 cm x 180 cm<\/h3>\n<p data-start=\"132\" data-end=\"513\">Aserve Skumbandasje er et mykt, fleksibelt skummateriale med en bredde p\u00e5 60 mm, utviklet for komfortabel avlastning, beskyttelse og polstring i behandlingssituasjoner og bandasjer. Den egner seg som et sk\u00e5nsomt mellomlag mellom huden og en st\u00f8ttebandasje, tape eller skinne, og bidrar til \u00e5 redusere trykk og irritasjon p\u00e5 utsatte omr\u00e5der. <\/p>\n<p data-start=\"515\" data-end=\"810\">Det brede skummet gj\u00f8r det enkelt \u00e5 dekke st\u00f8rre omr\u00e5der, samtidig som materialet former seg etter kroppens konturer og fordeler trykket jevnt. Dette gj\u00f8r det ideelt for bruk p\u00e5 ledd, muskler og omr\u00e5der som kan utsettes for ubehag fra bandasjer eller sko, uten at det g\u00e5r p\u00e5 bekostning av komforten. <\/p>\n<p data-start=\"812\" data-end=\"1100\">Aserve-skumbandasjen er enkel \u00e5 klippe til og kan kombineres med andre bandasjematerialer for ekstra polstring eller st\u00f8tte, avhengig av den kliniske oppgaven. Den egner seg b\u00e5de til klinisk bruk og hjemmepleie, der komfort, trykkavlastning og sk\u00e5nsom polstring er avgj\u00f8rende. <\/p>\n","protected":false},"excerpt":{"rendered":"<p><strong>Aserve Skumbandasje er et mykt, fleksibelt skummateriale med en bredde p\u00e5 60 mm, utviklet for komfortabel avlastning, beskyttelse og polstring i behandlingssituasjoner og bandasjer. Den egner seg som et sk\u00e5nsomt mellomlag mellom huden og en st\u00f8ttebandasje, tape eller skinne, og bidrar til \u00e5 redusere trykk og irritasjon p\u00e5 utsatte omr\u00e5der. <\/strong><\/p>\n","protected":false},"featured_media":103699,"comment_status":"closed","ping_status":"closed","template":"","meta":{"_acf_changed":false},"product_brand":[3086],"product_cat":[2427,2391,3185,1937,1941],"product_tag":[3142],"class_list":{"0":"post-103700","1":"product","2":"type-product","3":"status-publish","4":"has-post-thumbnail","6":"product_brand-aserve","7":"product_cat-blemmeplaster-og-forebygging","8":"product_cat-a-serve-no","9":"product_cat-forebygging-av-blemmer","10":"product_cat-merkevarer","11":"product_cat-rekonvalesens-og-sportspleie","12":"product_tag-a-serve","14":"first","15":"instock","16":"taxable","17":"shipping-taxable","18":"purchasable","19":"product-type-simple"},"acf":[],"_links":{"self":[{"href":"https:\/\/fysiolab.dk\/no\/wp-json\/wp\/v2\/product\/103700","targetHints":{"allow":["GET"]}}],"collection":[{"href":"https:\/\/fysiolab.dk\/no\/wp-json\/wp\/v2\/product"}],"about":[{"href":"https:\/\/fysiolab.dk\/no\/wp-json\/wp\/v2\/types\/product"}],"replies":[{"embeddable":true,"href":"https:\/\/fysiolab.dk\/no\/wp-json\/wp\/v2\/comments?post=103700"}],"wp:featuredmedia":[{"embeddable":true,"href":"https:\/\/fysiolab.dk\/no\/wp-json\/wp\/v2\/media\/103699"}],"wp:attachment":[{"href":"https:\/\/fysiolab.dk\/no\/wp-json\/wp\/v2\/media?parent=103700"}],"wp:term":[{"taxonomy":"product_brand","embeddable":true,"href":"https:\/\/fysiolab.dk\/no\/wp-json\/wp\/v2\/product_brand?post=103700"},{"taxonomy":"product_cat","embeddable":true,"href":"https:\/\/fysiolab.dk\/no\/wp-json\/wp\/v2\/product_cat?post=103700"},{"taxonomy":"product_tag","embeddable":true,"href":"https:\/\/fysiolab.dk\/no\/wp-json\/wp\/v2\/product_tag?post=103700"}],"curies":[{"name":"wp","href":"https:\/\/api.w.org\/{rel}","templated":true}]}}