{"id":103704,"date":"2026-01-31T10:22:43","date_gmt":"2026-01-31T09:22:43","guid":{"rendered":"https:\/\/fysiolab.dk\/product\/aserve-kompresjonsbandasje-plaster-6-cm-x-5-m\/"},"modified":"2026-01-31T10:22:43","modified_gmt":"2026-01-31T09:22:43","slug":"aserve-kompresjonsbandasje-plaster-6-cm-x-5-m","status":"publish","type":"product","link":"https:\/\/fysiolab.dk\/no\/product\/aserve-kompresjonsbandasje-plaster-6-cm-x-5-m\/","title":{"rendered":"Aserve Kompresjonsbandasje Plaster 6 cm x 5 m"},"content":{"rendered":"<h3 data-start=\"107\" data-end=\"150\">Aserve kompresjonsbandasjeplaster 6 cm \u00d7 5 m<\/h3>\n<p data-start=\"152\" data-end=\"513\">Aserve kompresjonsbandasje er et allsidig og brukervennlig plaster med komprimerende egenskaper som er utviklet for \u00e5 st\u00f8tte, beskytte og holde p\u00e5 bandasjen ved skader, belastninger eller etter behandling. Med en bredde p\u00e5 6 cm og en lengde p\u00e5 5 meter er bandasjen enkel \u00e5 tilpasse til ulike kroppsomr\u00e5der, slik at den kan brukes til b\u00e5de sm\u00e5 og mellomstore omr\u00e5der. <\/p>\n<p data-start=\"515\" data-end=\"820\">De komprimerende egenskapene til gipsen bidrar til \u00e5 redusere hevelse, gir lett st\u00f8tte og stabilitet, og holder bandasjer eller polstring p\u00e5 plass. Det elastiske materialet gj\u00f8r bandasjen fleksibel og behagelig \u00e5 ha p\u00e5, samtidig som den f\u00f8lger kroppens bevegelser uten \u00e5 begrense bevegeligheten un\u00f8dig. <\/p>\n<p data-start=\"822\" data-end=\"1082\">Aserve kompresjonsbandasje kan klippes til og kombineres med andre bandasjematerialer som skum, tape eller polstring. Det egner seg for klinisk bruk, f\u00f8rstehjelp og hjemmepleie der det er behov for komfort, st\u00f8tte og god retention. <\/p>\n","protected":false},"excerpt":{"rendered":"<p><strong>Aserve kompresjonsbandasje er et allsidig og brukervennlig plaster med komprimerende egenskaper som er utviklet for \u00e5 st\u00f8tte, beskytte og holde p\u00e5 bandasjen ved skader, belastninger eller etter behandling. Med en bredde p\u00e5 6 cm og en lengde p\u00e5 5 meter er bandasjen enkel \u00e5 tilpasse til ulike kroppsomr\u00e5der, slik at den kan brukes til b\u00e5de sm\u00e5 og mellomstore omr\u00e5der. <\/strong><\/p>\n","protected":false},"featured_media":103703,"comment_status":"closed","ping_status":"closed","template":"","meta":{"_acf_changed":false},"product_brand":[3086],"product_cat":[2427,2391,2413,1942,1937,1941],"product_tag":[3142,2392],"class_list":{"0":"post-103704","1":"product","2":"type-product","3":"status-publish","4":"has-post-thumbnail","6":"product_brand-aserve","7":"product_cat-blemmeplaster-og-forebygging","8":"product_cat-a-serve-no","9":"product_cat-dressinger-og-wraps","10":"product_cat-foerstehjelp","11":"product_cat-merkevarer","12":"product_cat-rekonvalesens-og-sportspleie","13":"product_tag-a-serve","14":"product_tag-aserve-no","16":"first","17":"instock","18":"taxable","19":"shipping-taxable","20":"purchasable","21":"product-type-simple"},"acf":[],"_links":{"self":[{"href":"https:\/\/fysiolab.dk\/no\/wp-json\/wp\/v2\/product\/103704","targetHints":{"allow":["GET"]}}],"collection":[{"href":"https:\/\/fysiolab.dk\/no\/wp-json\/wp\/v2\/product"}],"about":[{"href":"https:\/\/fysiolab.dk\/no\/wp-json\/wp\/v2\/types\/product"}],"replies":[{"embeddable":true,"href":"https:\/\/fysiolab.dk\/no\/wp-json\/wp\/v2\/comments?post=103704"}],"wp:featuredmedia":[{"embeddable":true,"href":"https:\/\/fysiolab.dk\/no\/wp-json\/wp\/v2\/media\/103703"}],"wp:attachment":[{"href":"https:\/\/fysiolab.dk\/no\/wp-json\/wp\/v2\/media?parent=103704"}],"wp:term":[{"taxonomy":"product_brand","embeddable":true,"href":"https:\/\/fysiolab.dk\/no\/wp-json\/wp\/v2\/product_brand?post=103704"},{"taxonomy":"product_cat","embeddable":true,"href":"https:\/\/fysiolab.dk\/no\/wp-json\/wp\/v2\/product_cat?post=103704"},{"taxonomy":"product_tag","embeddable":true,"href":"https:\/\/fysiolab.dk\/no\/wp-json\/wp\/v2\/product_tag?post=103704"}],"curies":[{"name":"wp","href":"https:\/\/api.w.org\/{rel}","templated":true}]}}