{"id":103811,"date":"2026-02-02T17:29:19","date_gmt":"2026-02-02T16:29:19","guid":{"rendered":"https:\/\/fysiolab.dk\/product\/aserve-yoga-block-blaa\/"},"modified":"2026-02-02T17:29:19","modified_gmt":"2026-02-02T16:29:19","slug":"aserve-yoga-block-blaa","status":"publish","type":"product","link":"https:\/\/fysiolab.dk\/no\/product\/aserve-yoga-block-blaa\/","title":{"rendered":"Aserve Yoga Block Bl\u00e5"},"content":{"rendered":"<h3 data-start=\"119\" data-end=\"143\">Aserve yogablokk - bl\u00e5<\/h3>\n<p data-start=\"145\" data-end=\"384\">Aserve Yoga Block i bl\u00e5tt er et stabilt og allsidig hjelpemiddel for yoga, pilates og t\u00f8ynings\u00f8velser. Blokken er laget av fast skum som gir god st\u00f8tte og hjelper til med \u00e5 korrigere kroppsjustering i st\u00e5ende, sittende og liggende stillinger. <\/p>\n<p data-start=\"386\" data-end=\"669\">Yogablokken m\u00e5ler <strong data-start=\"404\" data-end=\"426\">22,8 \u00d7 15,2 \u00d7 7 cm<\/strong> og er ideell for \u00e5 skape ekstra h\u00f8yde, st\u00f8tte balansen og gj\u00f8re \u00f8velser mer tilgjengelige for alle niv\u00e5er. Den kan brukes til \u00e5 \u00f8ke bevegeligheten, avlaste ledd og muskler og gi selvtillit i \u00f8velser der fleksibiliteten utfordres. <\/p>\n<p data-start=\"671\" data-end=\"772\">Yogablokken er lett, slitesterk og enkel \u00e5 ta med seg til hjemmetrening, klassetrening og klinisk bruk.<\/p>\n","protected":false},"excerpt":{"rendered":"<div class=\"flex max-w-full flex-col\">\n<div class=\"min-h-8 text-message relative flex w-full flex-col items-end gap-2 text-start break-words whitespace-normal [.text-message+&amp;]:mt-1\" dir=\"auto\" data-message-author-role=\"assistant\" data-message-id=\"0cd62777-25fc-4b7b-a4dd-a112a81ec96a\" data-message-model-slug=\"gpt-5-2\">\n<div class=\"flex w-full flex-col gap-1 empty:hidden first:pt-[1px]\">\n<div class=\"markdown prose dark:prose-invert w-full break-words light markdown-new-styling\">\n<p data-start=\"0\" data-end=\"215\" data-is-last-node=\"\" data-is-only-node=\"\"><strong>Aserve yogablokk i bl\u00e5tt gir stabil st\u00f8tte til yoga-, pilates- og t\u00f8ynings\u00f8velser. Den er laget av fast skum og m\u00e5ler 22,8 \u00d7 15,2 \u00d7 7 cm, og er ideell for bedre kroppsjustering, balanse og \u00f8kt mobilitet. <\/strong><\/p>\n<\/div>\n<\/div>\n<\/div>\n<\/div>\n<div class=\"flex items-center justify-center\"><\/div>\n","protected":false},"featured_media":103808,"comment_status":"closed","ping_status":"closed","template":"","meta":{"_acf_changed":false},"product_brand":[3086],"product_cat":[2534,2391,1937,1945,2532],"product_tag":[3142,2392],"class_list":{"0":"post-103811","1":"product","2":"type-product","3":"status-publish","4":"has-post-thumbnail","6":"product_brand-aserve","7":"product_cat-pilates-og-yoga-no","8":"product_cat-a-serve-no","9":"product_cat-merkevarer","10":"product_cat-treningsutstyr","11":"product_cat-yoga-no","12":"product_tag-a-serve","13":"product_tag-aserve-no","15":"first","16":"instock","17":"taxable","18":"shipping-taxable","19":"purchasable","20":"product-type-simple"},"acf":[],"_links":{"self":[{"href":"https:\/\/fysiolab.dk\/no\/wp-json\/wp\/v2\/product\/103811","targetHints":{"allow":["GET"]}}],"collection":[{"href":"https:\/\/fysiolab.dk\/no\/wp-json\/wp\/v2\/product"}],"about":[{"href":"https:\/\/fysiolab.dk\/no\/wp-json\/wp\/v2\/types\/product"}],"replies":[{"embeddable":true,"href":"https:\/\/fysiolab.dk\/no\/wp-json\/wp\/v2\/comments?post=103811"}],"wp:featuredmedia":[{"embeddable":true,"href":"https:\/\/fysiolab.dk\/no\/wp-json\/wp\/v2\/media\/103808"}],"wp:attachment":[{"href":"https:\/\/fysiolab.dk\/no\/wp-json\/wp\/v2\/media?parent=103811"}],"wp:term":[{"taxonomy":"product_brand","embeddable":true,"href":"https:\/\/fysiolab.dk\/no\/wp-json\/wp\/v2\/product_brand?post=103811"},{"taxonomy":"product_cat","embeddable":true,"href":"https:\/\/fysiolab.dk\/no\/wp-json\/wp\/v2\/product_cat?post=103811"},{"taxonomy":"product_tag","embeddable":true,"href":"https:\/\/fysiolab.dk\/no\/wp-json\/wp\/v2\/product_tag?post=103811"}],"curies":[{"name":"wp","href":"https:\/\/api.w.org\/{rel}","templated":true}]}}