{"id":103815,"date":"2026-02-02T17:45:03","date_gmt":"2026-02-02T16:45:03","guid":{"rendered":"https:\/\/fysiolab.dk\/product\/aserve-yoga-block-purple\/"},"modified":"2026-02-02T17:45:03","modified_gmt":"2026-02-02T16:45:03","slug":"aserve-yoga-block-purple","status":"publish","type":"product","link":"https:\/\/fysiolab.dk\/no\/product\/aserve-yoga-block-purple\/","title":{"rendered":"Aserve Yoga Block Purple"},"content":{"rendered":"<h3 data-start=\"170\" data-end=\"237\">Aserve yogablokk - lilla st\u00f8tte for trening, bevegelighet og balanse<\/h3>\n<p data-start=\"239\" data-end=\"547\">Aserve Yoga Block i lilla er et funksjonelt og ergonomisk treningsverkt\u00f8y som gj\u00f8r det lettere \u00e5 komme dypere inn i \u00f8velsene samtidig som du opprettholder riktig kroppsposisjon. Yogablokken er laget av fast, formstabilt skum som b\u00e5de st\u00f8tter og utfordrer kroppen i yoga, pilates og andre t\u00f8ynings- eller styrke\u00f8velser. <\/p>\n<p data-start=\"549\" data-end=\"1031\">Denne yogablokken m\u00e5ler <strong data-start=\"567\" data-end=\"589\">22,8 \u00d7 15,2 \u00d7 7 cm<\/strong> og er ideell for b\u00e5de nybegynnere og viderekomne. Den gir ekstra h\u00f8yde n\u00e5r det trengs, samtidig som den sikrer stabilitet og balanse. Blokken bidrar til \u00e5 avlaste ledd og muskler i stillinger der fleksibiliteten eller bevegeligheten er begrenset, noe som gir bedre kontroll og f\u00e6rre kompensasjoner i bevegelsene. Dette kan bidra til \u00e5 forbedre teknikken, redusere risikoen for overbelastning og st\u00f8tte progresjonen i treningen.   <\/p>\n<p data-start=\"1033\" data-end=\"1325\">Den lilla yogablokken er enkel \u00e5 ta med seg, robust i bruk og kan brukes i et bredt spekter av \u00f8velser - hjemme, p\u00e5 treningssenteret eller som en del av kliniske treningsprogrammer. Den er et verdifullt verkt\u00f8y for \u00e5 tilpasse \u00f8velsene til individuelle behov og fremme trygg og effektiv trening. <\/p>\n","protected":false},"excerpt":{"rendered":"<p><strong>Aserve yogablokk i lilla er et stabilt og allsidig hjelpemiddel for yoga, pilates og stretching. Den er laget av fast skum og m\u00e5ler 22,8 \u00d7 15,2 \u00d7 7 cm, og gir god st\u00f8tte, bedre balanse og gj\u00f8r det mulig \u00e5 justere kroppen riktig under \u00f8velsen. <\/strong><\/p>\n","protected":false},"featured_media":103814,"comment_status":"closed","ping_status":"closed","template":"","meta":{"_acf_changed":false},"product_brand":[3086],"product_cat":[2534,2391,1937,1945,2532],"product_tag":[3142,2392],"class_list":{"0":"post-103815","1":"product","2":"type-product","3":"status-publish","4":"has-post-thumbnail","6":"product_brand-aserve","7":"product_cat-pilates-og-yoga-no","8":"product_cat-a-serve-no","9":"product_cat-merkevarer","10":"product_cat-treningsutstyr","11":"product_cat-yoga-no","12":"product_tag-a-serve","13":"product_tag-aserve-no","15":"first","16":"instock","17":"taxable","18":"shipping-taxable","19":"purchasable","20":"product-type-simple"},"acf":[],"_links":{"self":[{"href":"https:\/\/fysiolab.dk\/no\/wp-json\/wp\/v2\/product\/103815","targetHints":{"allow":["GET"]}}],"collection":[{"href":"https:\/\/fysiolab.dk\/no\/wp-json\/wp\/v2\/product"}],"about":[{"href":"https:\/\/fysiolab.dk\/no\/wp-json\/wp\/v2\/types\/product"}],"replies":[{"embeddable":true,"href":"https:\/\/fysiolab.dk\/no\/wp-json\/wp\/v2\/comments?post=103815"}],"wp:featuredmedia":[{"embeddable":true,"href":"https:\/\/fysiolab.dk\/no\/wp-json\/wp\/v2\/media\/103814"}],"wp:attachment":[{"href":"https:\/\/fysiolab.dk\/no\/wp-json\/wp\/v2\/media?parent=103815"}],"wp:term":[{"taxonomy":"product_brand","embeddable":true,"href":"https:\/\/fysiolab.dk\/no\/wp-json\/wp\/v2\/product_brand?post=103815"},{"taxonomy":"product_cat","embeddable":true,"href":"https:\/\/fysiolab.dk\/no\/wp-json\/wp\/v2\/product_cat?post=103815"},{"taxonomy":"product_tag","embeddable":true,"href":"https:\/\/fysiolab.dk\/no\/wp-json\/wp\/v2\/product_tag?post=103815"}],"curies":[{"name":"wp","href":"https:\/\/api.w.org\/{rel}","templated":true}]}}