{"id":103833,"date":"2026-02-02T22:48:50","date_gmt":"2026-02-02T21:48:50","guid":{"rendered":"https:\/\/fysiolab.dk\/product\/energy-snack-bringebaer-12x60g\/"},"modified":"2026-02-02T22:48:50","modified_gmt":"2026-02-02T21:48:50","slug":"energy-snack-bringebaer-12x60g","status":"publish","type":"product","link":"https:\/\/fysiolab.dk\/no\/product\/energy-snack-bringebaer-12x60g\/","title":{"rendered":"Energy Snack Bringeb\u00e6r 12x60g"},"content":{"rendered":"<p>En blanding av friske bringeb\u00e6r og kremet vaniljetopping - h\u00f8res ikke det uimotst\u00e5elig ut? V\u00e5r Energy Snack med bringeb\u00e6r- og vaniljetopping vil friste smaksl\u00f8kene dine lenge f\u00f8r du tar den f\u00f8rste biten! <\/p>\n<p>Denne energibaren gir deg ikke bare en god smaksopplevelse, men leverer ogs\u00e5 den optimale balansen av karbohydrater for \u00e5 holde deg i gang, enten du er p\u00e5 vei til treningssenteret eller bare trenger et mellomm\u00e5ltid p\u00e5 farten. Det f\u00f8les nesten som en s\u00f8t, syndig kake - men her f\u00e5r du ren energi! <\/p>\n<p>V\u00e5r Raspberry Energy Snack er enkel \u00e5 ta med seg p\u00e5 farten, perfekt som mellomm\u00e5ltid eller for \u00e5 fylle p\u00e5 energidepotene f\u00f8r trening. Med en unik topping beholder den sin friske konsistens selv etter flere timer i baklommen. <\/p>\n<p>Hovedingrediensen er havre, som gir en n\u00e6ringsrik base av b\u00e5de fiber og fullkorn. Kombinasjonen av b\u00e5de komplekse og enkle karbohydrater s\u00f8rger for at energitilf\u00f8rselen er stabil og jevn over tid - ideelt for treningens krav. <\/p>\n<p>S\u00f8knad:<\/p>\n<p>En time f\u00f8r trening eller under lengre trenings\u00f8kter\/konkurranser.<\/p>\n<p>&nbsp;<\/p>\n<p>Ingredienser:<\/p>\n<p>44 % havre, gyllen sirup, margarin (vegetabilsk olje [palme, raps]), vann, salt, 19 % glasur (sukker, vegetabilsk olje [palme], vann, dekstrose, fruktose, salt, emulgator: E473, naturlig aroma, surhetsregulerende middel: E575, konserveringsmiddel: E202), demerarasukker, 0,5 % fryset\u00f8rkede bringeb\u00e6r, bringeb\u00e6rsmak.<\/p>\n<p>Kan inneholde spor av melk, pean\u00f8tter, n\u00f8tter, soya og egg.<\/p>\n","protected":false},"excerpt":{"rendered":"<ul>\n<li>Myk og deilig tekstur<\/li>\n<li>God metthetsf\u00f8lelse<\/li>\n<li>Det perfekte mellomm\u00e5ltidet<\/li>\n<li>Lett \u00e5 ta med seg i lommen<\/li>\n<\/ul>\n","protected":false},"featured_media":103828,"comment_status":"closed","ping_status":"closed","template":"","meta":{"_acf_changed":false},"product_brand":[3102],"product_cat":[1937,2473,2474,2232,2471],"product_tag":[2469],"class_list":{"0":"post-103833","1":"product","2":"type-product","3":"status-publish","4":"has-post-thumbnail","6":"product_brand-purepower","7":"product_cat-merkevarer","8":"product_cat-energibar-no","9":"product_cat-energibar-no-2","10":"product_cat-kosttilskudd","11":"product_cat-ren-kraft","12":"product_tag-ren-kraft","14":"first","15":"instock","16":"taxable","17":"shipping-taxable","18":"purchasable","19":"product-type-simple"},"acf":[],"_links":{"self":[{"href":"https:\/\/fysiolab.dk\/no\/wp-json\/wp\/v2\/product\/103833","targetHints":{"allow":["GET"]}}],"collection":[{"href":"https:\/\/fysiolab.dk\/no\/wp-json\/wp\/v2\/product"}],"about":[{"href":"https:\/\/fysiolab.dk\/no\/wp-json\/wp\/v2\/types\/product"}],"replies":[{"embeddable":true,"href":"https:\/\/fysiolab.dk\/no\/wp-json\/wp\/v2\/comments?post=103833"}],"wp:featuredmedia":[{"embeddable":true,"href":"https:\/\/fysiolab.dk\/no\/wp-json\/wp\/v2\/media\/103828"}],"wp:attachment":[{"href":"https:\/\/fysiolab.dk\/no\/wp-json\/wp\/v2\/media?parent=103833"}],"wp:term":[{"taxonomy":"product_brand","embeddable":true,"href":"https:\/\/fysiolab.dk\/no\/wp-json\/wp\/v2\/product_brand?post=103833"},{"taxonomy":"product_cat","embeddable":true,"href":"https:\/\/fysiolab.dk\/no\/wp-json\/wp\/v2\/product_cat?post=103833"},{"taxonomy":"product_tag","embeddable":true,"href":"https:\/\/fysiolab.dk\/no\/wp-json\/wp\/v2\/product_tag?post=103833"}],"curies":[{"name":"wp","href":"https:\/\/api.w.org\/{rel}","templated":true}]}}