{"id":103844,"date":"2026-02-02T23:00:28","date_gmt":"2026-02-02T22:00:28","guid":{"rendered":"https:\/\/fysiolab.dk\/product\/energy-snack-lemon-12x50-g\/"},"modified":"2026-02-02T23:00:28","modified_gmt":"2026-02-02T22:00:28","slug":"energy-snack-lemon-12x50-g","status":"publish","type":"product","link":"https:\/\/fysiolab.dk\/no\/product\/energy-snack-lemon-12x50-g\/","title":{"rendered":"Energy Snack Lemon 12&#215;50 g"},"content":{"rendered":"<p>Denne energibaren gir deg ikke bare en god smaksopplevelse, men leverer ogs\u00e5 den optimale balansen av karbohydrater for \u00e5 holde deg i gang, enten du er p\u00e5 vei til treningssenteret eller bare trenger et mellomm\u00e5ltid p\u00e5 farten. Det f\u00f8les nesten som en s\u00f8t, syndig kake - men her f\u00e5r du ren energi! <\/p>\n<p>V\u00e5r Energy Snack med sitronsmak er enkel \u00e5 ta med seg p\u00e5 farten, perfekt som mellomm\u00e5ltid eller for \u00e5 fylle p\u00e5 energilagrene f\u00f8r trening. Med en unik topping beholder den sin friske konsistens selv etter flere timer i baklommen. <\/p>\n<p>&nbsp;<\/p>\n<p>39 % <strong>havre<\/strong>, 18 % sitronfudge (sukker, vegetabilsk olje (palme), vann, dekstrose, fruktose, salt, emulgator\/emulgator: E473, naturlig aroma, surhetsregulerende midler: E575, E330, konserveringsmiddel: E202, farge: E161b), margarin (vegetabilsk olje (palme, raps), vann, salt), lys sirup, r\u00f8rsukker (demerara), sitronsmak: naturlige aromaer.<\/p>\n<p>Kan inneholde spor av: <strong>melk, n\u00f8tter, pean\u00f8tter\/jordn\u00f8tter og egg.<\/strong><\/p>\n","protected":false},"excerpt":{"rendered":"<ul>\n<li>Myk og deilig tekstur<\/li>\n<li>God metthetsf\u00f8lelse<\/li>\n<li>Det perfekte mellomm\u00e5ltidet<\/li>\n<li>Lett \u00e5 ta med seg i lommen<\/li>\n<\/ul>\n","protected":false},"featured_media":103837,"comment_status":"closed","ping_status":"closed","template":"","meta":{"_acf_changed":false},"product_brand":[3102],"product_cat":[2232,2473,2474,1937,2471],"product_tag":[2469],"class_list":{"0":"post-103844","1":"product","2":"type-product","3":"status-publish","4":"has-post-thumbnail","6":"product_brand-purepower","7":"product_cat-kosttilskudd","8":"product_cat-energibar-no","9":"product_cat-energibar-no-2","10":"product_cat-merkevarer","11":"product_cat-ren-kraft","12":"product_tag-ren-kraft","14":"first","15":"instock","16":"taxable","17":"shipping-taxable","18":"purchasable","19":"product-type-simple"},"acf":[],"_links":{"self":[{"href":"https:\/\/fysiolab.dk\/no\/wp-json\/wp\/v2\/product\/103844","targetHints":{"allow":["GET"]}}],"collection":[{"href":"https:\/\/fysiolab.dk\/no\/wp-json\/wp\/v2\/product"}],"about":[{"href":"https:\/\/fysiolab.dk\/no\/wp-json\/wp\/v2\/types\/product"}],"replies":[{"embeddable":true,"href":"https:\/\/fysiolab.dk\/no\/wp-json\/wp\/v2\/comments?post=103844"}],"wp:featuredmedia":[{"embeddable":true,"href":"https:\/\/fysiolab.dk\/no\/wp-json\/wp\/v2\/media\/103837"}],"wp:attachment":[{"href":"https:\/\/fysiolab.dk\/no\/wp-json\/wp\/v2\/media?parent=103844"}],"wp:term":[{"taxonomy":"product_brand","embeddable":true,"href":"https:\/\/fysiolab.dk\/no\/wp-json\/wp\/v2\/product_brand?post=103844"},{"taxonomy":"product_cat","embeddable":true,"href":"https:\/\/fysiolab.dk\/no\/wp-json\/wp\/v2\/product_cat?post=103844"},{"taxonomy":"product_tag","embeddable":true,"href":"https:\/\/fysiolab.dk\/no\/wp-json\/wp\/v2\/product_tag?post=103844"}],"curies":[{"name":"wp","href":"https:\/\/api.w.org\/{rel}","templated":true}]}}