{"id":104098,"date":"2026-02-07T17:48:27","date_gmt":"2026-02-07T16:48:27","guid":{"rendered":"https:\/\/fysiolab.dk\/product\/aserve-massasjebord-de-luxe\/"},"modified":"2026-02-07T17:48:27","modified_gmt":"2026-02-07T16:48:27","slug":"aserve-massasjebord-de-luxe","status":"publish","type":"product","link":"https:\/\/fysiolab.dk\/no\/product\/aserve-massasjebord-de-luxe\/","title":{"rendered":"Aserve Massasjebord De Luxe"},"content":{"rendered":"<p>Ramme: Pulverlakkert og galvanisert aluminium. Overflate: kraftig kunstskinn. Madrass: 7 cm tykk skumpolstring. Lett \u00e5 brette sammen og sette opp uten verkt\u00f8y. Bredde: 66 cm, men 71 cm inkl. vinger. Lengde: 185 cm, men 195 cm inkl. ansiktsst\u00f8tte. Justerbar h\u00f8yde: 68 til 79 cm. Justerbar ryggst\u00f8tte. Kapasitet ca. 225 kg. Sammenfoldede m\u00e5l: 92,5 x 66 x 14 cm. Vekt: 17 kg. Utstyr: Ansiktsst\u00f8tte, armst\u00f8tte, bag og vinger inkludert              <\/p>\n","protected":false},"excerpt":{"rendered":"<h2>De Luxe massasjebenk laget av aluminium og bl\u00e5tt PVC-kunstskinn med 7 cm tykk skumpolstring. <\/h2>\n","protected":false},"featured_media":104097,"comment_status":"closed","ping_status":"closed","template":"","meta":{"_acf_changed":false},"product_brand":[3086],"product_cat":[1948,2391,3191,1937],"product_tag":[2392],"class_list":{"0":"post-104098","1":"product","2":"type-product","3":"status-publish","4":"has-post-thumbnail","6":"product_brand-aserve","7":"product_cat-klinikk","8":"product_cat-a-serve-no","9":"product_cat-massasjeskiver-og-tilbehoer","10":"product_cat-merkevarer","11":"product_tag-aserve-no","13":"first","14":"instock","15":"taxable","16":"shipping-taxable","17":"purchasable","18":"product-type-simple"},"acf":[],"_links":{"self":[{"href":"https:\/\/fysiolab.dk\/no\/wp-json\/wp\/v2\/product\/104098","targetHints":{"allow":["GET"]}}],"collection":[{"href":"https:\/\/fysiolab.dk\/no\/wp-json\/wp\/v2\/product"}],"about":[{"href":"https:\/\/fysiolab.dk\/no\/wp-json\/wp\/v2\/types\/product"}],"replies":[{"embeddable":true,"href":"https:\/\/fysiolab.dk\/no\/wp-json\/wp\/v2\/comments?post=104098"}],"wp:featuredmedia":[{"embeddable":true,"href":"https:\/\/fysiolab.dk\/no\/wp-json\/wp\/v2\/media\/104097"}],"wp:attachment":[{"href":"https:\/\/fysiolab.dk\/no\/wp-json\/wp\/v2\/media?parent=104098"}],"wp:term":[{"taxonomy":"product_brand","embeddable":true,"href":"https:\/\/fysiolab.dk\/no\/wp-json\/wp\/v2\/product_brand?post=104098"},{"taxonomy":"product_cat","embeddable":true,"href":"https:\/\/fysiolab.dk\/no\/wp-json\/wp\/v2\/product_cat?post=104098"},{"taxonomy":"product_tag","embeddable":true,"href":"https:\/\/fysiolab.dk\/no\/wp-json\/wp\/v2\/product_tag?post=104098"}],"curies":[{"name":"wp","href":"https:\/\/api.w.org\/{rel}","templated":true}]}}