{"id":104110,"date":"2026-02-07T21:02:13","date_gmt":"2026-02-07T20:02:13","guid":{"rendered":"https:\/\/fysiolab.dk\/product\/aserve-knepute-halvrund\/"},"modified":"2026-02-07T21:02:13","modified_gmt":"2026-02-07T20:02:13","slug":"aserve-knepute-halvrund","status":"publish","type":"product","link":"https:\/\/fysiolab.dk\/no\/product\/aserve-knepute-halvrund\/","title":{"rendered":"Aserve Knepute, halvrund"},"content":{"rendered":"<p>Halvrund knepute laget av bl\u00e5tt PVC-l\u00e6r. 56 cm. lang, 8 cm. h\u00f8y og 18 cm. bred.    <\/p>\n","protected":false},"excerpt":{"rendered":"<h2>Halvrund knepute laget av bl\u00e5tt PVC-l\u00e6r. 56 cm. lang, 8 cm. h\u00f8y og 18 cm. bred.    <\/h2>\n","protected":false},"featured_media":104109,"comment_status":"closed","ping_status":"closed","template":"","meta":{"_acf_changed":false},"product_brand":[3086],"product_cat":[1948,2391,3191,1937],"product_tag":[2392],"class_list":{"0":"post-104110","1":"product","2":"type-product","3":"status-publish","4":"has-post-thumbnail","6":"product_brand-aserve","7":"product_cat-klinikk","8":"product_cat-a-serve-no","9":"product_cat-massasjeskiver-og-tilbehoer","10":"product_cat-merkevarer","11":"product_tag-aserve-no","13":"first","14":"instock","15":"taxable","16":"shipping-taxable","17":"purchasable","18":"product-type-simple"},"acf":[],"_links":{"self":[{"href":"https:\/\/fysiolab.dk\/no\/wp-json\/wp\/v2\/product\/104110","targetHints":{"allow":["GET"]}}],"collection":[{"href":"https:\/\/fysiolab.dk\/no\/wp-json\/wp\/v2\/product"}],"about":[{"href":"https:\/\/fysiolab.dk\/no\/wp-json\/wp\/v2\/types\/product"}],"replies":[{"embeddable":true,"href":"https:\/\/fysiolab.dk\/no\/wp-json\/wp\/v2\/comments?post=104110"}],"wp:featuredmedia":[{"embeddable":true,"href":"https:\/\/fysiolab.dk\/no\/wp-json\/wp\/v2\/media\/104109"}],"wp:attachment":[{"href":"https:\/\/fysiolab.dk\/no\/wp-json\/wp\/v2\/media?parent=104110"}],"wp:term":[{"taxonomy":"product_brand","embeddable":true,"href":"https:\/\/fysiolab.dk\/no\/wp-json\/wp\/v2\/product_brand?post=104110"},{"taxonomy":"product_cat","embeddable":true,"href":"https:\/\/fysiolab.dk\/no\/wp-json\/wp\/v2\/product_cat?post=104110"},{"taxonomy":"product_tag","embeddable":true,"href":"https:\/\/fysiolab.dk\/no\/wp-json\/wp\/v2\/product_tag?post=104110"}],"curies":[{"name":"wp","href":"https:\/\/api.w.org\/{rel}","templated":true}]}}