{"id":104132,"date":"2026-02-07T21:22:25","date_gmt":"2026-02-07T20:22:25","guid":{"rendered":"https:\/\/fysiolab.dk\/product\/aserve-haandkle-100-bomull\/"},"modified":"2026-02-07T21:22:25","modified_gmt":"2026-02-07T20:22:25","slug":"aserve-haandkle-100-bomull","status":"publish","type":"product","link":"https:\/\/fysiolab.dk\/no\/product\/aserve-haandkle-100-bomull\/","title":{"rendered":"Aserve H\u00e5ndkle. 100 % bomull"},"content":{"rendered":"<p>Hvitt h\u00e5ndkle 50 cm x 100 cm. 350 gram per m2. 100 % bomull.<br \/>\nVaskes p\u00e5 60 grader og t\u00f8rkes i t\u00f8rketrommel. <\/p>\n<p>&nbsp;<\/p>\n","protected":false},"excerpt":{"rendered":"<p>Stilig h\u00e5ndkle for privat eller klinisk bruk.<\/p>\n","protected":false},"featured_media":104131,"comment_status":"closed","ping_status":"closed","template":"","meta":{"_acf_changed":false},"product_brand":[3086],"product_cat":[1948,2391,3191,1937],"product_tag":[2392],"class_list":{"0":"post-104132","1":"product","2":"type-product","3":"status-publish","4":"has-post-thumbnail","6":"product_brand-aserve","7":"product_cat-klinikk","8":"product_cat-a-serve-no","9":"product_cat-massasjeskiver-og-tilbehoer","10":"product_cat-merkevarer","11":"product_tag-aserve-no","13":"first","14":"instock","15":"taxable","16":"shipping-taxable","17":"purchasable","18":"product-type-simple"},"acf":[],"_links":{"self":[{"href":"https:\/\/fysiolab.dk\/no\/wp-json\/wp\/v2\/product\/104132","targetHints":{"allow":["GET"]}}],"collection":[{"href":"https:\/\/fysiolab.dk\/no\/wp-json\/wp\/v2\/product"}],"about":[{"href":"https:\/\/fysiolab.dk\/no\/wp-json\/wp\/v2\/types\/product"}],"replies":[{"embeddable":true,"href":"https:\/\/fysiolab.dk\/no\/wp-json\/wp\/v2\/comments?post=104132"}],"wp:featuredmedia":[{"embeddable":true,"href":"https:\/\/fysiolab.dk\/no\/wp-json\/wp\/v2\/media\/104131"}],"wp:attachment":[{"href":"https:\/\/fysiolab.dk\/no\/wp-json\/wp\/v2\/media?parent=104132"}],"wp:term":[{"taxonomy":"product_brand","embeddable":true,"href":"https:\/\/fysiolab.dk\/no\/wp-json\/wp\/v2\/product_brand?post=104132"},{"taxonomy":"product_cat","embeddable":true,"href":"https:\/\/fysiolab.dk\/no\/wp-json\/wp\/v2\/product_cat?post=104132"},{"taxonomy":"product_tag","embeddable":true,"href":"https:\/\/fysiolab.dk\/no\/wp-json\/wp\/v2\/product_tag?post=104132"}],"curies":[{"name":"wp","href":"https:\/\/api.w.org\/{rel}","templated":true}]}}