{"id":104152,"date":"2026-02-07T22:00:52","date_gmt":"2026-02-07T21:00:52","guid":{"rendered":"https:\/\/fysiolab.dk\/product\/aserve-aluminium-koffert\/"},"modified":"2026-02-07T22:00:52","modified_gmt":"2026-02-07T21:00:52","slug":"aserve-aluminium-koffert","status":"publish","type":"product","link":"https:\/\/fysiolab.dk\/no\/product\/aserve-aluminium-koffert\/","title":{"rendered":"Aserve Aluminium-koffert"},"content":{"rendered":"<p>F\u00f8rstehjelpsskrin i kraftig aluminium med inndelte rom. Kofferten er ideell for reiser. En eksklusiv koffert for den profesjonelle ut\u00f8veren. Kofferten kan l\u00e5ses. St\u00f8rrelse: 50 x 15 x 40 cm.    <\/p>\n","protected":false},"excerpt":{"rendered":"<p>F\u00f8rstehjelpsskrin i kraftig aluminium med inndelte rom.<\/p>\n","protected":false},"featured_media":104149,"comment_status":"closed","ping_status":"closed","template":"","meta":{"_acf_changed":false},"product_brand":[3086],"product_cat":[1948,2391,3195,1937],"product_tag":[2392],"class_list":{"0":"post-104152","1":"product","2":"type-product","3":"status-publish","4":"has-post-thumbnail","6":"product_brand-aserve","7":"product_cat-klinikk","8":"product_cat-a-serve-no","9":"product_cat-kofferter-og-vesker","10":"product_cat-merkevarer","11":"product_tag-aserve-no","13":"first","14":"instock","15":"taxable","16":"shipping-taxable","17":"purchasable","18":"product-type-simple"},"acf":[],"_links":{"self":[{"href":"https:\/\/fysiolab.dk\/no\/wp-json\/wp\/v2\/product\/104152","targetHints":{"allow":["GET"]}}],"collection":[{"href":"https:\/\/fysiolab.dk\/no\/wp-json\/wp\/v2\/product"}],"about":[{"href":"https:\/\/fysiolab.dk\/no\/wp-json\/wp\/v2\/types\/product"}],"replies":[{"embeddable":true,"href":"https:\/\/fysiolab.dk\/no\/wp-json\/wp\/v2\/comments?post=104152"}],"wp:featuredmedia":[{"embeddable":true,"href":"https:\/\/fysiolab.dk\/no\/wp-json\/wp\/v2\/media\/104149"}],"wp:attachment":[{"href":"https:\/\/fysiolab.dk\/no\/wp-json\/wp\/v2\/media?parent=104152"}],"wp:term":[{"taxonomy":"product_brand","embeddable":true,"href":"https:\/\/fysiolab.dk\/no\/wp-json\/wp\/v2\/product_brand?post=104152"},{"taxonomy":"product_cat","embeddable":true,"href":"https:\/\/fysiolab.dk\/no\/wp-json\/wp\/v2\/product_cat?post=104152"},{"taxonomy":"product_tag","embeddable":true,"href":"https:\/\/fysiolab.dk\/no\/wp-json\/wp\/v2\/product_tag?post=104152"}],"curies":[{"name":"wp","href":"https:\/\/api.w.org\/{rel}","templated":true}]}}