{"id":104158,"date":"2026-02-07T22:03:43","date_gmt":"2026-02-07T21:03:43","guid":{"rendered":"https:\/\/fysiolab.dk\/product\/aserve-medisinsk-koffert-medium\/"},"modified":"2026-02-07T22:03:43","modified_gmt":"2026-02-07T21:03:43","slug":"aserve-medisinsk-koffert-medium","status":"publish","type":"product","link":"https:\/\/fysiolab.dk\/no\/product\/aserve-medisinsk-koffert-medium\/","title":{"rendered":"Aserve medisinsk koffert Medium"},"content":{"rendered":"<p>Aserve medisinsk koffert medium inkluderer 7 innlegg og skillevegger for inndeling av bunnen.<br \/>\nMeget robust medisinsk koffert laget av polypropylen (PP). Fleksibel rominndeling ved hjelp av innsatser. 2 skuffer for sm\u00e5ting i bunnen.<br \/>\nSideh\u00e5ndtak gj\u00f8r den enkel \u00e5 b\u00e6re rundt.<br \/>\nDenne romslige og slitesterke kofferten brukes av alle v\u00e5re lag i Superligaen og H\u00e5ndball-ligaen.<br \/>\nSt\u00f8rrelse: 29 x 54 x 30 cm.<br \/>\nVekt 4,6 kg.<br \/>\nLastekapasitet 40 kg.<br \/>\nKapasitet 24,7 L.  <\/p>\n","protected":false},"excerpt":{"rendered":"<p>Aserve medisinsk koffert medium \u00e5pnes i toppen og har et avtakbart brett med 7 rom for diverse sm\u00e5ting \u00f8verst i kofferten. Det er ogs\u00e5 2 skuffer i bunnen. <\/p>\n","protected":false},"featured_media":104155,"comment_status":"closed","ping_status":"closed","template":"","meta":{"_acf_changed":false},"product_brand":[3086],"product_cat":[1948,2391,3195,1937],"product_tag":[2392],"class_list":{"0":"post-104158","1":"product","2":"type-product","3":"status-publish","4":"has-post-thumbnail","6":"product_brand-aserve","7":"product_cat-klinikk","8":"product_cat-a-serve-no","9":"product_cat-kofferter-og-vesker","10":"product_cat-merkevarer","11":"product_tag-aserve-no","13":"first","14":"instock","15":"taxable","16":"shipping-taxable","17":"purchasable","18":"product-type-simple"},"acf":[],"_links":{"self":[{"href":"https:\/\/fysiolab.dk\/no\/wp-json\/wp\/v2\/product\/104158","targetHints":{"allow":["GET"]}}],"collection":[{"href":"https:\/\/fysiolab.dk\/no\/wp-json\/wp\/v2\/product"}],"about":[{"href":"https:\/\/fysiolab.dk\/no\/wp-json\/wp\/v2\/types\/product"}],"replies":[{"embeddable":true,"href":"https:\/\/fysiolab.dk\/no\/wp-json\/wp\/v2\/comments?post=104158"}],"wp:featuredmedia":[{"embeddable":true,"href":"https:\/\/fysiolab.dk\/no\/wp-json\/wp\/v2\/media\/104155"}],"wp:attachment":[{"href":"https:\/\/fysiolab.dk\/no\/wp-json\/wp\/v2\/media?parent=104158"}],"wp:term":[{"taxonomy":"product_brand","embeddable":true,"href":"https:\/\/fysiolab.dk\/no\/wp-json\/wp\/v2\/product_brand?post=104158"},{"taxonomy":"product_cat","embeddable":true,"href":"https:\/\/fysiolab.dk\/no\/wp-json\/wp\/v2\/product_cat?post=104158"},{"taxonomy":"product_tag","embeddable":true,"href":"https:\/\/fysiolab.dk\/no\/wp-json\/wp\/v2\/product_tag?post=104158"}],"curies":[{"name":"wp","href":"https:\/\/api.w.org\/{rel}","templated":true}]}}