{"id":104168,"date":"2026-02-07T22:14:40","date_gmt":"2026-02-07T21:14:40","guid":{"rendered":"https:\/\/fysiolab.dk\/product\/druesukker-druesukkerbiter-lime-12-x-14-stk\/"},"modified":"2026-02-07T22:14:40","modified_gmt":"2026-02-07T21:14:40","slug":"druesukker-druesukkerbiter-lime-12-x-14-stk","status":"publish","type":"product","link":"https:\/\/fysiolab.dk\/no\/product\/druesukker-druesukkerbiter-lime-12-x-14-stk\/","title":{"rendered":"Druesukker - Druesukkerbiter Lime 12 x 14 stk"},"content":{"rendered":"<p class=\"\" data-end=\"1570\" data-start=\"1357\">Dextrose Bites Lime gir deg ren, rask energi med en forfriskende sitrusvri. Hver tablett er fullpakket med dekstrose - en hurtigabsorberende form for glukose som leverer energi direkte til blodoml\u00f8pet uten forsinkelse. <\/p>\n<p class=\"\" data-end=\"1859\" data-start=\"1572\">Perfekt f\u00f8r h\u00f8yintensiv trening, mellom harde intervaller eller som et supplement p\u00e5 langdistanse. De har en h\u00f8y glykemisk indeks, noe som betyr at du kjenner effekten raskt - og de fungerer godt sammen med geler og andre karbohydrater for \u00e5 gi deg den optimale energimengden per time. <\/p>\n<div>\n<div class=\"flex items-center justify-between\">\n<h2 class=\"flex items-center flex-auto mb-0 font-bold disclosure__title product-info__disclosure font-body text-body\">S\u00d8KNAD<\/h2>\n<\/div>\n<\/div>\n<div class=\"disclosure__panel has-motion\">\n<div class=\"disclosure__content rte\">\n<div class=\"metafield-rich_text_field\">\n<p>Ta 1-3 tabletter etter behov, f.eks. rett f\u00f8r trening, under en lang l\u00f8petur eller som rask energi n\u00e5r energiniv\u00e5et synker. Lett \u00e5 ta med seg og krever ikke vann. <\/p>\n<p>Tabletten l\u00f8ses raskt opp i munnen og gir kroppen et lettopptagelig energitilskudd.<\/p>\n<p><strong>Dosering<\/strong><br \/>\n1 tablett inneholder 3,1 g karbohydrater.<br \/>\nTa etter behov<\/p>\n<h2 class=\"flex items-center flex-auto mb-0 font-bold disclosure__title product-info__disclosure font-body text-body\">Ingredienser<\/h2>\n<p>Dekstrose, maltodekstrin, surhetsregulerende middel: E330, aroma, klumpforebyggende middel\/antiklumpemiddel: E470b.<\/p>\n<\/div>\n<\/div>\n<\/div>\n","protected":false},"excerpt":{"rendered":"<p>Rask og lettabsorbert energi med en deilig smak.<\/p>\n","protected":false},"featured_media":104170,"comment_status":"closed","ping_status":"closed","template":"","meta":{"_acf_changed":false},"product_brand":[3102],"product_cat":[2232,1937,2234,2471],"product_tag":[2469],"class_list":{"0":"post-104168","1":"product","2":"type-product","3":"status-publish","4":"has-post-thumbnail","6":"product_brand-purepower","7":"product_cat-kosttilskudd","8":"product_cat-merkevarer","9":"product_cat-mineraler-og-diverse","10":"product_cat-ren-kraft","11":"product_tag-ren-kraft","13":"first","14":"instock","15":"sale","16":"taxable","17":"shipping-taxable","18":"purchasable","19":"product-type-simple"},"acf":[],"_links":{"self":[{"href":"https:\/\/fysiolab.dk\/no\/wp-json\/wp\/v2\/product\/104168","targetHints":{"allow":["GET"]}}],"collection":[{"href":"https:\/\/fysiolab.dk\/no\/wp-json\/wp\/v2\/product"}],"about":[{"href":"https:\/\/fysiolab.dk\/no\/wp-json\/wp\/v2\/types\/product"}],"replies":[{"embeddable":true,"href":"https:\/\/fysiolab.dk\/no\/wp-json\/wp\/v2\/comments?post=104168"}],"wp:featuredmedia":[{"embeddable":true,"href":"https:\/\/fysiolab.dk\/no\/wp-json\/wp\/v2\/media\/104170"}],"wp:attachment":[{"href":"https:\/\/fysiolab.dk\/no\/wp-json\/wp\/v2\/media?parent=104168"}],"wp:term":[{"taxonomy":"product_brand","embeddable":true,"href":"https:\/\/fysiolab.dk\/no\/wp-json\/wp\/v2\/product_brand?post=104168"},{"taxonomy":"product_cat","embeddable":true,"href":"https:\/\/fysiolab.dk\/no\/wp-json\/wp\/v2\/product_cat?post=104168"},{"taxonomy":"product_tag","embeddable":true,"href":"https:\/\/fysiolab.dk\/no\/wp-json\/wp\/v2\/product_tag?post=104168"}],"curies":[{"name":"wp","href":"https:\/\/api.w.org\/{rel}","templated":true}]}}