{"id":104196,"date":"2026-02-08T06:45:42","date_gmt":"2026-02-08T05:45:42","guid":{"rendered":"https:\/\/fysiolab.dk\/product\/sklz-pro-mini-hoop-midnight\/"},"modified":"2026-02-08T06:45:42","modified_gmt":"2026-02-08T05:45:42","slug":"sklz-pro-mini-hoop-midnight","status":"publish","type":"product","link":"https:\/\/fysiolab.dk\/no\/product\/sklz-pro-mini-hoop-midnight\/","title":{"rendered":"SKLZ Pro Mini Hoop Midnight"},"content":{"rendered":"<h2>Pro Mini Hoop Midnight - basketballsett<\/h2>\n<p>Innend\u00f8rs, utend\u00f8rs, p\u00e5 kontoret eller p\u00e5 hybelen - Pro Mini Hoop Micro-basketballsettet kan brukes overalt. Kan brukes av b\u00e5de voksne og barn. Bli din egen basketballstjerne p\u00e5 rommet eller kontoret. Med dette smarte basketballsettet kan du ogs\u00e5 spille i m\u00f8rket, da b\u00e5de ball og kurv lyser opp i m\u00f8rket. Bakplaten har en bakside av bomullsull for \u00e5 beskytte d\u00f8ren mot riper.    <\/p>\n<ul>\n<li>Inkluderer 1 selvlysende minibasketball (12,7 cm i diameter) <\/li>\n<li>Bakplaten m\u00e5ler 45,7 cm. x 30,5 cm, kurven m\u00e5ler 22,9 cm i diameter<\/li>\n<li>Henges enkelt over en d\u00f8r<\/li>\n<\/ul>\n","protected":false},"excerpt":{"rendered":"<p>Selvlysende basketballkurv inkl. ball for lek og moro.<\/p>\n","protected":false},"featured_media":104185,"comment_status":"closed","ping_status":"closed","template":"","meta":{"_acf_changed":false},"product_brand":[3132],"product_cat":[1937,2208],"product_tag":[2210],"class_list":{"0":"post-104196","1":"product","2":"type-product","3":"status-publish","4":"has-post-thumbnail","6":"product_brand-sklz","7":"product_cat-merkevarer","8":"product_cat-sklz-no-2","9":"product_tag-sklz-no","11":"first","12":"instock","13":"taxable","14":"shipping-taxable","15":"purchasable","16":"product-type-simple"},"acf":[],"_links":{"self":[{"href":"https:\/\/fysiolab.dk\/no\/wp-json\/wp\/v2\/product\/104196","targetHints":{"allow":["GET"]}}],"collection":[{"href":"https:\/\/fysiolab.dk\/no\/wp-json\/wp\/v2\/product"}],"about":[{"href":"https:\/\/fysiolab.dk\/no\/wp-json\/wp\/v2\/types\/product"}],"replies":[{"embeddable":true,"href":"https:\/\/fysiolab.dk\/no\/wp-json\/wp\/v2\/comments?post=104196"}],"wp:featuredmedia":[{"embeddable":true,"href":"https:\/\/fysiolab.dk\/no\/wp-json\/wp\/v2\/media\/104185"}],"wp:attachment":[{"href":"https:\/\/fysiolab.dk\/no\/wp-json\/wp\/v2\/media?parent=104196"}],"wp:term":[{"taxonomy":"product_brand","embeddable":true,"href":"https:\/\/fysiolab.dk\/no\/wp-json\/wp\/v2\/product_brand?post=104196"},{"taxonomy":"product_cat","embeddable":true,"href":"https:\/\/fysiolab.dk\/no\/wp-json\/wp\/v2\/product_cat?post=104196"},{"taxonomy":"product_tag","embeddable":true,"href":"https:\/\/fysiolab.dk\/no\/wp-json\/wp\/v2\/product_tag?post=104196"}],"curies":[{"name":"wp","href":"https:\/\/api.w.org\/{rel}","templated":true}]}}