{"id":104212,"date":"2026-02-08T06:52:02","date_gmt":"2026-02-08T05:52:02","guid":{"rendered":"https:\/\/fysiolab.dk\/product\/sklz-pro-mini-hoop-micro\/"},"modified":"2026-02-08T06:52:02","modified_gmt":"2026-02-08T05:52:02","slug":"sklz-pro-mini-hoop-micro","status":"publish","type":"product","link":"https:\/\/fysiolab.dk\/no\/product\/sklz-pro-mini-hoop-micro\/","title":{"rendered":"SKLZ Pro Mini Hoop Micro"},"content":{"rendered":"<h2>Pro Mini Hoop Micro - basketballsett<\/h2>\n<p>Innend\u00f8rs, utend\u00f8rs, p\u00e5 kontoret eller p\u00e5 hybelen - Pro Mini Hoop Micro-basketballsettet kan brukes overalt. Spill basketball i mikroformat. Kan brukes av b\u00e5de voksne og barn. Pro Mini Hoop Micro leveres med et sterkt 3-lags nett. Bakplaten er belagt med bomullsull for \u00e5 beskytte d\u00f8ren den henges opp p\u00e5. Kurv og bakplateelementer i svart.     <\/p>\n<ul>\n<li>Bakplaten m\u00e5ler 38 cm. \u00d7 25,4 cm. <\/li>\n<li>Leveres med miniball i skum (10,2 cm i diameter)<\/li>\n<li>Metallkurv<\/li>\n<li>To kroker for \u00e5 henge den p\u00e5 en d\u00f8r<\/li>\n<\/ul>\n","protected":false},"excerpt":{"rendered":"<p>Mini basketballkurv inkl. mini skumgummiball<\/p>\n","protected":false},"featured_media":104199,"comment_status":"closed","ping_status":"closed","template":"","meta":{"_acf_changed":false},"product_brand":[3132],"product_cat":[1937,2208],"product_tag":[2210],"class_list":{"0":"post-104212","1":"product","2":"type-product","3":"status-publish","4":"has-post-thumbnail","6":"product_brand-sklz","7":"product_cat-merkevarer","8":"product_cat-sklz-no-2","9":"product_tag-sklz-no","11":"first","12":"instock","13":"taxable","14":"shipping-taxable","15":"purchasable","16":"product-type-simple"},"acf":[],"_links":{"self":[{"href":"https:\/\/fysiolab.dk\/no\/wp-json\/wp\/v2\/product\/104212","targetHints":{"allow":["GET"]}}],"collection":[{"href":"https:\/\/fysiolab.dk\/no\/wp-json\/wp\/v2\/product"}],"about":[{"href":"https:\/\/fysiolab.dk\/no\/wp-json\/wp\/v2\/types\/product"}],"replies":[{"embeddable":true,"href":"https:\/\/fysiolab.dk\/no\/wp-json\/wp\/v2\/comments?post=104212"}],"wp:featuredmedia":[{"embeddable":true,"href":"https:\/\/fysiolab.dk\/no\/wp-json\/wp\/v2\/media\/104199"}],"wp:attachment":[{"href":"https:\/\/fysiolab.dk\/no\/wp-json\/wp\/v2\/media?parent=104212"}],"wp:term":[{"taxonomy":"product_brand","embeddable":true,"href":"https:\/\/fysiolab.dk\/no\/wp-json\/wp\/v2\/product_brand?post=104212"},{"taxonomy":"product_cat","embeddable":true,"href":"https:\/\/fysiolab.dk\/no\/wp-json\/wp\/v2\/product_cat?post=104212"},{"taxonomy":"product_tag","embeddable":true,"href":"https:\/\/fysiolab.dk\/no\/wp-json\/wp\/v2\/product_tag?post=104212"}],"curies":[{"name":"wp","href":"https:\/\/api.w.org\/{rel}","templated":true}]}}