{"id":104222,"date":"2026-02-08T07:01:37","date_gmt":"2026-02-08T06:01:37","guid":{"rendered":"https:\/\/fysiolab.dk\/product\/sklz-soccer-magnacoach-fotballtaktiktavle\/"},"modified":"2026-02-08T07:01:37","modified_gmt":"2026-02-08T06:01:37","slug":"sklz-soccer-magnacoach-fotballtaktiktavle","status":"publish","type":"product","link":"https:\/\/fysiolab.dk\/no\/product\/sklz-soccer-magnacoach-fotballtaktiktavle\/","title":{"rendered":"SKLZ Soccer MagnaCoach - Fotballtaktiktavle"},"content":{"rendered":"<h2>SKLZ MagnaCoach - taktiktavle for fotball<\/h2>\n<p>SKLZ magnetisk taktiktavle leveres med b\u00e5de tusj og magneter. SKLZ Soccer Magnacoach er perfekt for trenere som \u00f8nsker \u00e5 kommunisere presist og tydelig med spillerne sine. SKLZ MagnaCoach har et design som gj\u00f8r det mulig \u00e5 kommunisere enkelt og visuelt. Det kan v\u00e6re alt fra posisjonering, taktiske overveielser og d\u00f8dballer i ulike situasjoner.   <\/p>\n<ul>\n<li>M\u00e5l: H\u00f8yde 42 cm. x Bredde 24 cm. <\/li>\n<li>Vekt: 425 gram.<\/li>\n<li>Blekk og 24 magneter medf\u00f8lger.<\/li>\n<li>Slitesterk og motstandsdyktig mot alle v\u00e6rforhold.<\/li>\n<\/ul>\n<h3>SKLZ Fotballtaktiktavle med magnet og tusj<\/h3>\n<p>SKLZ Soccer Magnacoach er den perfekte taktiktavlen. Et enkelt verkt\u00f8y for trenere som \u00f8nsker \u00e5 visualisere taktisk planlegging, ideer og oppgaver slik at spillerne forst\u00e5r trenerens budskap. Det er et verkt\u00f8y som gir trenerne de beste mulighetene til \u00e5 kommunisere og utvikle spillerne sine b\u00e5de offensivt og defensivt.  <\/p>\n<h3>Mark\u00f8rer og magneter<\/h3>\n<p>Inkluderer en tusj som kan brukes p\u00e5 taktiktavlen og som er lett \u00e5 viske ut. I tillegg er det 24 magneter. Dette sikrer at alle spillerne vet hvordan de skal plassere seg i enhver gitt situasjon p\u00e5 fotballbanen.  <\/p>\n","protected":false},"excerpt":{"rendered":"<p>Magnetisk fotballtaktiktavle fra SKLZ inkl. 24 magneter og tusj<\/p>\n","protected":false},"featured_media":104215,"comment_status":"closed","ping_status":"closed","template":"","meta":{"_acf_changed":false},"product_brand":[3132],"product_cat":[1937,2218,2208,2220,1945],"product_tag":[2210],"class_list":{"0":"post-104222","1":"product","2":"type-product","3":"status-publish","4":"has-post-thumbnail","6":"product_brand-sklz","7":"product_cat-merkevarer","8":"product_cat-fotball-og-fotball","9":"product_cat-sklz-no-2","10":"product_cat-sklz-fotball","11":"product_cat-treningsutstyr","12":"product_tag-sklz-no","14":"first","15":"instock","16":"taxable","17":"shipping-taxable","18":"purchasable","19":"product-type-simple"},"acf":[],"_links":{"self":[{"href":"https:\/\/fysiolab.dk\/no\/wp-json\/wp\/v2\/product\/104222","targetHints":{"allow":["GET"]}}],"collection":[{"href":"https:\/\/fysiolab.dk\/no\/wp-json\/wp\/v2\/product"}],"about":[{"href":"https:\/\/fysiolab.dk\/no\/wp-json\/wp\/v2\/types\/product"}],"replies":[{"embeddable":true,"href":"https:\/\/fysiolab.dk\/no\/wp-json\/wp\/v2\/comments?post=104222"}],"wp:featuredmedia":[{"embeddable":true,"href":"https:\/\/fysiolab.dk\/no\/wp-json\/wp\/v2\/media\/104215"}],"wp:attachment":[{"href":"https:\/\/fysiolab.dk\/no\/wp-json\/wp\/v2\/media?parent=104222"}],"wp:term":[{"taxonomy":"product_brand","embeddable":true,"href":"https:\/\/fysiolab.dk\/no\/wp-json\/wp\/v2\/product_brand?post=104222"},{"taxonomy":"product_cat","embeddable":true,"href":"https:\/\/fysiolab.dk\/no\/wp-json\/wp\/v2\/product_cat?post=104222"},{"taxonomy":"product_tag","embeddable":true,"href":"https:\/\/fysiolab.dk\/no\/wp-json\/wp\/v2\/product_tag?post=104222"}],"curies":[{"name":"wp","href":"https:\/\/api.w.org\/{rel}","templated":true}]}}