{"id":104351,"date":"2026-02-09T19:01:55","date_gmt":"2026-02-09T18:01:55","guid":{"rendered":"https:\/\/fysiolab.dk\/product\/alignme-interaktiv-bh\/"},"modified":"2026-02-09T19:04:11","modified_gmt":"2026-02-09T18:04:11","slug":"alignme-interaktiv-bh","status":"publish","type":"product","link":"https:\/\/fysiolab.dk\/no\/product\/alignme-interaktiv-bh\/","title":{"rendered":"AlignMe Interaktiv BH"},"content":{"rendered":"<p>V\u00e5r popul\u00e6re bh gir deg avlastning og st\u00f8tte i hverdagen, enten du er stillesittende eller aktiv. Designet med patentert NeuroBand-teknologi som aktiverer og stimulerer musklene i \u00f8vre del av ryggen for \u00e5 hjelpe deg med \u00e5 oppn\u00e5 en mer oppreist holdning. <\/p>\n<ul>\n<li>\u00d8ker holdningsbevisstheten din<\/li>\n<li>Gir deg st\u00f8tte og avlastning i hverdagen<\/li>\n<li>Har vist positive effekter p\u00e5 smerter og spenninger<\/li>\n<li>Kan minimere risikoen for overbelastning<\/li>\n<\/ul>\n<p>AlignMe Interactive Bra er en funksjonell bh uten sk\u00e5ler og med uttagbare innlegg. Den er designet og produsert i USA, og du f\u00e5r et produkt av h\u00f8yeste kvalitet, laget av de beste materialene for \u00e5 sikre lengst mulig levetid. <\/p>\n<p><strong>St\u00f8rrelsesguide:<\/strong><\/p>\n<p><i>St\u00f8rrelsen kan avvike fra den st\u00f8rrelsen du vanligvis bruker i andre sports-BH-er. Husk \u00e5 ta hensyn til <strong>alle<\/strong> tre m\u00e5lene. <\/i><\/p>\n<table>\n<tbody>\n<tr>\n<td width=\"76\"><strong>St\u00f8rrelse<\/strong><\/td>\n<td width=\"91\"><strong>Over brystet <\/strong><\/td>\n<td width=\"91\"><strong>P\u00e5 brystet<\/strong><\/td>\n<td width=\"98\"><strong>Under brystet <\/strong><\/td>\n<\/tr>\n<tr>\n<td width=\"76\" data-editing-info=\"{\"borderOverride\":true}\">XS<\/td>\n<td width=\"91\" data-editing-info=\"{\"borderOverride\":true}\">73-78 cm<\/td>\n<td width=\"91\" data-editing-info=\"{\"borderOverride\":true}\">76-82 cm<\/td>\n<td width=\"98\" data-editing-info=\"{\"borderOverride\":true}\">65-71 cm<\/td>\n<\/tr>\n<tr>\n<td width=\"76\" data-editing-info=\"{\"borderOverride\":true}\">S<\/td>\n<td width=\"91\" data-editing-info=\"{\"borderOverride\":true}\">78-85 cm<\/td>\n<td width=\"91\" data-editing-info=\"{\"borderOverride\":true}\">82-89 cm<\/td>\n<td width=\"98\" data-editing-info=\"{\"borderOverride\":true}\">71-78 cm<\/td>\n<\/tr>\n<tr>\n<td width=\"76\" data-editing-info=\"{\"borderOverride\":true}\">M<\/td>\n<td width=\"91\" data-editing-info=\"{\"borderOverride\":true}\">85-91 cm<\/td>\n<td width=\"91\" data-editing-info=\"{\"borderOverride\":true}\">89-95 cm<\/td>\n<td width=\"98\" data-editing-info=\"{\"borderOverride\":true}\">78-84 cm<\/td>\n<\/tr>\n<tr>\n<td width=\"76\" data-editing-info=\"{\"borderOverride\":true}\">L<\/td>\n<td width=\"91\" data-editing-info=\"{\"borderOverride\":true}\">91-99 cm<\/td>\n<td width=\"91\" data-editing-info=\"{\"borderOverride\":true}\">95-103 cm<\/td>\n<td width=\"98\" data-editing-info=\"{\"borderOverride\":true}\">84-92 cm<\/td>\n<\/tr>\n<tr>\n<td width=\"76\" data-editing-info=\"{\"borderOverride\":true}\">XL<\/td>\n<td width=\"91\" data-editing-info=\"{\"borderOverride\":true}\">99-106 cm<\/td>\n<td width=\"91\" data-editing-info=\"{\"borderOverride\":true}\">103-110 cm<\/td>\n<td width=\"98\" data-editing-info=\"{\"borderOverride\":true}\">92-99 cm<\/td>\n<\/tr>\n<\/tbody>\n<\/table>\n<p>&nbsp;<\/p>\n<p><strong>V\u00e6r oppmerksom p\u00e5 at bh-en er utg\u00e5tt og derfor ikke vil komme tilbake p\u00e5 lager.<\/strong><\/p>\n","protected":false},"excerpt":{"rendered":"<p>V\u00e5r Posture Bra kombinerer avansert teknologi og komfortable materialer for \u00e5 hjelpe deg med \u00e5 forbedre holdningen, redusere smerter og spenninger og st\u00f8tte ryggen i hverdagen.<\/p>\n","protected":false},"featured_media":104318,"comment_status":"closed","ping_status":"closed","template":"","meta":{"_acf_changed":false},"product_brand":[3101],"product_cat":[1966,2462,2461,2463,1937],"product_tag":[2464],"class_list":{"0":"post-104351","1":"product","2":"type-product","3":"status-publish","4":"has-post-thumbnail","6":"product_brand-anodyne","7":"product_cat-klaer","8":"product_cat-anodyne-no-2","9":"product_cat-anodyne-no","10":"product_cat-holdningskorrigerende-klaer","11":"product_cat-merkevarer","12":"product_tag-anodyne-no","14":"first","15":"instock","16":"taxable","17":"shipping-taxable","18":"purchasable","19":"product-type-variable"},"acf":[],"_links":{"self":[{"href":"https:\/\/fysiolab.dk\/no\/wp-json\/wp\/v2\/product\/104351","targetHints":{"allow":["GET"]}}],"collection":[{"href":"https:\/\/fysiolab.dk\/no\/wp-json\/wp\/v2\/product"}],"about":[{"href":"https:\/\/fysiolab.dk\/no\/wp-json\/wp\/v2\/types\/product"}],"replies":[{"embeddable":true,"href":"https:\/\/fysiolab.dk\/no\/wp-json\/wp\/v2\/comments?post=104351"}],"wp:featuredmedia":[{"embeddable":true,"href":"https:\/\/fysiolab.dk\/no\/wp-json\/wp\/v2\/media\/104318"}],"wp:attachment":[{"href":"https:\/\/fysiolab.dk\/no\/wp-json\/wp\/v2\/media?parent=104351"}],"wp:term":[{"taxonomy":"product_brand","embeddable":true,"href":"https:\/\/fysiolab.dk\/no\/wp-json\/wp\/v2\/product_brand?post=104351"},{"taxonomy":"product_cat","embeddable":true,"href":"https:\/\/fysiolab.dk\/no\/wp-json\/wp\/v2\/product_cat?post=104351"},{"taxonomy":"product_tag","embeddable":true,"href":"https:\/\/fysiolab.dk\/no\/wp-json\/wp\/v2\/product_tag?post=104351"}],"curies":[{"name":"wp","href":"https:\/\/api.w.org\/{rel}","templated":true}]}}