{"id":104487,"date":"2026-02-10T23:17:30","date_gmt":"2026-02-10T22:17:30","guid":{"rendered":"https:\/\/fysiolab.dk\/product\/2toms-stinkfree-saape-59-ml\/"},"modified":"2026-02-10T23:17:30","modified_gmt":"2026-02-10T22:17:30","slug":"2toms-stinkfree-saape-59-ml","status":"publish","type":"product","link":"https:\/\/fysiolab.dk\/no\/product\/2toms-stinkfree-saape-59-ml\/","title":{"rendered":"2Toms StinkFree s\u00e5pe 59 ml"},"content":{"rendered":"<h3 data-start=\"134\" data-end=\"199\">2Toms StinkFree Soap 59 ml - effektiv mot svettelukt i sportskl\u00e6r<\/h3>\n<p data-start=\"201\" data-end=\"570\">2Toms StinkFree Soap er en spesialutviklet s\u00e5pe som effektivt fjerner svettelukt og bakterier fra sportskl\u00e6r og andre tekstiler som utsettes for h\u00f8y belastning. Vanlige vaskemidler kan ha problemer med \u00e5 fjerne lukt fra moderne, svetteavvisende materialer, men StinkFree Soap g\u00e5r rett til kilden for lukten og etterlater kl\u00e6rne friske og rene. <\/p>\n<p data-start=\"572\" data-end=\"831\">S\u00e5pen egner seg spesielt godt til tekniske sportskl\u00e6r, l\u00f8pe- og treningskl\u00e6r, sokker og annet utstyr der lukt raskt kan sette seg. Den kan brukes b\u00e5de til h\u00e5ndvask og i vaskemaskin og er effektiv selv ved lave temperaturer, noe som er sk\u00e5nsomt for kl\u00e6rne. <\/p>\n<p data-start=\"833\" data-end=\"1090\">Den kompakte st\u00f8rrelsen p\u00e5 59 ml gj\u00f8r produktet ideelt for reiser, treningsbagen eller som et supplement til den vanlige vasken. Et opplagt valg for aktive idrettsut\u00f8vere og mosjonister som \u00f8nsker \u00e5 holde kl\u00e6rne luktfrie - selv ved hyppig og intensiv bruk. <\/p>\n","protected":false},"excerpt":{"rendered":"<p>2Toms StinkFree Soap 59 ml - effektiv mot svettelukt i sportskl\u00e6r 2Toms StinkFree Soap er en spesialutviklet s\u00e5pe som effektivt fjerner svettelukt og bakterier fra sportskl\u00e6r og andre tekstiler som utsettes for h\u00f8y belastning. Vanlige vaskemidler kan ha problemer med \u00e5 fjerne lukt fra moderne, svetteavvisende materialer, men StinkFree Soap g\u00e5r rett til kilden for [&hellip;]<\/p>\n","protected":false},"featured_media":104482,"comment_status":"closed","ping_status":"closed","template":"","meta":{"_acf_changed":false},"product_brand":[3131],"product_cat":[1937,2840,2407],"product_tag":[2910,1944],"class_list":{"0":"post-104487","1":"product","2":"type-product","3":"status-publish","4":"has-post-thumbnail","6":"product_brand-2toms","7":"product_cat-merkevarer","8":"product_cat-2toms-no","9":"product_cat-saape-og-rengjoeringsmiddel","10":"product_tag-2toms-no","11":"product_tag-rehabmedic-no","13":"first","14":"instock","15":"taxable","16":"shipping-taxable","17":"purchasable","18":"product-type-simple"},"acf":[],"_links":{"self":[{"href":"https:\/\/fysiolab.dk\/no\/wp-json\/wp\/v2\/product\/104487","targetHints":{"allow":["GET"]}}],"collection":[{"href":"https:\/\/fysiolab.dk\/no\/wp-json\/wp\/v2\/product"}],"about":[{"href":"https:\/\/fysiolab.dk\/no\/wp-json\/wp\/v2\/types\/product"}],"replies":[{"embeddable":true,"href":"https:\/\/fysiolab.dk\/no\/wp-json\/wp\/v2\/comments?post=104487"}],"wp:featuredmedia":[{"embeddable":true,"href":"https:\/\/fysiolab.dk\/no\/wp-json\/wp\/v2\/media\/104482"}],"wp:attachment":[{"href":"https:\/\/fysiolab.dk\/no\/wp-json\/wp\/v2\/media?parent=104487"}],"wp:term":[{"taxonomy":"product_brand","embeddable":true,"href":"https:\/\/fysiolab.dk\/no\/wp-json\/wp\/v2\/product_brand?post=104487"},{"taxonomy":"product_cat","embeddable":true,"href":"https:\/\/fysiolab.dk\/no\/wp-json\/wp\/v2\/product_cat?post=104487"},{"taxonomy":"product_tag","embeddable":true,"href":"https:\/\/fysiolab.dk\/no\/wp-json\/wp\/v2\/product_tag?post=104487"}],"curies":[{"name":"wp","href":"https:\/\/api.w.org\/{rel}","templated":true}]}}