{"id":104602,"date":"2026-02-11T18:09:12","date_gmt":"2026-02-11T17:09:12","guid":{"rendered":"https:\/\/fysiolab.dk\/product\/compex-snap-cable-enkel\/"},"modified":"2026-02-11T18:09:12","modified_gmt":"2026-02-11T17:09:12","slug":"compex-snap-cable-enkel","status":"publish","type":"product","link":"https:\/\/fysiolab.dk\/no\/product\/compex-snap-cable-enkel\/","title":{"rendered":"Compex Snap Cable (enkel)"},"content":{"rendered":"<h3 data-start=\"0\" data-end=\"25\"><strong data-start=\"0\" data-end=\"25\">Compex 6P Snap-kabler<\/strong><\/h3>\n<p data-start=\"27\" data-end=\"280\">Compex 6P Snap Cables er originale erstatningskabler for Compex EMS-apparater med ledning og sikrer en stabil og p\u00e5litelig forbindelse mellom stimulator og snap-elektroder. Det gir optimal kraftoverf\u00f8ring og maksimal effekt under b\u00e5de trening og behandling. <\/p>\n<p data-start=\"282\" data-end=\"525\" data-is-last-node=\"\" data-is-only-node=\"\">Kablene passer til <strong data-start=\"302\" data-end=\"347\">Compex SP 2.0, SP 4.0, Fit 1.0 og Fit 3.0,<\/strong> og de kj\u00f8pes enkeltvis slik at du enkelt kan bytte ut akkurat den kabelen du trenger. De er tilgjengelige i fargene <strong data-start=\"440\" data-end=\"465\">r\u00f8d, gr\u00f8nn, bl\u00e5 og gul,<\/strong> noe som gj\u00f8r det enkelt \u00e5 holde oversikt over kanalene under bruk. <\/p>\n","protected":false},"excerpt":{"rendered":"<h5><strong>Original Compex 6P Snap-kabel som sikrer stabil og effektiv kraftoverf\u00f8ring under EMS-trening. Passer til SP 2.0, SP 4.0, Fit 1.0 og Fit 3.0 og er tilgjengelig enkeltvis i r\u00f8dt, gr\u00f8nt, bl\u00e5tt eller gult. Perfekt som erstatning ved slitasje - slik at du unng\u00e5r avbrudd i treningen eller behandlingen.  <\/strong><\/h5>\n","protected":false},"featured_media":104593,"comment_status":"closed","ping_status":"closed","template":"","meta":{"_acf_changed":false},"product_brand":[3115],"product_cat":[1950,2013,1937,2507],"product_tag":[2019],"class_list":{"0":"post-104602","1":"product","2":"type-product","3":"status-publish","4":"has-post-thumbnail","6":"product_brand-compex","7":"product_cat-elektroterapi","8":"product_cat-compex-no-2","9":"product_cat-merkevarer","10":"product_cat-tilbehoer-no","11":"product_tag-compex-no","13":"first","14":"instock","15":"taxable","16":"shipping-taxable","17":"purchasable","18":"product-type-variable"},"acf":[],"_links":{"self":[{"href":"https:\/\/fysiolab.dk\/no\/wp-json\/wp\/v2\/product\/104602","targetHints":{"allow":["GET"]}}],"collection":[{"href":"https:\/\/fysiolab.dk\/no\/wp-json\/wp\/v2\/product"}],"about":[{"href":"https:\/\/fysiolab.dk\/no\/wp-json\/wp\/v2\/types\/product"}],"replies":[{"embeddable":true,"href":"https:\/\/fysiolab.dk\/no\/wp-json\/wp\/v2\/comments?post=104602"}],"wp:featuredmedia":[{"embeddable":true,"href":"https:\/\/fysiolab.dk\/no\/wp-json\/wp\/v2\/media\/104593"}],"wp:attachment":[{"href":"https:\/\/fysiolab.dk\/no\/wp-json\/wp\/v2\/media?parent=104602"}],"wp:term":[{"taxonomy":"product_brand","embeddable":true,"href":"https:\/\/fysiolab.dk\/no\/wp-json\/wp\/v2\/product_brand?post=104602"},{"taxonomy":"product_cat","embeddable":true,"href":"https:\/\/fysiolab.dk\/no\/wp-json\/wp\/v2\/product_cat?post=104602"},{"taxonomy":"product_tag","embeddable":true,"href":"https:\/\/fysiolab.dk\/no\/wp-json\/wp\/v2\/product_tag?post=104602"}],"curies":[{"name":"wp","href":"https:\/\/api.w.org\/{rel}","templated":true}]}}