{"id":104760,"date":"2026-02-13T20:19:21","date_gmt":"2026-02-13T19:19:21","guid":{"rendered":"https:\/\/fysiolab.dk\/product\/aserve-spiky-9-cm-massasjeball\/"},"modified":"2026-02-13T20:19:21","modified_gmt":"2026-02-13T19:19:21","slug":"aserve-spiky-9-cm-massasjeball","status":"publish","type":"product","link":"https:\/\/fysiolab.dk\/no\/product\/aserve-spiky-9-cm-massasjeball\/","title":{"rendered":"Aserve \"Spiky\" 9 cm massasjeball"},"content":{"rendered":"<p>Ballen er lett, solid og krever ingen pumpe. Kan brukes mot en vegg, p\u00e5 gulvet eller lignende fast underlag. Massasjen utf\u00f8res ved \u00e5 trykke og rulle ballen mot musklene som trenger massasje. Dette \u00f8ker blodgjennomstr\u00f8mningen. M\u00e5ler 9 cm.    <\/p>\n","protected":false},"excerpt":{"rendered":"<p>Aserve \"Spiky\" massasjeball 9 cm lett \u00e5 b\u00e6re.<br \/>\nTilgjengelig i 4 farger, lilla. gr\u00f8nn, r\u00f8d, bl\u00e5. <\/p>\n","protected":false},"featured_media":104759,"comment_status":"closed","ping_status":"closed","template":"","meta":{"_acf_changed":false},"product_brand":[3086],"product_cat":[1948,2391,2025,2362,1937,1941],"product_tag":[2392],"class_list":{"0":"post-104760","1":"product","2":"type-product","3":"status-publish","4":"has-post-thumbnail","6":"product_brand-aserve","7":"product_cat-klinikk","8":"product_cat-a-serve-no","9":"product_cat-massasje","10":"product_cat-massasjeballer-og-skumruller","11":"product_cat-merkevarer","12":"product_cat-rekonvalesens-og-sportspleie","13":"product_tag-aserve-no","15":"first","16":"instock","17":"taxable","18":"shipping-taxable","19":"purchasable","20":"product-type-variable"},"acf":[],"_links":{"self":[{"href":"https:\/\/fysiolab.dk\/no\/wp-json\/wp\/v2\/product\/104760","targetHints":{"allow":["GET"]}}],"collection":[{"href":"https:\/\/fysiolab.dk\/no\/wp-json\/wp\/v2\/product"}],"about":[{"href":"https:\/\/fysiolab.dk\/no\/wp-json\/wp\/v2\/types\/product"}],"replies":[{"embeddable":true,"href":"https:\/\/fysiolab.dk\/no\/wp-json\/wp\/v2\/comments?post=104760"}],"wp:featuredmedia":[{"embeddable":true,"href":"https:\/\/fysiolab.dk\/no\/wp-json\/wp\/v2\/media\/104759"}],"wp:attachment":[{"href":"https:\/\/fysiolab.dk\/no\/wp-json\/wp\/v2\/media?parent=104760"}],"wp:term":[{"taxonomy":"product_brand","embeddable":true,"href":"https:\/\/fysiolab.dk\/no\/wp-json\/wp\/v2\/product_brand?post=104760"},{"taxonomy":"product_cat","embeddable":true,"href":"https:\/\/fysiolab.dk\/no\/wp-json\/wp\/v2\/product_cat?post=104760"},{"taxonomy":"product_tag","embeddable":true,"href":"https:\/\/fysiolab.dk\/no\/wp-json\/wp\/v2\/product_tag?post=104760"}],"curies":[{"name":"wp","href":"https:\/\/api.w.org\/{rel}","templated":true}]}}