{"id":104783,"date":"2026-02-13T21:20:37","date_gmt":"2026-02-13T20:20:37","guid":{"rendered":"https:\/\/fysiolab.dk\/product\/donjoy-ankelbrace-velocity-ekstra-stoette-bred-modell\/"},"modified":"2026-02-13T21:20:37","modified_gmt":"2026-02-13T20:20:37","slug":"donjoy-ankelbrace-velocity-ekstra-stoette-bred-modell","status":"publish","type":"product","link":"https:\/\/fysiolab.dk\/no\/product\/donjoy-ankelbrace-velocity-ekstra-stoette-bred-modell\/","title":{"rendered":"DonJoy ankelbrace Velocity ekstra st\u00f8tte (bred modell)"},"content":{"rendered":"<h3 data-start=\"0\" data-end=\"59\"><strong data-start=\"0\" data-end=\"59\">DonJoy ankelbrace Velocity ekstra st\u00f8tte - bred modell<\/strong><\/h3>\n<p><strong>MERK Denne modellen er utg\u00e5tt, og kun de st\u00f8rrelsene og modellene som vises er p\u00e5 lager!<\/strong><\/p>\n<p data-start=\"61\" data-end=\"311\">DonJoy Velocity Extra Support (bred modell) gir samme maksimale stabilitet og beskyttelse som den klassiske Velocity Extra Support - men er designet med ekstra bredde rundt leggen, noe som gj\u00f8r den ideell for personer med sterkere leggmuskler.<\/p>\n<p data-start=\"313\" data-end=\"735\">Skinnen gir maksimal st\u00f8tte via det integrerte sn\u00f8resystemet, som gir effektiv kompresjon og kontroll rundt ankelleddet. De stabiliserende skinnene kombinert med en ekstra justerbar stropp over legg og leggbein \u00f8ker den mekaniske st\u00f8tten og gir en fast og sikker f\u00f8lelse under aktivitet. Konstruksjonen begrenser effektivt skadelige bevegelser som inversjon og eversjon uten \u00e5 hindre funksjonell bevegelse.  <\/p>\n<p data-start=\"737\" data-end=\"975\">Den brede modellen sikrer en god passform der standardmodellen kan f\u00f8les for trang rundt leggen. Anbefales spesielt for h\u00e5ndball, ankelsmerter og kronisk eller tilbakevendende ankelinstabilitet - b\u00e5de p\u00e5 trening og i kamp. <\/p>\n<p data-start=\"977\" data-end=\"1025\"><strong data-start=\"977\" data-end=\"1023\">St\u00f8rrelsesguide (basert p\u00e5 skost\u00f8rrelse):<\/strong><\/p>\n<ul data-start=\"1026\" data-end=\"1118\">\n<li data-start=\"1026\" data-end=\"1073\">\n<p data-start=\"1028\" data-end=\"1073\"><strong data-start=\"1028\" data-end=\"1038\">Small:<\/strong> 39-41 (menn) \/ 36,5-38,5 (kvinner)<\/p>\n<\/li>\n<li data-start=\"1074\" data-end=\"1118\">\n<p data-start=\"1076\" data-end=\"1118\"><strong data-start=\"1076\" data-end=\"1087\">Medium:<\/strong> 41-46 (menn) \/ 39-44 (kvinner)<\/p>\n<\/li>\n<\/ul>\n<p data-start=\"1120\" data-end=\"1245\" data-is-last-node=\"\" data-is-only-node=\"\">Den brede modellen passer til en leggomkrets p\u00e5 <strong data-start=\"1164\" data-end=\"1176\">25-32 cm<\/strong>, m\u00e5lt ca. <strong data-start=\"1187\" data-end=\"1212\">20 cm opp fra ankelen<\/strong> n\u00e5r du st\u00e5r med foten p\u00e5 gulvet.<\/p>\n","protected":false},"excerpt":{"rendered":"<div class=\"text-base my-auto mx-auto pb-10 [--thread-content-margin:--spacing(4)] thread-sm:[--thread-content-margin:--spacing(6)] thread-lg:[--thread-content-margin:--spacing(16)] px-(--thread-content-margin)\">\n<div class=\"[--thread-content-max-width:40rem] thread-lg:[--thread-content-max-width:48rem] mx-auto max-w-(--thread-content-max-width) flex-1 group\/turn-messages focus-visible:outline-hidden relative flex w-full min-w-0 flex-col agent-turn\" tabindex=\"-1\">\n<div class=\"flex max-w-full flex-col grow\">\n<div class=\"min-h-8 text-message relative flex w-full flex-col items-end gap-2 text-start break-words whitespace-normal [.text-message+&amp;]:mt-1\" dir=\"auto\" data-message-author-role=\"assistant\" data-message-id=\"7110853d-c636-4b6c-ad8f-d5d413ef6a81\" data-message-model-slug=\"gpt-5-2\">\n<div class=\"flex w-full flex-col gap-1 empty:hidden first:pt-[1px]\">\n<div class=\"markdown prose dark:prose-invert w-full break-words light markdown-new-styling\">\n<p data-start=\"0\" data-end=\"282\" data-is-last-node=\"\" data-is-only-node=\"\"><strong>DonJoy Velocity Extra Support - Wide-modellen gir maksimal ankelstabilitet med effektiv sn\u00f8relukking og ekstra stropp over leggen og leggen. Samme h\u00f8ye st\u00f8tte som standardmodellen - men med ekstra plass til sterkere leggmuskler. Ideell for h\u00e5ndball, ankelsmerter og ankelinstabilitet.  <\/strong><\/p>\n<\/div>\n<\/div>\n<\/div>\n<\/div>\n<\/div>\n<\/div>\n","protected":false},"featured_media":104771,"comment_status":"closed","ping_status":"closed","template":"","meta":{"_acf_changed":false},"product_brand":[3091],"product_cat":[1937,1992,2182,2076,2181,1938,2266,2203,1933,2016],"product_tag":[2173],"class_list":{"0":"post-104783","1":"product","2":"type-product","3":"status-publish","4":"has-post-thumbnail","6":"product_brand-donjoy","7":"product_cat-merkevarer","8":"product_cat-ankelskinne","9":"product_cat-ankelskinner-for-haandball","10":"product_cat-ankelvridning","11":"product_cat-artrose-i-ankelleddet","12":"product_cat-donjoy-no","13":"product_cat-donjoy-ankelskinne-no","14":"product_cat-donjoy-ankelstoette","15":"product_cat-skinner-og-stoetteskinner","16":"product_cat-uttak","17":"product_tag-donjoy-no","19":"first","20":"instock","21":"taxable","22":"shipping-taxable","23":"purchasable","24":"product-type-variable"},"acf":[],"_links":{"self":[{"href":"https:\/\/fysiolab.dk\/no\/wp-json\/wp\/v2\/product\/104783","targetHints":{"allow":["GET"]}}],"collection":[{"href":"https:\/\/fysiolab.dk\/no\/wp-json\/wp\/v2\/product"}],"about":[{"href":"https:\/\/fysiolab.dk\/no\/wp-json\/wp\/v2\/types\/product"}],"replies":[{"embeddable":true,"href":"https:\/\/fysiolab.dk\/no\/wp-json\/wp\/v2\/comments?post=104783"}],"wp:featuredmedia":[{"embeddable":true,"href":"https:\/\/fysiolab.dk\/no\/wp-json\/wp\/v2\/media\/104771"}],"wp:attachment":[{"href":"https:\/\/fysiolab.dk\/no\/wp-json\/wp\/v2\/media?parent=104783"}],"wp:term":[{"taxonomy":"product_brand","embeddable":true,"href":"https:\/\/fysiolab.dk\/no\/wp-json\/wp\/v2\/product_brand?post=104783"},{"taxonomy":"product_cat","embeddable":true,"href":"https:\/\/fysiolab.dk\/no\/wp-json\/wp\/v2\/product_cat?post=104783"},{"taxonomy":"product_tag","embeddable":true,"href":"https:\/\/fysiolab.dk\/no\/wp-json\/wp\/v2\/product_tag?post=104783"}],"curies":[{"name":"wp","href":"https:\/\/api.w.org\/{rel}","templated":true}]}}