{"id":104799,"date":"2026-02-13T21:37:16","date_gmt":"2026-02-13T20:37:16","guid":{"rendered":"https:\/\/fysiolab.dk\/product\/bsn-gazofix-8-cm-x-4-m\/"},"modified":"2026-02-13T21:37:16","modified_gmt":"2026-02-13T20:37:16","slug":"bsn-gazofix-8-cm-x-4-m","status":"publish","type":"product","link":"https:\/\/fysiolab.dk\/no\/product\/bsn-gazofix-8-cm-x-4-m\/","title":{"rendered":"BSN Gazofix 8 cm X 4 m."},"content":{"rendered":"<p>Gazofix er en tynn, selvklebende, elastisk fikseringsbandasje. Gazofix er egnet for fiksering av alle typer bandasjer. Gazofix kan ogs\u00e5 brukes som et sk\u00e5nsomt underlag eller beskyttende ytterlag p\u00e5 bandasjer.<br \/>\n<i>Gazofix er beregnet for engangsbruk.<\/i><br \/>\n<b>Materiale:<\/b><br \/>\n40 % bomull og 60 % polyamid.<\/p>\n","protected":false},"excerpt":{"rendered":"<p>Gazofix elastisk gasbind 8 cm x 4 m.<\/p>\n","protected":false},"featured_media":104798,"comment_status":"closed","ping_status":"closed","template":"","meta":{"_acf_changed":false},"product_brand":[3114],"product_cat":[1948,2412,2413,1942,1937,1941],"product_tag":[2414],"class_list":{"0":"post-104799","1":"product","2":"type-product","3":"status-publish","4":"has-post-thumbnail","6":"product_brand-bsn-medical","7":"product_cat-klinikk","8":"product_cat-bsn-medical-no","9":"product_cat-dressinger-og-wraps","10":"product_cat-foerstehjelp","11":"product_cat-merkevarer","12":"product_cat-rekonvalesens-og-sportspleie","13":"product_tag-bsn-medical-no","15":"first","16":"instock","17":"taxable","18":"shipping-taxable","19":"purchasable","20":"product-type-simple"},"acf":[],"_links":{"self":[{"href":"https:\/\/fysiolab.dk\/no\/wp-json\/wp\/v2\/product\/104799","targetHints":{"allow":["GET"]}}],"collection":[{"href":"https:\/\/fysiolab.dk\/no\/wp-json\/wp\/v2\/product"}],"about":[{"href":"https:\/\/fysiolab.dk\/no\/wp-json\/wp\/v2\/types\/product"}],"replies":[{"embeddable":true,"href":"https:\/\/fysiolab.dk\/no\/wp-json\/wp\/v2\/comments?post=104799"}],"wp:featuredmedia":[{"embeddable":true,"href":"https:\/\/fysiolab.dk\/no\/wp-json\/wp\/v2\/media\/104798"}],"wp:attachment":[{"href":"https:\/\/fysiolab.dk\/no\/wp-json\/wp\/v2\/media?parent=104799"}],"wp:term":[{"taxonomy":"product_brand","embeddable":true,"href":"https:\/\/fysiolab.dk\/no\/wp-json\/wp\/v2\/product_brand?post=104799"},{"taxonomy":"product_cat","embeddable":true,"href":"https:\/\/fysiolab.dk\/no\/wp-json\/wp\/v2\/product_cat?post=104799"},{"taxonomy":"product_tag","embeddable":true,"href":"https:\/\/fysiolab.dk\/no\/wp-json\/wp\/v2\/product_tag?post=104799"}],"curies":[{"name":"wp","href":"https:\/\/api.w.org\/{rel}","templated":true}]}}