{"id":104804,"date":"2026-02-13T21:41:13","date_gmt":"2026-02-13T20:41:13","guid":{"rendered":"https:\/\/fysiolab.dk\/product\/aserve-vannpose-boette\/"},"modified":"2026-02-13T21:41:13","modified_gmt":"2026-02-13T20:41:13","slug":"aserve-vannpose-boette","status":"publish","type":"product","link":"https:\/\/fysiolab.dk\/no\/product\/aserve-vannpose-boette\/","title":{"rendered":"Aserve vannpose\/-b\u00f8tte"},"content":{"rendered":"<p>Vannposen er laget av nylon av h\u00f8y kvalitet, med kraftig webbing p\u00e5 toppen og korssting p\u00e5 begge h\u00e5ndtakene. Det er ogs\u00e5 lommer for to vannflasker. Materiale: Nylon, V-Sheet syntetisk skinn.  <\/p>\n<p>Rommer 9 liter.<\/p>\n","protected":false},"excerpt":{"rendered":"<p>Vannpose i kraftig nylon med plass til 2 vannflasker p\u00e5 siden.<\/p>\n","protected":false},"featured_media":104803,"comment_status":"closed","ping_status":"closed","template":"","meta":{"_acf_changed":false},"product_brand":[3086],"product_cat":[1937,2391,2221,1941,1945],"product_tag":[2392],"class_list":{"0":"post-104804","1":"product","2":"type-product","3":"status-publish","4":"has-post-thumbnail","6":"product_brand-aserve","7":"product_cat-merkevarer","8":"product_cat-a-serve-no","9":"product_cat-annet-treningsutstyr","10":"product_cat-rekonvalesens-og-sportspleie","11":"product_cat-treningsutstyr","12":"product_tag-aserve-no","14":"first","15":"instock","16":"taxable","17":"shipping-taxable","18":"purchasable","19":"product-type-simple"},"acf":[],"_links":{"self":[{"href":"https:\/\/fysiolab.dk\/no\/wp-json\/wp\/v2\/product\/104804","targetHints":{"allow":["GET"]}}],"collection":[{"href":"https:\/\/fysiolab.dk\/no\/wp-json\/wp\/v2\/product"}],"about":[{"href":"https:\/\/fysiolab.dk\/no\/wp-json\/wp\/v2\/types\/product"}],"replies":[{"embeddable":true,"href":"https:\/\/fysiolab.dk\/no\/wp-json\/wp\/v2\/comments?post=104804"}],"wp:featuredmedia":[{"embeddable":true,"href":"https:\/\/fysiolab.dk\/no\/wp-json\/wp\/v2\/media\/104803"}],"wp:attachment":[{"href":"https:\/\/fysiolab.dk\/no\/wp-json\/wp\/v2\/media?parent=104804"}],"wp:term":[{"taxonomy":"product_brand","embeddable":true,"href":"https:\/\/fysiolab.dk\/no\/wp-json\/wp\/v2\/product_brand?post=104804"},{"taxonomy":"product_cat","embeddable":true,"href":"https:\/\/fysiolab.dk\/no\/wp-json\/wp\/v2\/product_cat?post=104804"},{"taxonomy":"product_tag","embeddable":true,"href":"https:\/\/fysiolab.dk\/no\/wp-json\/wp\/v2\/product_tag?post=104804"}],"curies":[{"name":"wp","href":"https:\/\/api.w.org\/{rel}","templated":true}]}}