{"id":104812,"date":"2026-02-13T21:46:17","date_gmt":"2026-02-13T20:46:17","guid":{"rendered":"https:\/\/fysiolab.dk\/product\/aserve-foerstehjelpsveske-pro\/"},"modified":"2026-02-13T21:46:17","modified_gmt":"2026-02-13T20:46:17","slug":"aserve-foerstehjelpsveske-pro","status":"publish","type":"product","link":"https:\/\/fysiolab.dk\/no\/product\/aserve-foerstehjelpsveske-pro\/","title":{"rendered":"Aserve f\u00f8rstehjelpsveske pro."},"content":{"rendered":"<p>Praktisk f\u00f8rstehjelpsveske med flyttbare skillevegger for fleksibel organisering i vesken.<br \/>\nOversiktlig og romslig f\u00f8rstehjelpsveske som egner seg som treningsveske for idrettslag, men ogs\u00e5 for helsepersonell som \u00f8nsker en tilpasset st\u00f8rrelse som spesialveske. \u00c5pningen \u00f8verst gir god oversikt over n\u00f8dvendig medisinsk utstyr. <\/p>\n<p>En flott f\u00f8rstehjelpsveske for idrettsklubber s\u00e5 vel som for privat bruk hjemme eller p\u00e5 farten. Kan tilpasses med to justerbare skillevegger og to siderom. Stabil i bruk og blir sv\u00e6rt kompakt n\u00e5r skilleveggene fjernes for enkel oppbevaring.  <\/p>\n<ul>\n<li>H\u00e5ndtak med borrel\u00e5sfeste<\/li>\n<li>Avtakbar skulderrem<\/li>\n<li>Avtakbar borrel\u00e5s<\/li>\n<li>M\u00e5l: 34,5 x 25,5 x 20 cm<\/li>\n<li>Volum: 18,5 liter<\/li>\n<li>Materialer: vaskbar polyester<\/li>\n<li>Vekt: 0,77 kg<\/li>\n<li>Anbefalt maks. vektbelastning: 5 kg.<\/li>\n<li>Farge: bl\u00e5<\/li>\n<li>Leveres uten innhold.<\/li>\n<\/ul>\n","protected":false},"excerpt":{"rendered":"<p>Praktisk f\u00f8rstehjelpsveske med flyttbare romdelere som sikrer fleksibel organisering i vesken.<\/p>\n","protected":false},"featured_media":104807,"comment_status":"closed","ping_status":"closed","template":"","meta":{"_acf_changed":false},"product_brand":[3086],"product_cat":[1948,2391,1942,3195,1937,1941],"product_tag":[2392],"class_list":{"0":"post-104812","1":"product","2":"type-product","3":"status-publish","4":"has-post-thumbnail","6":"product_brand-aserve","7":"product_cat-klinikk","8":"product_cat-a-serve-no","9":"product_cat-foerstehjelp","10":"product_cat-kofferter-og-vesker","11":"product_cat-merkevarer","12":"product_cat-rekonvalesens-og-sportspleie","13":"product_tag-aserve-no","15":"first","16":"instock","17":"taxable","18":"shipping-taxable","19":"purchasable","20":"product-type-simple"},"acf":[],"_links":{"self":[{"href":"https:\/\/fysiolab.dk\/no\/wp-json\/wp\/v2\/product\/104812","targetHints":{"allow":["GET"]}}],"collection":[{"href":"https:\/\/fysiolab.dk\/no\/wp-json\/wp\/v2\/product"}],"about":[{"href":"https:\/\/fysiolab.dk\/no\/wp-json\/wp\/v2\/types\/product"}],"replies":[{"embeddable":true,"href":"https:\/\/fysiolab.dk\/no\/wp-json\/wp\/v2\/comments?post=104812"}],"wp:featuredmedia":[{"embeddable":true,"href":"https:\/\/fysiolab.dk\/no\/wp-json\/wp\/v2\/media\/104807"}],"wp:attachment":[{"href":"https:\/\/fysiolab.dk\/no\/wp-json\/wp\/v2\/media?parent=104812"}],"wp:term":[{"taxonomy":"product_brand","embeddable":true,"href":"https:\/\/fysiolab.dk\/no\/wp-json\/wp\/v2\/product_brand?post=104812"},{"taxonomy":"product_cat","embeddable":true,"href":"https:\/\/fysiolab.dk\/no\/wp-json\/wp\/v2\/product_cat?post=104812"},{"taxonomy":"product_tag","embeddable":true,"href":"https:\/\/fysiolab.dk\/no\/wp-json\/wp\/v2\/product_tag?post=104812"}],"curies":[{"name":"wp","href":"https:\/\/api.w.org\/{rel}","templated":true}]}}