{"id":104821,"date":"2026-02-13T21:52:22","date_gmt":"2026-02-13T20:52:22","guid":{"rendered":"https:\/\/fysiolab.dk\/product\/aserve-trolley-bag-80-x-40-x-40-cm\/"},"modified":"2026-02-13T21:52:22","modified_gmt":"2026-02-13T20:52:22","slug":"aserve-trolley-bag-80-x-40-x-40-cm","status":"publish","type":"product","link":"https:\/\/fysiolab.dk\/no\/product\/aserve-trolley-bag-80-x-40-x-40-cm\/","title":{"rendered":"Aserve Trolley Bag 80 X 40 X 40 CM."},"content":{"rendered":"<p>Aserve trolleybag.<br \/>\nEn stilig, praktisk og komfortabel trolleybag fra Aserve.<br \/>\nTrolleyen er laget i en slitesterk nylonutf\u00f8relse med elegante detaljer og et uttrekkbart topph\u00e5ndtak for et sikkert grep. Praktisk rominndeling med doble rom. <\/p>\n<p>Vesken er laget med et stort og romslig hovedrom, som er praktisk inndelt for \u00e5 romme henholdsvis den b\u00e6rbare datamaskinen og nettbrettet. Du har ogs\u00e5 plass til mapper, papirer, en ren skjorte og alt annet du trenger \u00e5 ha med deg p\u00e5 farten. Alt i alt er du garantert optimal beskyttelse av enhetene dine og andre gjenstander under transport og oppbevaring.<br \/>\nDet er et uttrekkbart b\u00e6reh\u00e5ndtak, samt hjul og st\u00f8ttef\u00f8tter som s\u00f8rger for \u00f8kt komfort og enkel transport av alle eiendelene dine.<br \/>\nAserve trolleybag er ogs\u00e5 det perfekte valget for alle sportsklubber, ettersom den oppfyller alle reisekrav til oppbevaring osv.  <\/p>\n<ul>\n<li>Modell: Trolleybag<\/li>\n<li>Farge: Svart<\/li>\n<li>Materialer: Nylon<\/li>\n<li>Dimensjoner 80 X 40 X 40 CM<\/li>\n<li>Volum: 110 liter<\/li>\n<li>Vekt: 4,0 kg<\/li>\n<\/ul>\n","protected":false},"excerpt":{"rendered":"<p>Aserve Trolley Bag 80 X 40 X 40 CM. Den perfekte trallen for reiser og sportsklubber. <\/p>\n<p class=\"ProductCardSocials\">\n<p class=\"ProductCardVariants\">\n<div class=\"ProductCardBuy\">\n<p id=\"BUYSECTION\">\n<\/div>\n","protected":false},"featured_media":104815,"comment_status":"closed","ping_status":"closed","template":"","meta":{"_acf_changed":false},"product_brand":[3086],"product_cat":[1948,2391,3195,1937],"product_tag":[2392],"class_list":{"0":"post-104821","1":"product","2":"type-product","3":"status-publish","4":"has-post-thumbnail","6":"product_brand-aserve","7":"product_cat-klinikk","8":"product_cat-a-serve-no","9":"product_cat-kofferter-og-vesker","10":"product_cat-merkevarer","11":"product_tag-aserve-no","13":"first","14":"instock","15":"taxable","16":"shipping-taxable","17":"purchasable","18":"product-type-simple"},"acf":[],"_links":{"self":[{"href":"https:\/\/fysiolab.dk\/no\/wp-json\/wp\/v2\/product\/104821","targetHints":{"allow":["GET"]}}],"collection":[{"href":"https:\/\/fysiolab.dk\/no\/wp-json\/wp\/v2\/product"}],"about":[{"href":"https:\/\/fysiolab.dk\/no\/wp-json\/wp\/v2\/types\/product"}],"replies":[{"embeddable":true,"href":"https:\/\/fysiolab.dk\/no\/wp-json\/wp\/v2\/comments?post=104821"}],"wp:featuredmedia":[{"embeddable":true,"href":"https:\/\/fysiolab.dk\/no\/wp-json\/wp\/v2\/media\/104815"}],"wp:attachment":[{"href":"https:\/\/fysiolab.dk\/no\/wp-json\/wp\/v2\/media?parent=104821"}],"wp:term":[{"taxonomy":"product_brand","embeddable":true,"href":"https:\/\/fysiolab.dk\/no\/wp-json\/wp\/v2\/product_brand?post=104821"},{"taxonomy":"product_cat","embeddable":true,"href":"https:\/\/fysiolab.dk\/no\/wp-json\/wp\/v2\/product_cat?post=104821"},{"taxonomy":"product_tag","embeddable":true,"href":"https:\/\/fysiolab.dk\/no\/wp-json\/wp\/v2\/product_tag?post=104821"}],"curies":[{"name":"wp","href":"https:\/\/api.w.org\/{rel}","templated":true}]}}