{"id":104834,"date":"2026-02-13T21:55:42","date_gmt":"2026-02-13T20:55:42","guid":{"rendered":"https:\/\/fysiolab.dk\/product\/aserve-liten-klubbveske\/"},"modified":"2026-02-13T21:55:42","modified_gmt":"2026-02-13T20:55:42","slug":"aserve-liten-klubbveske","status":"publish","type":"product","link":"https:\/\/fysiolab.dk\/no\/product\/aserve-liten-klubbveske\/","title":{"rendered":"Aserve Liten klubbveske"},"content":{"rendered":"<p>Medisinsk veske i standardst\u00f8rrelse i kraftig nylonkvalitet. Ingen stive sider. Den mest brukte standardst\u00f8rrelsen. Har mange forskjellige rom og er spesialdesignet for bruk med Aserve-produkter. Kraftige b\u00e6restropper og godt b\u00e6reh\u00e5ndtak. Lukkes med borrel\u00e5s og glidel\u00e5s. Leveres uten innhold, men kan leveres med innhold om \u00f8nskelig.      <\/p>\n<p>St\u00f8rrelse: 25 x 40 x 20 cm.<\/p>\n","protected":false},"excerpt":{"rendered":"<p>Medisinsk veske i standardst\u00f8rrelse i kraftig nylonkvalitet.<\/p>\n<p>Kan leveres med innhold. Se varenr. 1125-1 <\/p>\n","protected":false},"featured_media":104832,"comment_status":"closed","ping_status":"closed","template":"","meta":{"_acf_changed":false},"product_brand":[3086],"product_cat":[1948,2391,3195,1937],"product_tag":[2392],"class_list":{"0":"post-104834","1":"product","2":"type-product","3":"status-publish","4":"has-post-thumbnail","6":"product_brand-aserve","7":"product_cat-klinikk","8":"product_cat-a-serve-no","9":"product_cat-kofferter-og-vesker","10":"product_cat-merkevarer","11":"product_tag-aserve-no","13":"first","14":"instock","15":"taxable","16":"shipping-taxable","17":"purchasable","18":"product-type-simple"},"acf":[],"_links":{"self":[{"href":"https:\/\/fysiolab.dk\/no\/wp-json\/wp\/v2\/product\/104834","targetHints":{"allow":["GET"]}}],"collection":[{"href":"https:\/\/fysiolab.dk\/no\/wp-json\/wp\/v2\/product"}],"about":[{"href":"https:\/\/fysiolab.dk\/no\/wp-json\/wp\/v2\/types\/product"}],"replies":[{"embeddable":true,"href":"https:\/\/fysiolab.dk\/no\/wp-json\/wp\/v2\/comments?post=104834"}],"wp:featuredmedia":[{"embeddable":true,"href":"https:\/\/fysiolab.dk\/no\/wp-json\/wp\/v2\/media\/104832"}],"wp:attachment":[{"href":"https:\/\/fysiolab.dk\/no\/wp-json\/wp\/v2\/media?parent=104834"}],"wp:term":[{"taxonomy":"product_brand","embeddable":true,"href":"https:\/\/fysiolab.dk\/no\/wp-json\/wp\/v2\/product_brand?post=104834"},{"taxonomy":"product_cat","embeddable":true,"href":"https:\/\/fysiolab.dk\/no\/wp-json\/wp\/v2\/product_cat?post=104834"},{"taxonomy":"product_tag","embeddable":true,"href":"https:\/\/fysiolab.dk\/no\/wp-json\/wp\/v2\/product_tag?post=104834"}],"curies":[{"name":"wp","href":"https:\/\/api.w.org\/{rel}","templated":true}]}}