{"id":104838,"date":"2026-02-13T21:58:37","date_gmt":"2026-02-13T20:58:37","guid":{"rendered":"https:\/\/fysiolab.dk\/product\/aserve-liten-klubbveske-med-innhold\/"},"modified":"2026-02-13T21:58:37","modified_gmt":"2026-02-13T20:58:37","slug":"aserve-liten-klubbveske-med-innhold","status":"publish","type":"product","link":"https:\/\/fysiolab.dk\/no\/product\/aserve-liten-klubbveske-med-innhold\/","title":{"rendered":"Aserve Liten klubbveske med innhold"},"content":{"rendered":"<p>Medisinsk veske i standardst\u00f8rrelse i kraftig nylonkvalitet. Ingen stive sider. Den mest brukte standardst\u00f8rrelsen. Har mange forskjellige rom og er spesialdesignet for bruk med Aserve-produkter. Kraftige b\u00e6restropper og godt b\u00e6reh\u00e5ndtak. Lukkes med borrel\u00e5s og glidel\u00e5s.<br \/>\nLeveres med f\u00f8lgende innhold:<br \/>\n2 engangsposer<br \/>\n1 gjenbrukspose<br \/>\n1 forkj\u00f8lelsesspray, 200 ml.<br \/>\n1 sportslotion med kamfer, 500 ml.<br \/>\n1 rull S-Tape Xtra, 3,8 cm.<br \/>\n1 Aserve No. 2 varmekrem, 100 g.<br \/>\n1 rull Sporty Quick, 6 cm.         <\/p>\n<p>St\u00f8rrelse: 25 x 40 x 20 cm.<\/p>\n","protected":false},"excerpt":{"rendered":"<p>Klesveske i standardst\u00f8rrelse i kraftig nylonkvalitet. Leveres med innhold. <\/p>\n","protected":false},"featured_media":104836,"comment_status":"closed","ping_status":"closed","template":"","meta":{"_acf_changed":false},"product_brand":[3086],"product_cat":[1948,2391,3195,1937],"product_tag":[2392],"class_list":{"0":"post-104838","1":"product","2":"type-product","3":"status-publish","4":"has-post-thumbnail","6":"product_brand-aserve","7":"product_cat-klinikk","8":"product_cat-a-serve-no","9":"product_cat-kofferter-og-vesker","10":"product_cat-merkevarer","11":"product_tag-aserve-no","13":"first","14":"instock","15":"taxable","16":"shipping-taxable","17":"purchasable","18":"product-type-simple"},"acf":[],"_links":{"self":[{"href":"https:\/\/fysiolab.dk\/no\/wp-json\/wp\/v2\/product\/104838","targetHints":{"allow":["GET"]}}],"collection":[{"href":"https:\/\/fysiolab.dk\/no\/wp-json\/wp\/v2\/product"}],"about":[{"href":"https:\/\/fysiolab.dk\/no\/wp-json\/wp\/v2\/types\/product"}],"replies":[{"embeddable":true,"href":"https:\/\/fysiolab.dk\/no\/wp-json\/wp\/v2\/comments?post=104838"}],"wp:featuredmedia":[{"embeddable":true,"href":"https:\/\/fysiolab.dk\/no\/wp-json\/wp\/v2\/media\/104836"}],"wp:attachment":[{"href":"https:\/\/fysiolab.dk\/no\/wp-json\/wp\/v2\/media?parent=104838"}],"wp:term":[{"taxonomy":"product_brand","embeddable":true,"href":"https:\/\/fysiolab.dk\/no\/wp-json\/wp\/v2\/product_brand?post=104838"},{"taxonomy":"product_cat","embeddable":true,"href":"https:\/\/fysiolab.dk\/no\/wp-json\/wp\/v2\/product_cat?post=104838"},{"taxonomy":"product_tag","embeddable":true,"href":"https:\/\/fysiolab.dk\/no\/wp-json\/wp\/v2\/product_tag?post=104838"}],"curies":[{"name":"wp","href":"https:\/\/api.w.org\/{rel}","templated":true}]}}