{"id":104852,"date":"2026-02-13T22:14:29","date_gmt":"2026-02-13T21:14:29","guid":{"rendered":"https:\/\/fysiolab.dk\/product\/aserve-power-elastisk-baand\/"},"modified":"2026-02-13T22:14:29","modified_gmt":"2026-02-13T21:14:29","slug":"aserve-power-elastisk-baand","status":"publish","type":"product","link":"https:\/\/fysiolab.dk\/no\/product\/aserve-power-elastisk-baand\/","title":{"rendered":"Aserve Power elastisk b\u00e5nd"},"content":{"rendered":"<p data-start=\"0\" data-end=\"188\">Aserve Power Elastic er tilgjengelig i tre motstandsniv\u00e5er - lett (8-10 kg), middels (16-20 kg) og tung (28 kg og oppover) - slik at du enkelt kan tilpasse belastningen til treningsniv\u00e5et og m\u00e5lene dine.<\/p>\n<p data-start=\"190\" data-end=\"479\">Det elastiske b\u00e5ndet er utviklet for effektiv styrke- og stabilitetstrening, der du b\u00e5de styrker og t\u00f8yer de st\u00f8rre muskelgruppene. Det kan brukes til trening av b\u00e5de over- og underkroppen og egner seg til alt fra funksjonell trening og gulv\u00f8velser til mer m\u00e5lrettet styrketrening og rehabilitering. <\/p>\n<p data-start=\"481\" data-end=\"713\">Heavy-modellen er ideell for deg som \u00f8nsker h\u00f8y motstand og ekstra utfordring i \u00f8velsene dine. Strikken gir en jevn og kontrollert belastning gjennom hele bevegelsen, samtidig som den bidrar til \u00e5 \u00f8ke muskelstabiliteten og kroppskontrollen. <\/p>\n<p data-start=\"715\" data-end=\"886\" data-is-last-node=\"\" data-is-only-node=\"\">Den kompakte og lette st\u00f8rrelsen gj\u00f8r den enkel \u00e5 ta med seg i vesken, slik at du alltid kan ta med deg treningen - enten du er p\u00e5 treningssenteret, hjemme eller p\u00e5 farten.<\/p>\n<p data-start=\"0\" data-end=\"47\">Aserve Power Elastic er tilgjengelig i f\u00f8lgende st\u00f8rrelser:<\/p>\n<ul data-start=\"49\" data-end=\"119\" data-is-last-node=\"\" data-is-only-node=\"\">\n<li data-start=\"73\" data-end=\"97\">\n<p data-start=\"75\" data-end=\"97\">208 x 0,65 x 0,45 cm - Bl\u00e5<\/p>\n<\/li>\n<li data-start=\"98\" data-end=\"119\" data-is-last-node=\"\">\n<p data-start=\"100\" data-end=\"119\" data-is-last-node=\"\">208 x 1,9 x 0,45 cm - Svart<\/p>\n<\/li>\n<li data-start=\"98\" data-end=\"119\" data-is-last-node=\"\">\n<p data-start=\"0\" data-end=\"47\">208 x 4,5 x 0,45 cm - Gr\u00f8nn<\/p>\n<\/li>\n<\/ul>\n","protected":false},"excerpt":{"rendered":"<p>Aserve Power elastisk i 3 forskjellige vanskelighetsgrader.<\/p>\n<p>&nbsp;<\/p>\n","protected":false},"featured_media":104845,"comment_status":"closed","ping_status":"closed","template":"","meta":{"_acf_changed":false},"product_brand":[3086],"product_cat":[1948,2391,1937,2215,2217,1945],"product_tag":[2392],"class_list":{"0":"post-104852","1":"product","2":"type-product","3":"status-publish","4":"has-post-thumbnail","6":"product_brand-aserve","7":"product_cat-klinikk","8":"product_cat-a-serve-no","9":"product_cat-merkevarer","10":"product_cat-treningsbaand","11":"product_cat-treningsbaand-no","12":"product_cat-treningsutstyr","13":"product_tag-aserve-no","15":"first","16":"instock","17":"taxable","18":"shipping-taxable","19":"purchasable","20":"product-type-variable"},"acf":[],"_links":{"self":[{"href":"https:\/\/fysiolab.dk\/no\/wp-json\/wp\/v2\/product\/104852","targetHints":{"allow":["GET"]}}],"collection":[{"href":"https:\/\/fysiolab.dk\/no\/wp-json\/wp\/v2\/product"}],"about":[{"href":"https:\/\/fysiolab.dk\/no\/wp-json\/wp\/v2\/types\/product"}],"replies":[{"embeddable":true,"href":"https:\/\/fysiolab.dk\/no\/wp-json\/wp\/v2\/comments?post=104852"}],"wp:featuredmedia":[{"embeddable":true,"href":"https:\/\/fysiolab.dk\/no\/wp-json\/wp\/v2\/media\/104845"}],"wp:attachment":[{"href":"https:\/\/fysiolab.dk\/no\/wp-json\/wp\/v2\/media?parent=104852"}],"wp:term":[{"taxonomy":"product_brand","embeddable":true,"href":"https:\/\/fysiolab.dk\/no\/wp-json\/wp\/v2\/product_brand?post=104852"},{"taxonomy":"product_cat","embeddable":true,"href":"https:\/\/fysiolab.dk\/no\/wp-json\/wp\/v2\/product_cat?post=104852"},{"taxonomy":"product_tag","embeddable":true,"href":"https:\/\/fysiolab.dk\/no\/wp-json\/wp\/v2\/product_tag?post=104852"}],"curies":[{"name":"wp","href":"https:\/\/api.w.org\/{rel}","templated":true}]}}