{"id":104873,"date":"2026-02-13T22:18:40","date_gmt":"2026-02-13T21:18:40","guid":{"rendered":"https:\/\/fysiolab.dk\/product\/aserve-4-pakning-med-treningsbaand\/"},"modified":"2026-02-13T22:18:40","modified_gmt":"2026-02-13T21:18:40","slug":"aserve-4-pakning-med-treningsbaand","status":"publish","type":"product","link":"https:\/\/fysiolab.dk\/no\/product\/aserve-4-pakning-med-treningsbaand\/","title":{"rendered":"Aserve 4-pakning med treningsb\u00e5nd."},"content":{"rendered":"<p>Aserve 4-pakning treningsb\u00e5nd.<br \/>\nAserve treningsb\u00e5nd er perfekte for allsidig trening, t\u00f8ying og styrketrening. De er ogs\u00e5 et flott verkt\u00f8y for rehabilitering etter en skade og tar minimalt med plass, slik at du enkelt kan ta dem med p\u00e5 jobb, p\u00e5 ferie eller hvor du vil bruke dem. Pakken inneholder 4 forskjellige strikk med ulik hardhet, og de leveres i en fin liten pose slik at du kan ta dem med deg overalt.<br \/>\nLysegr\u00f8nn: Tykkelse 0,4 mm, motstand 4,5 kg.<br \/>\nMedium bl\u00e5: Tykkelse 0,7 mm, motstand 9,0 kg.<br \/>\nHard r\u00f8d: Tykkelse 0,9 mm, motstand 13,5 kg.<br \/>\nEkstra hard svart: Tykkelse 1,2 mm, motstand 18 kg.<br \/>\nM\u00e5l: 50 cm x 5 cm.  <\/p>\n","protected":false},"excerpt":{"rendered":"<p>Aserve 4-pakning treningsb\u00e5nd.<br \/>\nAserve treningsb\u00e5nd er perfekte for allsidig trening, t\u00f8ying og styrketrening.<\/p>\n","protected":false},"featured_media":104860,"comment_status":"closed","ping_status":"closed","template":"","meta":{"_acf_changed":false},"product_brand":[3086],"product_cat":[1948,2391,1937,2215,2217,1945],"product_tag":[2392],"class_list":{"0":"post-104873","1":"product","2":"type-product","3":"status-publish","4":"has-post-thumbnail","6":"product_brand-aserve","7":"product_cat-klinikk","8":"product_cat-a-serve-no","9":"product_cat-merkevarer","10":"product_cat-treningsbaand","11":"product_cat-treningsbaand-no","12":"product_cat-treningsutstyr","13":"product_tag-aserve-no","15":"first","16":"instock","17":"taxable","18":"shipping-taxable","19":"purchasable","20":"product-type-simple"},"acf":[],"_links":{"self":[{"href":"https:\/\/fysiolab.dk\/no\/wp-json\/wp\/v2\/product\/104873","targetHints":{"allow":["GET"]}}],"collection":[{"href":"https:\/\/fysiolab.dk\/no\/wp-json\/wp\/v2\/product"}],"about":[{"href":"https:\/\/fysiolab.dk\/no\/wp-json\/wp\/v2\/types\/product"}],"replies":[{"embeddable":true,"href":"https:\/\/fysiolab.dk\/no\/wp-json\/wp\/v2\/comments?post=104873"}],"wp:featuredmedia":[{"embeddable":true,"href":"https:\/\/fysiolab.dk\/no\/wp-json\/wp\/v2\/media\/104860"}],"wp:attachment":[{"href":"https:\/\/fysiolab.dk\/no\/wp-json\/wp\/v2\/media?parent=104873"}],"wp:term":[{"taxonomy":"product_brand","embeddable":true,"href":"https:\/\/fysiolab.dk\/no\/wp-json\/wp\/v2\/product_brand?post=104873"},{"taxonomy":"product_cat","embeddable":true,"href":"https:\/\/fysiolab.dk\/no\/wp-json\/wp\/v2\/product_cat?post=104873"},{"taxonomy":"product_tag","embeddable":true,"href":"https:\/\/fysiolab.dk\/no\/wp-json\/wp\/v2\/product_tag?post=104873"}],"curies":[{"name":"wp","href":"https:\/\/api.w.org\/{rel}","templated":true}]}}