{"id":104877,"date":"2026-02-13T22:23:25","date_gmt":"2026-02-13T21:23:25","guid":{"rendered":"https:\/\/fysiolab.dk\/product\/sporto-med-gjenbrukbar-varmepose-30-x-40-cm\/"},"modified":"2026-02-13T22:23:25","modified_gmt":"2026-02-13T21:23:25","slug":"sporto-med-gjenbrukbar-varmepose-30-x-40-cm","status":"publish","type":"product","link":"https:\/\/fysiolab.dk\/no\/product\/sporto-med-gjenbrukbar-varmepose-30-x-40-cm\/","title":{"rendered":"Sporto-Med gjenbrukbar varmepose 30 x 40 cm"},"content":{"rendered":"<p>Gjenbrukbare varmepakker fra Sporto-Med. Spesielt nyttige ved kroniske ledd- og muskelskader. Mye brukt ved nakkesmerter, kneskader, beinhinnebetennelse (i forbindelse med kuldebehandling), skulderskader og kalde hender og f\u00f8tter.<br \/>\nPlasser 4 - 5 minutter i mikrob\u00f8lgeovn p\u00e5 600 watt eller 8 - 10 minutter i vanlig forvarmet ovn p\u00e5 100 grader. Disse posene kan ikke varmes opp i varmt\/kokende vann!<br \/>\nKan brukes som kuldepose ved \u00e5 legge posen i fryseren i minst 2 timer.<br \/>\nPosene inneholder hvetekorn og er et 100 % naturlig produkt. Leveres med et praktisk, vaskbart trekk.<br \/>\nF\u00e5s ogs\u00e5 i 20 cm x 28 cm og som nakke-\/skulderpose.  <\/p>\n","protected":false},"excerpt":{"rendered":"<p>Resirkulerte varmeposer fra Sporto-Med. 30 cm x 40 cm.<br \/>\nDenne varmeposen er firkantet. <\/p>\n","protected":false},"featured_media":104876,"comment_status":"closed","ping_status":"closed","template":"","meta":{"_acf_changed":false},"product_brand":[3086],"product_cat":[1948,2391,2124,1937,2439,1941],"product_tag":[2392],"class_list":{"0":"post-104877","1":"product","2":"type-product","3":"status-publish","4":"has-post-thumbnail","6":"product_brand-aserve","7":"product_cat-klinikk","8":"product_cat-a-serve-no","9":"product_cat-kald-varmebehandling","10":"product_cat-merkevarer","11":"product_cat-oppvarmingsprodukter","12":"product_cat-rekonvalesens-og-sportspleie","13":"product_tag-aserve-no","15":"first","16":"instock","17":"taxable","18":"shipping-taxable","19":"purchasable","20":"product-type-simple"},"acf":[],"_links":{"self":[{"href":"https:\/\/fysiolab.dk\/no\/wp-json\/wp\/v2\/product\/104877","targetHints":{"allow":["GET"]}}],"collection":[{"href":"https:\/\/fysiolab.dk\/no\/wp-json\/wp\/v2\/product"}],"about":[{"href":"https:\/\/fysiolab.dk\/no\/wp-json\/wp\/v2\/types\/product"}],"replies":[{"embeddable":true,"href":"https:\/\/fysiolab.dk\/no\/wp-json\/wp\/v2\/comments?post=104877"}],"wp:featuredmedia":[{"embeddable":true,"href":"https:\/\/fysiolab.dk\/no\/wp-json\/wp\/v2\/media\/104876"}],"wp:attachment":[{"href":"https:\/\/fysiolab.dk\/no\/wp-json\/wp\/v2\/media?parent=104877"}],"wp:term":[{"taxonomy":"product_brand","embeddable":true,"href":"https:\/\/fysiolab.dk\/no\/wp-json\/wp\/v2\/product_brand?post=104877"},{"taxonomy":"product_cat","embeddable":true,"href":"https:\/\/fysiolab.dk\/no\/wp-json\/wp\/v2\/product_cat?post=104877"},{"taxonomy":"product_tag","embeddable":true,"href":"https:\/\/fysiolab.dk\/no\/wp-json\/wp\/v2\/product_tag?post=104877"}],"curies":[{"name":"wp","href":"https:\/\/api.w.org\/{rel}","templated":true}]}}