{"id":104882,"date":"2026-02-13T22:26:57","date_gmt":"2026-02-13T21:26:57","guid":{"rendered":"https:\/\/fysiolab.dk\/product\/sporto-med-gjenbrukbar-varmepose-for-nakke-skuldre\/"},"modified":"2026-02-13T22:26:57","modified_gmt":"2026-02-13T21:26:57","slug":"sporto-med-gjenbrukbar-varmepose-for-nakke-skuldre","status":"publish","type":"product","link":"https:\/\/fysiolab.dk\/no\/product\/sporto-med-gjenbrukbar-varmepose-for-nakke-skuldre\/","title":{"rendered":"Sporto-Med gjenbrukbar varmepose for nakke\/skuldre"},"content":{"rendered":"<p>Gjenbrukbare varmepakker fra Sporto-Med. Spesielt nyttige ved kroniske ledd- og muskelskader. Mye brukt ved nakkesmerter, kneskader, beinhinnebetennelse (i forbindelse med kuldebehandling), skulderskader og kalde hender og f\u00f8tter.<br \/>\nPlasser 4 - 5 minutter i mikrob\u00f8lgeovn p\u00e5 600 watt eller 8 - 10 minutter i vanlig forvarmet ovn p\u00e5 100 grader. Disse posene kan ikke varmes opp i varmt\/kokende vann!<br \/>\nKan brukes som kj\u00f8lepose ved \u00e5 legge posen i fryseren i minst 2 timer.<br \/>\nPosene inneholder hvetekjerner og er et 100 % naturlig produkt. Leveres med et praktisk vaskbart trekk.<br \/>\nSt\u00f8rrelse: 30 x 40 cm. med utskj\u00e6ring for hals\/nakke.<br \/>\nFinnes ogs\u00e5 i st\u00f8rrelse 20&#215;28 cm.   <\/p>\n","protected":false},"excerpt":{"rendered":"<p>Gjenbrukbar varmepose for nakke\/skulder.<br \/>\nDenne varmeposen har en utskj\u00e6ring for nakken.<\/p>\n","protected":false},"featured_media":104881,"comment_status":"closed","ping_status":"closed","template":"","meta":{"_acf_changed":false},"product_brand":[3086],"product_cat":[1948,2391,2124,1937,2439,1941],"product_tag":[2392],"class_list":{"0":"post-104882","1":"product","2":"type-product","3":"status-publish","4":"has-post-thumbnail","6":"product_brand-aserve","7":"product_cat-klinikk","8":"product_cat-a-serve-no","9":"product_cat-kald-varmebehandling","10":"product_cat-merkevarer","11":"product_cat-oppvarmingsprodukter","12":"product_cat-rekonvalesens-og-sportspleie","13":"product_tag-aserve-no","15":"first","16":"instock","17":"taxable","18":"shipping-taxable","19":"purchasable","20":"product-type-simple"},"acf":[],"_links":{"self":[{"href":"https:\/\/fysiolab.dk\/no\/wp-json\/wp\/v2\/product\/104882","targetHints":{"allow":["GET"]}}],"collection":[{"href":"https:\/\/fysiolab.dk\/no\/wp-json\/wp\/v2\/product"}],"about":[{"href":"https:\/\/fysiolab.dk\/no\/wp-json\/wp\/v2\/types\/product"}],"replies":[{"embeddable":true,"href":"https:\/\/fysiolab.dk\/no\/wp-json\/wp\/v2\/comments?post=104882"}],"wp:featuredmedia":[{"embeddable":true,"href":"https:\/\/fysiolab.dk\/no\/wp-json\/wp\/v2\/media\/104881"}],"wp:attachment":[{"href":"https:\/\/fysiolab.dk\/no\/wp-json\/wp\/v2\/media?parent=104882"}],"wp:term":[{"taxonomy":"product_brand","embeddable":true,"href":"https:\/\/fysiolab.dk\/no\/wp-json\/wp\/v2\/product_brand?post=104882"},{"taxonomy":"product_cat","embeddable":true,"href":"https:\/\/fysiolab.dk\/no\/wp-json\/wp\/v2\/product_cat?post=104882"},{"taxonomy":"product_tag","embeddable":true,"href":"https:\/\/fysiolab.dk\/no\/wp-json\/wp\/v2\/product_tag?post=104882"}],"curies":[{"name":"wp","href":"https:\/\/api.w.org\/{rel}","templated":true}]}}