{"id":104923,"date":"2026-02-13T22:48:39","date_gmt":"2026-02-13T21:48:39","guid":{"rendered":"https:\/\/fysiolab.dk\/product\/aserve-teleskopstenger\/"},"modified":"2026-02-13T22:48:39","modified_gmt":"2026-02-13T21:48:39","slug":"aserve-teleskopstenger","status":"publish","type":"product","link":"https:\/\/fysiolab.dk\/no\/product\/aserve-teleskopstenger\/","title":{"rendered":"Aserve teleskopstenger"},"content":{"rendered":"<p>Aserve Nordic Walking Telescopic staver er laget av en hardpresset aluminiumslegering som ogs\u00e5 er varmebehandlet for \u00e5 \u00f8ke styrken og stabiliteten. De justerbare, spesialtilpassede hanskene er laget av bomull\/polyester for optimal komfort under bruk. H\u00e5ndtakene er belagt med semsket skinn\/kork for et sikkert og godt grep. Stavspissene er laget av hardmetall for lang levetid. Stavene er utstyrt med et anti-sjokksystem som eliminerer st\u00f8t som oppst\u00e5r n\u00e5r stavene settes i bakken. Anti-sjokksystemet aktiveres\/deaktiveres ved \u00e5 vri de to stolpedelene mot hverandre til det gir et lite klikk. De slitesterke kragene forhindrer at stolpene synker ned i for eksempel l\u00f8s sand eller sn\u00f8. Gummif\u00f8tter er inkludert for bruk p\u00e5 harde underlag.<br \/>\nVekt per sett 530 gram.       <\/p>\n","protected":false},"excerpt":{"rendered":"<p>Aserve Nordic Walking Teleskopstaver er justerbare, fra 85 cm. til 135 cm. Stavene er delt i intervaller p\u00e5 1 cm mellom 110 cm og 130 cm for n\u00f8yaktig lengdejustering.     <\/p>\n","protected":false},"featured_media":104922,"comment_status":"closed","ping_status":"closed","template":"","meta":{"_acf_changed":false},"product_brand":[3086],"product_cat":[1937,2391,2221,1945],"product_tag":[2392],"class_list":{"0":"post-104923","1":"product","2":"type-product","3":"status-publish","4":"has-post-thumbnail","6":"product_brand-aserve","7":"product_cat-merkevarer","8":"product_cat-a-serve-no","9":"product_cat-annet-treningsutstyr","10":"product_cat-treningsutstyr","11":"product_tag-aserve-no","13":"first","14":"instock","15":"taxable","16":"shipping-taxable","17":"purchasable","18":"product-type-simple"},"acf":[],"_links":{"self":[{"href":"https:\/\/fysiolab.dk\/no\/wp-json\/wp\/v2\/product\/104923","targetHints":{"allow":["GET"]}}],"collection":[{"href":"https:\/\/fysiolab.dk\/no\/wp-json\/wp\/v2\/product"}],"about":[{"href":"https:\/\/fysiolab.dk\/no\/wp-json\/wp\/v2\/types\/product"}],"replies":[{"embeddable":true,"href":"https:\/\/fysiolab.dk\/no\/wp-json\/wp\/v2\/comments?post=104923"}],"wp:featuredmedia":[{"embeddable":true,"href":"https:\/\/fysiolab.dk\/no\/wp-json\/wp\/v2\/media\/104922"}],"wp:attachment":[{"href":"https:\/\/fysiolab.dk\/no\/wp-json\/wp\/v2\/media?parent=104923"}],"wp:term":[{"taxonomy":"product_brand","embeddable":true,"href":"https:\/\/fysiolab.dk\/no\/wp-json\/wp\/v2\/product_brand?post=104923"},{"taxonomy":"product_cat","embeddable":true,"href":"https:\/\/fysiolab.dk\/no\/wp-json\/wp\/v2\/product_cat?post=104923"},{"taxonomy":"product_tag","embeddable":true,"href":"https:\/\/fysiolab.dk\/no\/wp-json\/wp\/v2\/product_tag?post=104923"}],"curies":[{"name":"wp","href":"https:\/\/api.w.org\/{rel}","templated":true}]}}