{"id":104930,"date":"2026-02-13T22:51:47","date_gmt":"2026-02-13T21:51:47","guid":{"rendered":"https:\/\/fysiolab.dk\/product\/sett-med-gummifoetter-for-vandrestaver\/"},"modified":"2026-02-13T22:51:47","modified_gmt":"2026-02-13T21:51:47","slug":"sett-med-gummifoetter-for-vandrestaver","status":"publish","type":"product","link":"https:\/\/fysiolab.dk\/no\/product\/sett-med-gummifoetter-for-vandrestaver\/","title":{"rendered":"Sett med gummif\u00f8tter for vandrestaver"},"content":{"rendered":"<p>Ekstra sett med gummif\u00f8tter til vandrestaver. Sv\u00e6rt slitesterk gummi med profil. Passer til b\u00e5de fast lengde og teleskopstaver. M\u00e5ler 10 mm i diameter.   <\/p>\n","protected":false},"excerpt":{"rendered":"<p>Ekstra sett med gummif\u00f8tter til vandrestaver. M\u00e5ler 10 mm i diameter. <\/p>\n","protected":false},"featured_media":104929,"comment_status":"closed","ping_status":"closed","template":"","meta":{"_acf_changed":false},"product_brand":[3086],"product_cat":[1937,2391,2221,1945],"product_tag":[2392],"class_list":{"0":"post-104930","1":"product","2":"type-product","3":"status-publish","4":"has-post-thumbnail","6":"product_brand-aserve","7":"product_cat-merkevarer","8":"product_cat-a-serve-no","9":"product_cat-annet-treningsutstyr","10":"product_cat-treningsutstyr","11":"product_tag-aserve-no","13":"first","14":"instock","15":"taxable","16":"shipping-taxable","17":"purchasable","18":"product-type-simple"},"acf":[],"_links":{"self":[{"href":"https:\/\/fysiolab.dk\/no\/wp-json\/wp\/v2\/product\/104930","targetHints":{"allow":["GET"]}}],"collection":[{"href":"https:\/\/fysiolab.dk\/no\/wp-json\/wp\/v2\/product"}],"about":[{"href":"https:\/\/fysiolab.dk\/no\/wp-json\/wp\/v2\/types\/product"}],"replies":[{"embeddable":true,"href":"https:\/\/fysiolab.dk\/no\/wp-json\/wp\/v2\/comments?post=104930"}],"wp:featuredmedia":[{"embeddable":true,"href":"https:\/\/fysiolab.dk\/no\/wp-json\/wp\/v2\/media\/104929"}],"wp:attachment":[{"href":"https:\/\/fysiolab.dk\/no\/wp-json\/wp\/v2\/media?parent=104930"}],"wp:term":[{"taxonomy":"product_brand","embeddable":true,"href":"https:\/\/fysiolab.dk\/no\/wp-json\/wp\/v2\/product_brand?post=104930"},{"taxonomy":"product_cat","embeddable":true,"href":"https:\/\/fysiolab.dk\/no\/wp-json\/wp\/v2\/product_cat?post=104930"},{"taxonomy":"product_tag","embeddable":true,"href":"https:\/\/fysiolab.dk\/no\/wp-json\/wp\/v2\/product_tag?post=104930"}],"curies":[{"name":"wp","href":"https:\/\/api.w.org\/{rel}","templated":true}]}}