{"id":104947,"date":"2026-02-13T22:57:40","date_gmt":"2026-02-13T21:57:40","guid":{"rendered":"https:\/\/fysiolab.dk\/product\/aserve-junior-knebeskyttere-blaa\/"},"modified":"2026-02-13T22:57:40","modified_gmt":"2026-02-13T21:57:40","slug":"aserve-junior-knebeskyttere-blaa","status":"publish","type":"product","link":"https:\/\/fysiolab.dk\/no\/product\/aserve-junior-knebeskyttere-blaa\/","title":{"rendered":"Aserve Junior knebeskyttere bl\u00e5."},"content":{"rendered":"<p>God knebeskytter for barn og juniorer. Slitesterk pute som beskytter mot st\u00f8t og slag. Formst\u00f8pt med god passform og stor fleksibilitet. Kan brukes til alle idretter der det er behov for ekstra knebeskyttelse. Selges i par.    <\/p>\n<p>&nbsp;<\/p>\n<p>Knebeskyttere for barn og ungdom. Bl\u00e5 og i 3 st\u00f8rrelser: S\/8 \u00e5r, L\/12 \u00e5r og XL\/14 \u00e5r <\/p>\n<p>Medium er dessverre utsolgt.<\/p>\n","protected":false},"excerpt":{"rendered":"<p>Knebeskyttere for barn og ungdom. Bl\u00e5 og i 3 st\u00f8rrelser: S\/8 \u00e5r, L\/12 \u00e5r og XL\/14 \u00e5r <\/p>\n","protected":false},"featured_media":104946,"comment_status":"closed","ping_status":"closed","template":"","meta":{"_acf_changed":false},"product_brand":[3086],"product_cat":[1937,2391,2374,1945],"product_tag":[2392],"class_list":{"0":"post-104947","1":"product","2":"type-product","3":"status-publish","4":"has-post-thumbnail","6":"product_brand-aserve","7":"product_cat-merkevarer","8":"product_cat-a-serve-no","9":"product_cat-haandball","10":"product_cat-treningsutstyr","11":"product_tag-aserve-no","13":"first","14":"instock","15":"taxable","16":"shipping-taxable","17":"purchasable","18":"product-type-variable"},"acf":[],"_links":{"self":[{"href":"https:\/\/fysiolab.dk\/no\/wp-json\/wp\/v2\/product\/104947","targetHints":{"allow":["GET"]}}],"collection":[{"href":"https:\/\/fysiolab.dk\/no\/wp-json\/wp\/v2\/product"}],"about":[{"href":"https:\/\/fysiolab.dk\/no\/wp-json\/wp\/v2\/types\/product"}],"replies":[{"embeddable":true,"href":"https:\/\/fysiolab.dk\/no\/wp-json\/wp\/v2\/comments?post=104947"}],"wp:featuredmedia":[{"embeddable":true,"href":"https:\/\/fysiolab.dk\/no\/wp-json\/wp\/v2\/media\/104946"}],"wp:attachment":[{"href":"https:\/\/fysiolab.dk\/no\/wp-json\/wp\/v2\/media?parent=104947"}],"wp:term":[{"taxonomy":"product_brand","embeddable":true,"href":"https:\/\/fysiolab.dk\/no\/wp-json\/wp\/v2\/product_brand?post=104947"},{"taxonomy":"product_cat","embeddable":true,"href":"https:\/\/fysiolab.dk\/no\/wp-json\/wp\/v2\/product_cat?post=104947"},{"taxonomy":"product_tag","embeddable":true,"href":"https:\/\/fysiolab.dk\/no\/wp-json\/wp\/v2\/product_tag?post=104947"}],"curies":[{"name":"wp","href":"https:\/\/api.w.org\/{rel}","templated":true}]}}