{"id":104973,"date":"2026-02-13T23:04:29","date_gmt":"2026-02-13T22:04:29","guid":{"rendered":"https:\/\/fysiolab.dk\/product\/aserve-albuebeskytter-med-pute\/"},"modified":"2026-02-13T23:04:29","modified_gmt":"2026-02-13T22:04:29","slug":"aserve-albuebeskytter-med-pute","status":"publish","type":"product","link":"https:\/\/fysiolab.dk\/no\/product\/aserve-albuebeskytter-med-pute\/","title":{"rendered":"Aserve Albuebeskytter med pute"},"content":{"rendered":"<p>Albueputen er laget av slitesterk neopren med forsterkninger p\u00e5 de mest utsatte omr\u00e5dene. Den polstrede puten gir optimal st\u00f8tdemping i alle idretter. Den mest brukte av h\u00e5ndballspillere.  <\/p>\n<p>Tilgjengelig fra XS til XXL.<\/p>\n","protected":false},"excerpt":{"rendered":"<p>Albuebeskytter i neopren med pute. Gir god st\u00f8tte og beskyttelse mot slag og fall samt god varme. Selges i par.  <\/p>\n","protected":false},"featured_media":104956,"comment_status":"closed","ping_status":"closed","template":"","meta":{"_acf_changed":false},"product_brand":[3086],"product_cat":[1937,2391,2374,1945],"product_tag":[2392],"class_list":{"0":"post-104973","1":"product","2":"type-product","3":"status-publish","4":"has-post-thumbnail","6":"product_brand-aserve","7":"product_cat-merkevarer","8":"product_cat-a-serve-no","9":"product_cat-haandball","10":"product_cat-treningsutstyr","11":"product_tag-aserve-no","13":"first","14":"instock","15":"taxable","16":"shipping-taxable","17":"purchasable","18":"product-type-variable"},"acf":[],"_links":{"self":[{"href":"https:\/\/fysiolab.dk\/no\/wp-json\/wp\/v2\/product\/104973","targetHints":{"allow":["GET"]}}],"collection":[{"href":"https:\/\/fysiolab.dk\/no\/wp-json\/wp\/v2\/product"}],"about":[{"href":"https:\/\/fysiolab.dk\/no\/wp-json\/wp\/v2\/types\/product"}],"replies":[{"embeddable":true,"href":"https:\/\/fysiolab.dk\/no\/wp-json\/wp\/v2\/comments?post=104973"}],"wp:featuredmedia":[{"embeddable":true,"href":"https:\/\/fysiolab.dk\/no\/wp-json\/wp\/v2\/media\/104956"}],"wp:attachment":[{"href":"https:\/\/fysiolab.dk\/no\/wp-json\/wp\/v2\/media?parent=104973"}],"wp:term":[{"taxonomy":"product_brand","embeddable":true,"href":"https:\/\/fysiolab.dk\/no\/wp-json\/wp\/v2\/product_brand?post=104973"},{"taxonomy":"product_cat","embeddable":true,"href":"https:\/\/fysiolab.dk\/no\/wp-json\/wp\/v2\/product_cat?post=104973"},{"taxonomy":"product_tag","embeddable":true,"href":"https:\/\/fysiolab.dk\/no\/wp-json\/wp\/v2\/product_tag?post=104973"}],"curies":[{"name":"wp","href":"https:\/\/api.w.org\/{rel}","templated":true}]}}