{"id":104996,"date":"2026-02-13T23:33:12","date_gmt":"2026-02-13T22:33:12","guid":{"rendered":"https:\/\/fysiolab.dk\/product\/aserve-5-stk-blisterpakning\/"},"modified":"2026-02-13T23:33:12","modified_gmt":"2026-02-13T22:33:12","slug":"aserve-5-stk-blisterpakning","status":"publish","type":"product","link":"https:\/\/fysiolab.dk\/no\/product\/aserve-5-stk-blisterpakning\/","title":{"rendered":"Aserve 5 stk. blisterpakning"},"content":{"rendered":"<p>Aserve blemmeplaster kan brukes til forebygging eller behandling av blemmer.<br \/>\nBlemmeplaster inneholder Aloe Vera, som bidrar til at blemmer gror raskere enn normalt.<br \/>\nBlemmeplaster absorberer v\u00e6ske fra blemmer sv\u00e6rt raskt takket v\u00e6re det spesielle \"Moist Wound Care\"-belegget. Blemmeplastrene er vanntette og kan vare i 3-5 dager. Vabelplaster b\u00f8r ikke fjernes f\u00f8r de begynner \u00e5 l\u00f8sne av seg selv. Skift ut plasteret til blemmen er helt leget. Hvis det er tegn p\u00e5 infeksjon eller brukeren har diabetes, b\u00f8r lege kontaktes.     <\/p>\n","protected":false},"excerpt":{"rendered":"<p>Aserve blisterplaster i en liten, hendig pakke som inneholder 5 ovale, ultratynne blisterplaster som m\u00e5ler 42 x 69 mm.<\/p>\n","protected":false},"featured_media":104995,"comment_status":"closed","ping_status":"closed","template":"","meta":{"_acf_changed":false},"product_brand":[3086],"product_cat":[1948,2391,2427,3185,1937,1941],"product_tag":[2392],"class_list":{"0":"post-104996","1":"product","2":"type-product","3":"status-publish","4":"has-post-thumbnail","6":"product_brand-aserve","7":"product_cat-klinikk","8":"product_cat-a-serve-no","9":"product_cat-blemmeplaster-og-forebygging","10":"product_cat-forebygging-av-blemmer","11":"product_cat-merkevarer","12":"product_cat-rekonvalesens-og-sportspleie","13":"product_tag-aserve-no","15":"first","16":"instock","17":"taxable","18":"shipping-taxable","19":"purchasable","20":"product-type-simple"},"acf":[],"_links":{"self":[{"href":"https:\/\/fysiolab.dk\/no\/wp-json\/wp\/v2\/product\/104996","targetHints":{"allow":["GET"]}}],"collection":[{"href":"https:\/\/fysiolab.dk\/no\/wp-json\/wp\/v2\/product"}],"about":[{"href":"https:\/\/fysiolab.dk\/no\/wp-json\/wp\/v2\/types\/product"}],"replies":[{"embeddable":true,"href":"https:\/\/fysiolab.dk\/no\/wp-json\/wp\/v2\/comments?post=104996"}],"wp:featuredmedia":[{"embeddable":true,"href":"https:\/\/fysiolab.dk\/no\/wp-json\/wp\/v2\/media\/104995"}],"wp:attachment":[{"href":"https:\/\/fysiolab.dk\/no\/wp-json\/wp\/v2\/media?parent=104996"}],"wp:term":[{"taxonomy":"product_brand","embeddable":true,"href":"https:\/\/fysiolab.dk\/no\/wp-json\/wp\/v2\/product_brand?post=104996"},{"taxonomy":"product_cat","embeddable":true,"href":"https:\/\/fysiolab.dk\/no\/wp-json\/wp\/v2\/product_cat?post=104996"},{"taxonomy":"product_tag","embeddable":true,"href":"https:\/\/fysiolab.dk\/no\/wp-json\/wp\/v2\/product_tag?post=104996"}],"curies":[{"name":"wp","href":"https:\/\/api.w.org\/{rel}","templated":true}]}}