{"id":105190,"date":"2026-02-11T09:56:47","date_gmt":"2026-02-11T08:56:47","guid":{"rendered":"https:\/\/fysiolab.dk\/product\/donjoy-achilloforce-ankelstoette\/"},"modified":"2026-02-11T09:56:47","modified_gmt":"2026-02-11T08:56:47","slug":"donjoy-achilloforce-ankelstoette","status":"publish","type":"product","link":"https:\/\/fysiolab.dk\/no\/product\/donjoy-achilloforce-ankelstoette\/","title":{"rendered":"DonJoy AchilloForce ankelst\u00f8tte"},"content":{"rendered":"<h3 data-start=\"0\" data-end=\"66\"><strong data-start=\"0\" data-end=\"66\">AchilloForce\u00ae - m\u00e5lrettet st\u00f8tte og avlastning av akillessenen<\/strong><\/h3>\n<p data-start=\"68\" data-end=\"403\">AchilloForce\u00ae er en medisinsk ankelbandasje som er utviklet for \u00e5 behandle og lindre smerter for\u00e5rsaket av akillestendinitt (achillodyni), overbelastning og posttraumatiske tilstander rundt akillessenen. Den kombinerer kompresjon og m\u00e5lrettet stimulering for \u00e5 redusere smerte, fremme blodsirkulasjonen og st\u00f8tte tilhelingsprosessen. <\/p>\n<p data-start=\"405\" data-end=\"797\">Den anatomisk formede 3D-konstruksjonen s\u00f8rger for en tettsittende og behagelig passform rundt ankelen. Den integrerte silikonputen rundt akillessenen gir en masserende effekt under bevegelse, noe som stimulerer vevet og kan bidra til smertelindring og forbedret propriosepsjon. Den lette kompresjonen bidrar ogs\u00e5 til \u00e5 redusere hevelse og gir stabilitet uten \u00e5 begrense bevegeligheten.  <\/p>\n<p data-start=\"799\" data-end=\"1043\">Materialet er pustende, elastisk og behagelig mot huden, noe som gj\u00f8r den egnet for b\u00e5de daglig bruk og aktivitet. Den lave profilen gj\u00f8r den enkel \u00e5 bruke i vanlig fott\u00f8y, og den passer b\u00e5de h\u00f8yre og venstre fot. <\/p>\n<p data-start=\"1045\" data-end=\"1279\" data-is-last-node=\"\" data-is-only-node=\"\">AchilloForce\u00ae er det ideelle valget for pasienter og aktive personer som lider av smerter i akillessenen og trenger en funksjonell, komfortabel og klinisk egnet st\u00f8tte - b\u00e5de under rehabilitering og fortsatt idrettsaktivitet.<\/p>\n","protected":false},"excerpt":{"rendered":"<h5><strong>AchilloForce\u00ae gir m\u00e5lrettet st\u00f8tte og lindring ved smerter i akillessenen. Den integrerte silikonputen masserer og stimulerer omr\u00e5det under bevegelse, samtidig som den lette kompresjonen reduserer hevelse og ubehag. En komfortabel og diskret l\u00f8sning for b\u00e5de hverdagsbruk og aktivitet. St\u00f8tten passer til b\u00e5de h\u00f8yre og venstre fot   <\/strong><\/h5>\n","protected":false},"featured_media":104550,"comment_status":"closed","ping_status":"closed","template":"","meta":{"_acf_changed":false},"product_brand":[3091],"product_cat":[1937,1938,2283,1933,1993],"product_tag":[2173],"class_list":{"0":"post-105190","1":"product","2":"type-product","3":"status-publish","4":"has-post-thumbnail","6":"product_brand-donjoy","7":"product_cat-merkevarer","8":"product_cat-donjoy-no","9":"product_cat-donjoy-achilles-stoette","10":"product_cat-skinner-og-stoetteskinner","11":"product_cat-smerter-i-akillessenen","12":"product_tag-donjoy-no","14":"first","15":"instock","16":"taxable","17":"shipping-taxable","18":"purchasable","19":"product-type-variable"},"acf":[],"_links":{"self":[{"href":"https:\/\/fysiolab.dk\/no\/wp-json\/wp\/v2\/product\/105190","targetHints":{"allow":["GET"]}}],"collection":[{"href":"https:\/\/fysiolab.dk\/no\/wp-json\/wp\/v2\/product"}],"about":[{"href":"https:\/\/fysiolab.dk\/no\/wp-json\/wp\/v2\/types\/product"}],"replies":[{"embeddable":true,"href":"https:\/\/fysiolab.dk\/no\/wp-json\/wp\/v2\/comments?post=105190"}],"wp:featuredmedia":[{"embeddable":true,"href":"https:\/\/fysiolab.dk\/no\/wp-json\/wp\/v2\/media\/104550"}],"wp:attachment":[{"href":"https:\/\/fysiolab.dk\/no\/wp-json\/wp\/v2\/media?parent=105190"}],"wp:term":[{"taxonomy":"product_brand","embeddable":true,"href":"https:\/\/fysiolab.dk\/no\/wp-json\/wp\/v2\/product_brand?post=105190"},{"taxonomy":"product_cat","embeddable":true,"href":"https:\/\/fysiolab.dk\/no\/wp-json\/wp\/v2\/product_cat?post=105190"},{"taxonomy":"product_tag","embeddable":true,"href":"https:\/\/fysiolab.dk\/no\/wp-json\/wp\/v2\/product_tag?post=105190"}],"curies":[{"name":"wp","href":"https:\/\/api.w.org\/{rel}","templated":true}]}}