{"id":105217,"date":"2026-02-15T08:48:47","date_gmt":"2026-02-15T07:48:47","guid":{"rendered":"https:\/\/fysiolab.dk\/product\/donjoy-lumboforce-5-ryggstoette-kun-stoerrelse-m\/"},"modified":"2026-02-15T08:48:47","modified_gmt":"2026-02-15T07:48:47","slug":"donjoy-lumboforce-5-ryggstoette-kun-stoerrelse-m","status":"publish","type":"product","link":"https:\/\/fysiolab.dk\/no\/product\/donjoy-lumboforce-5-ryggstoette-kun-stoerrelse-m\/","title":{"rendered":"DonJoy LumboForce 5 ryggst\u00f8tte (kun st\u00f8rrelse M)"},"content":{"rendered":"<h3 data-start=\"0\" data-end=\"26\"><strong data-start=\"3\" data-end=\"26\">DonJoy LumboForce 5 Ryggst\u00f8tte<\/strong><\/h3>\n<p data-start=\"28\" data-end=\"346\">DonJoy LumboForce 5 er en avansert og halvstiv korsryggortose som er utviklet for \u00e5 gi kraftig stabilisering og effektiv avlastning av korsryggen ved b\u00e5de akutte og kroniske ryggsmerter. Ortosen bidrar til \u00e5 opprettholde en n\u00f8ytral ryggstilling og reduserer belastningen p\u00e5 korsryggen i hverdagen og under rehabilitering. <\/p>\n<p data-start=\"348\" data-end=\"603\">Den har et avtakbart ryggskall, fleksible ryggskinner og et effektivt trinsesystem som gj\u00f8r at du kan justere kompresjonen n\u00f8yaktig etter behov. Den stabile mageputen foran \u00f8ker st\u00f8tten ytterligere og sikrer optimal kontroll og komfort. <\/p>\n<p data-start=\"605\" data-end=\"860\" data-is-last-node=\"\" data-is-only-node=\"\">LumboForce 5 brukes ved skiveproblemer, spondylolistese, spinal stenose og andre tilstander som krever h\u00f8y stabilitet og m\u00e5lrettet st\u00f8tte. En profesjonell l\u00f8sning for maksimal avlastning og funksjonell st\u00f8tte av korsryggen. <\/p>\n<p data-start=\"605\" data-end=\"860\" data-is-last-node=\"\" data-is-only-node=\"\">V\u00e6r oppmerksom p\u00e5 at dette produktet kun er tilgjengelig i st\u00f8rrelse Medium h\u00f8yde 26 cm<\/p>\n<p data-start=\"605\" data-end=\"860\" data-is-last-node=\"\" data-is-only-node=\"\"><strong>St\u00f8rrelsesguide<\/strong><\/p>\n<p data-start=\"605\" data-end=\"860\" data-is-last-node=\"\" data-is-only-node=\"\"><strong>M\u00e5l midjem\u00e5let ditt ved navlen  <\/strong><\/p>\n<p data-start=\"605\" data-end=\"860\" data-is-last-node=\"\" data-is-only-node=\"\"><strong>Str. M Omkrets 85-95 cm<\/strong><\/p>\n","protected":false},"excerpt":{"rendered":"<p><strong>DonJoy LumboForce 5 er en halvstiv korsryggst\u00f8tte som gir kraftig stabilisering og effektiv avlastning av korsryggen. Det justerbare trinsesystemet s\u00f8rger for tilpasset kompresjon og optimal passform. Ideell for ryggsmerter og tilstander der det er behov for h\u00f8y st\u00f8tte og kontroll.  <\/strong><\/p>\n<p><strong>Str. M midjeomkrets 85-95 cm<\/strong><\/p>\n","protected":false},"featured_media":105201,"comment_status":"closed","ping_status":"closed","template":"","meta":{"_acf_changed":false},"product_brand":[3091],"product_cat":[1937,2191,1938,2193,2190,2184,2016],"product_tag":[2173],"class_list":{"0":"post-105217","1":"product","2":"type-product","3":"status-publish","4":"has-post-thumbnail","6":"product_brand-donjoy","7":"product_cat-merkevarer","8":"product_cat-brudd-i-ryggen-brudd-i-ryggraden","9":"product_cat-donjoy-no","10":"product_cat-donjoy-ryggstoette","11":"product_cat-osteoporose-benskjoerhet-i-ryggen","12":"product_cat-rygg-og-korsrygg","13":"product_cat-uttak","14":"product_tag-donjoy-no","16":"first","17":"instock","18":"sale","19":"taxable","20":"shipping-taxable","21":"purchasable","22":"product-type-simple"},"acf":[],"_links":{"self":[{"href":"https:\/\/fysiolab.dk\/no\/wp-json\/wp\/v2\/product\/105217","targetHints":{"allow":["GET"]}}],"collection":[{"href":"https:\/\/fysiolab.dk\/no\/wp-json\/wp\/v2\/product"}],"about":[{"href":"https:\/\/fysiolab.dk\/no\/wp-json\/wp\/v2\/types\/product"}],"replies":[{"embeddable":true,"href":"https:\/\/fysiolab.dk\/no\/wp-json\/wp\/v2\/comments?post=105217"}],"wp:featuredmedia":[{"embeddable":true,"href":"https:\/\/fysiolab.dk\/no\/wp-json\/wp\/v2\/media\/105201"}],"wp:attachment":[{"href":"https:\/\/fysiolab.dk\/no\/wp-json\/wp\/v2\/media?parent=105217"}],"wp:term":[{"taxonomy":"product_brand","embeddable":true,"href":"https:\/\/fysiolab.dk\/no\/wp-json\/wp\/v2\/product_brand?post=105217"},{"taxonomy":"product_cat","embeddable":true,"href":"https:\/\/fysiolab.dk\/no\/wp-json\/wp\/v2\/product_cat?post=105217"},{"taxonomy":"product_tag","embeddable":true,"href":"https:\/\/fysiolab.dk\/no\/wp-json\/wp\/v2\/product_tag?post=105217"}],"curies":[{"name":"wp","href":"https:\/\/api.w.org\/{rel}","templated":true}]}}