{"id":105241,"date":"2026-02-15T14:34:57","date_gmt":"2026-02-15T13:34:57","guid":{"rendered":"https:\/\/fysiolab.dk\/product\/compex-sp-2-0-muskelstimulator-demomodell\/"},"modified":"2026-02-15T14:34:57","modified_gmt":"2026-02-15T13:34:57","slug":"compex-sp-2-0-muskelstimulator-demomodell","status":"publish","type":"product","link":"https:\/\/fysiolab.dk\/no\/product\/compex-sp-2-0-muskelstimulator-demomodell\/","title":{"rendered":"Compex SP 2.0 Muskelstimulator Demomodell"},"content":{"rendered":"<p data-start=\"0\" data-end=\"48\"><strong>Dette er en demomodell som har blitt brukt til \u00e5 vise frem p\u00e5 en klinikk i forbindelse med i forbindelse med oppl\u00e6ring i bruk for kunder og pasienter. Apparatet har alltid v\u00e6rt betjent av en fysioterapeut og fremst\u00e5r som nytt. Ingen feil p\u00e5 apparatet  <\/strong><\/p>\n<p><strong>Inkludert:<\/strong><\/p>\n<p><strong>Utstyr<\/strong><\/p>\n<p><strong>Batteripakke  <\/strong><\/p>\n<p><strong>Lader<\/strong><\/p>\n<p><strong>Kabling<\/strong><\/p>\n<h3 data-start=\"0\" data-end=\"48\"><strong data-start=\"3\" data-end=\"48\">Compex SP 2.0 - apparat for muskelstimulering<\/strong><\/h3>\n<p data-start=\"50\" data-end=\"384\">Compex SP 2.0 er et avansert og brukervennlig apparat for muskelstimulering <strong data-start=\"97\" data-end=\"132\">(EMS) som<\/strong> er utviklet for \u00e5 st\u00f8tte trening, restitusjon og smertelindring ved hjelp av elektrisk muskelstimulering. Apparatet kombinerer <strong data-start=\"250\" data-end=\"292\">kraftige programmer med intuitiv betjening,<\/strong> slik at b\u00e5de mosjonister og eliteut\u00f8vere kan dra nytte av funksjonene - uansett niv\u00e5. <\/p>\n<p data-start=\"386\" data-end=\"752\">Compex SP 2.0 bruker <strong data-start=\"407\" data-end=\"456\">elektriske impulser til \u00e5 aktivere musklene<\/strong>, noe som kan forbedre muskelstyrken, \u00f8ke blodsirkulasjonen og bidra til \u00e5 redusere muskel\u00f8mhet etter trening. Ved \u00e5 stimulere muskelfibrene kan apparatet ogs\u00e5 brukes til <strong data-start=\"629\" data-end=\"751\">oppvarming f\u00f8r trening, raskere restitusjon etter harde trenings\u00f8kter og smertelindring ved anspenthet eller \u00f8mhet<\/strong>. <\/p>\n<p data-start=\"754\" data-end=\"1098\">Med flere forh\u00e5ndsinnstilte programmer for ulike form\u00e5l - som styrke, utholdenhet, restitusjon og smertelindring - er Compex SP 2.0 et multifunksjonelt verkt\u00f8y som kan integreres direkte i treningsrutinen din. Den ergonomiske utformingen og brukervennligheten gj\u00f8r den enkel \u00e5 bruke hjemme, p\u00e5 treningssenteret eller etter fysisk aktivitet. <\/p>\n<h3 data-start=\"1100\" data-end=\"1129\">Fordeler med Compex SP 2.0<\/h3>\n<ul data-start=\"1130\" data-end=\"1612\">\n<li data-start=\"1130\" data-end=\"1223\">\n<p data-start=\"1132\" data-end=\"1223\"><strong data-start=\"1132\" data-end=\"1163\">Forbedrer muskelaktivering:<\/strong> Styrker musklene gjennom m\u00e5lrettet elektrisk stimulering.<\/p>\n<\/li>\n<li data-start=\"1224\" data-end=\"1315\">\n<p data-start=\"1226\" data-end=\"1315\"><strong data-start=\"1226\" data-end=\"1250\">Bidrar til restitusjon:<\/strong> \u00d8ker blodsirkulasjonen og reduserer muskel\u00f8mhet etter trening.<\/p>\n<\/li>\n<li data-start=\"1316\" data-end=\"1408\">\n<p data-start=\"1318\" data-end=\"1408\"><strong data-start=\"1318\" data-end=\"1353\">Reduserer smerter og spenninger:<\/strong> Effektivt for \u00e5 lindre \u00f8mme eller slitne muskler.<\/p>\n<\/li>\n<li data-start=\"1409\" data-end=\"1498\">\n<p data-start=\"1411\" data-end=\"1498\"><strong data-start=\"1411\" data-end=\"1436\">Fleksible programmer:<\/strong> Tilpassbare innstillinger for oppvarming, trening og restitusjon.<\/p>\n<\/li>\n<li data-start=\"1499\" data-end=\"1612\">\n<p data-start=\"1501\" data-end=\"1612\"><strong data-start=\"1501\" data-end=\"1518\">Enkel \u00e5 bruke:<\/strong> Brukervennlig skjerm og intuitive kontroller - perfekt for b\u00e5de nybegynnere og erfarne brukere.<\/p>\n<\/li>\n<\/ul>\n<p data-start=\"1614\" data-end=\"1793\">Compex SP 2.0 er et effektivt og allsidig verkt\u00f8y for deg som \u00f8nsker \u00e5 optimalisere treningen, forbedre restitusjonen eller lindre muskelspenninger med profesjonell muskelstimulering.<\/p>\n","protected":false},"excerpt":{"rendered":"<p data-start=\"0\" data-end=\"48\"><strong>Dette er en demomodell som har blitt brukt til \u00e5 vise frem p\u00e5 en klinikk i forbindelse med i forbindelse med oppl\u00e6ring i bruk for kunder og pasienter. Apparatet har alltid v\u00e6rt betjent av en fysioterapeut og fremst\u00e5r som nytt. Ingen feil p\u00e5 apparatet  <\/strong><\/p>\n<p><strong>Inkludert:<\/strong><\/p>\n<p><strong>Enhet - batteri - ledninger for elektroder - batterilader<\/strong><\/p>\n","protected":false},"featured_media":105236,"comment_status":"closed","ping_status":"closed","template":"","meta":{"_acf_changed":false},"product_brand":[3115],"product_cat":[2016,2684],"product_tag":[2019],"class_list":{"0":"post-105241","1":"product","2":"type-product","3":"status-publish","4":"has-post-thumbnail","6":"product_brand-compex","7":"product_cat-uttak","8":"product_cat-demoprodukter","9":"product_tag-compex-no","11":"first","12":"outofstock","13":"sale","14":"taxable","15":"shipping-taxable","16":"purchasable","17":"product-type-simple"},"acf":[],"_links":{"self":[{"href":"https:\/\/fysiolab.dk\/no\/wp-json\/wp\/v2\/product\/105241","targetHints":{"allow":["GET"]}}],"collection":[{"href":"https:\/\/fysiolab.dk\/no\/wp-json\/wp\/v2\/product"}],"about":[{"href":"https:\/\/fysiolab.dk\/no\/wp-json\/wp\/v2\/types\/product"}],"replies":[{"embeddable":true,"href":"https:\/\/fysiolab.dk\/no\/wp-json\/wp\/v2\/comments?post=105241"}],"wp:featuredmedia":[{"embeddable":true,"href":"https:\/\/fysiolab.dk\/no\/wp-json\/wp\/v2\/media\/105236"}],"wp:attachment":[{"href":"https:\/\/fysiolab.dk\/no\/wp-json\/wp\/v2\/media?parent=105241"}],"wp:term":[{"taxonomy":"product_brand","embeddable":true,"href":"https:\/\/fysiolab.dk\/no\/wp-json\/wp\/v2\/product_brand?post=105241"},{"taxonomy":"product_cat","embeddable":true,"href":"https:\/\/fysiolab.dk\/no\/wp-json\/wp\/v2\/product_cat?post=105241"},{"taxonomy":"product_tag","embeddable":true,"href":"https:\/\/fysiolab.dk\/no\/wp-json\/wp\/v2\/product_tag?post=105241"}],"curies":[{"name":"wp","href":"https:\/\/api.w.org\/{rel}","templated":true}]}}