{"id":105251,"date":"2026-02-15T14:43:01","date_gmt":"2026-02-15T13:43:01","guid":{"rendered":"https:\/\/fysiolab.dk\/product\/compex-ryggstoette-for-smertelindring-demomodell-stoerrelse-s-m\/"},"modified":"2026-02-15T14:43:01","modified_gmt":"2026-02-15T13:43:01","slug":"compex-ryggstoette-for-smertelindring-demomodell-stoerrelse-s-m","status":"publish","type":"product","link":"https:\/\/fysiolab.dk\/no\/product\/compex-ryggstoette-for-smertelindring-demomodell-stoerrelse-s-m\/","title":{"rendered":"Compex ryggst\u00f8tte for smertelindring Demomodell st\u00f8rrelse. S\/M"},"content":{"rendered":"<p><strong>Dette er en demomodell som har blitt brukt til \u00e5 vise frem p\u00e5 en klinikk i forbindelse med i forbindelse med oppl\u00e6ring i bruk for kunder og pasienter. Apparatet har alltid v\u00e6rt betjent av en fysioterapeut og fremst\u00e5r som nytt. Ingen feil p\u00e5 apparatet  <\/strong><\/p>\n<p>Denne ryggbandasjen kombinerer b\u00e5de kompresjon til musklene og varme og TENS (transkutan elektrisk nervestimulering). Du kan enkelt velge hvilken type smertelindring du \u00f8nsker ved hjelp av det lille displayet p\u00e5 bandasjen. Bandasjen finnes i 2 forskjellige st\u00f8rrelser, og TENS-enheten tilbyr 8 forskjellige smertelindringsprogrammer og 2 varmeniv\u00e5er.  <\/p>\n<p><strong>St\u00f8rrelsesguide<\/strong><\/p>\n<p><strong>M\u00e5l midjeomkretsen din  <\/strong><\/p>\n<p><strong>Omkrets Str<\/strong><\/p>\n<p><strong>64-94 cm S\/M<\/strong><\/p>\n","protected":false},"excerpt":{"rendered":"<p><strong>Dette er en demomodell som har blitt brukt til \u00e5 vise frem p\u00e5 en klinikk i forbindelse med i forbindelse med oppl\u00e6ring i bruk for kunder og pasienter. Apparatet har alltid v\u00e6rt betjent av en fysioterapeut og fremst\u00e5r som nytt. Ingen feil p\u00e5 apparatet  <\/strong><\/p>\n","protected":false},"featured_media":105248,"comment_status":"closed","ping_status":"closed","template":"","meta":{"_acf_changed":false},"product_brand":[3115],"product_cat":[2016,2684],"product_tag":[2019],"class_list":{"0":"post-105251","1":"product","2":"type-product","3":"status-publish","4":"has-post-thumbnail","6":"product_brand-compex","7":"product_cat-uttak","8":"product_cat-demoprodukter","9":"product_tag-compex-no","11":"first","12":"outofstock","13":"sale","14":"taxable","15":"shipping-taxable","16":"purchasable","17":"product-type-simple"},"acf":[],"_links":{"self":[{"href":"https:\/\/fysiolab.dk\/no\/wp-json\/wp\/v2\/product\/105251","targetHints":{"allow":["GET"]}}],"collection":[{"href":"https:\/\/fysiolab.dk\/no\/wp-json\/wp\/v2\/product"}],"about":[{"href":"https:\/\/fysiolab.dk\/no\/wp-json\/wp\/v2\/types\/product"}],"replies":[{"embeddable":true,"href":"https:\/\/fysiolab.dk\/no\/wp-json\/wp\/v2\/comments?post=105251"}],"wp:featuredmedia":[{"embeddable":true,"href":"https:\/\/fysiolab.dk\/no\/wp-json\/wp\/v2\/media\/105248"}],"wp:attachment":[{"href":"https:\/\/fysiolab.dk\/no\/wp-json\/wp\/v2\/media?parent=105251"}],"wp:term":[{"taxonomy":"product_brand","embeddable":true,"href":"https:\/\/fysiolab.dk\/no\/wp-json\/wp\/v2\/product_brand?post=105251"},{"taxonomy":"product_cat","embeddable":true,"href":"https:\/\/fysiolab.dk\/no\/wp-json\/wp\/v2\/product_cat?post=105251"},{"taxonomy":"product_tag","embeddable":true,"href":"https:\/\/fysiolab.dk\/no\/wp-json\/wp\/v2\/product_tag?post=105251"}],"curies":[{"name":"wp","href":"https:\/\/api.w.org\/{rel}","templated":true}]}}